{"id":927,"date":"2014-08-26T18:42:23","date_gmt":"2014-08-26T16:42:23","guid":{"rendered":"http:\/\/www.gegenwind-wetterau.de\/gww983\/?page_id=927"},"modified":"2016-11-17T20:48:51","modified_gmt":"2016-11-17T18:48:51","slug":"flyer-profitgier","status":"publish","type":"page","link":"https:\/\/www.gegenwind-wetterau.de\/gww983\/index.php\/aktionen\/flyer\/flyer-profitgier\/","title":{"rendered":"Flyer Profitgier"},"content":{"rendered":"<p style=\"text-align: justify;\">Unser aktueller Flyer steht hier zum Download f\u00fcr die Vervielf\u00e4ltigung und Verteilung bereit. Der Flyer selbst hat das Format DIN A4 quer und besteht aus einer Au\u00dfen- und Innenseite. Nach dem beidseitigen Druck wird der Flyer mittig gefaltet und kann verteilt werden. Wer die Vervielf\u00e4ltigung und Verteilung des Flyers in seiner Region, Heimatgemeinde oder einem Ortsteil durchf\u00fchren m\u00f6chte, soll dies gerne tun und wird gebeten dies kurz mit uns <a title=\"Kontakt\" href=\"https:\/\/www.gegenwind-wetterau.de\/gww983\/index.php\/kontakt\/\">abzustimmen<\/a>.<\/p>\n<div id=\"attachment_1431\" style=\"width: 670px\" class=\"wp-caption alignnone\"><a href=\"https:\/\/www.gegenwind-wetterau.de\/gww983\/wp-content\/uploads\/2014\/08\/Teil-1-Flyer-Allgemein-au%C3%9Fen.pdf\" target=\"_blank\" rel=\"https:\/\/www.gegenwind-wetterau.de\/gww983\/wp-content\/uploads\/2014\/08\/Teil-1-Flyer-Allgemein-au%C3%9Fen.pdf\"><img loading=\"lazy\" decoding=\"async\" aria-describedby=\"caption-attachment-1431\" class=\"wp-image-1431 size-full\" src=\"https:\/\/www.gegenwind-wetterau.de\/gww983\/wp-content\/uploads\/2014\/08\/Teil-1-Flyer-Allgemein-au\u00dfen-660.jpg\" alt=\"Teil 1 - Flyer Allgemein - au\u00dfen\" width=\"660\" height=\"466\" srcset=\"https:\/\/www.gegenwind-wetterau.de\/gww983\/wp-content\/uploads\/2014\/08\/Teil-1-Flyer-Allgemein-au\u00dfen-660.jpg 660w, https:\/\/www.gegenwind-wetterau.de\/gww983\/wp-content\/uploads\/2014\/08\/Teil-1-Flyer-Allgemein-au\u00dfen-660-300x211.jpg 300w, https:\/\/www.gegenwind-wetterau.de\/gww983\/wp-content\/uploads\/2014\/08\/Teil-1-Flyer-Allgemein-au\u00dfen-660-600x423.jpg 600w\" sizes=\"auto, (max-width: 660px) 100vw, 660px\" \/><\/a><p id=\"caption-attachment-1431\" class=\"wp-caption-text\">Flyer Au\u00dfenseite<\/p><\/div>\n<p><a title=\"Flyer Profitgier - Au\u00dfenseite \" href=\"https:\/\/www.gegenwind-wetterau.de\/gww983\/wp-content\/uploads\/2014\/08\/Teil-1-Flyer-Allgemein-au\u00dfen.pdf\" target=\"_blank\">Teil 1 &#8211; Flyer Allgemein &#8211; Au\u00dfenseite<\/a><\/p>\n<div id=\"attachment_1432\" style=\"width: 670px\" class=\"wp-caption alignnone\"><a href=\"https:\/\/www.gegenwind-wetterau.de\/gww983\/wp-content\/uploads\/2014\/08\/Teil-2-Flyer-Allgemein-innen.pdf\" target=\"_blank\" rel=\"https:\/\/www.gegenwind-wetterau.de\/gww983\/wp-content\/uploads\/2014\/08\/Teil-2-Flyer-Allgemein-innen.pdf\"><img loading=\"lazy\" decoding=\"async\" aria-describedby=\"caption-attachment-1432\" class=\"wp-image-1432 size-full\" src=\"https:\/\/www.gegenwind-wetterau.de\/gww983\/wp-content\/uploads\/2014\/08\/Teil-2-Flyer-Allgemein-innen-660.jpg\" alt=\"Teil 2 - Flyer Allgemein - innen\" width=\"660\" height=\"466\" srcset=\"https:\/\/www.gegenwind-wetterau.de\/gww983\/wp-content\/uploads\/2014\/08\/Teil-2-Flyer-Allgemein-innen-660.jpg 660w, https:\/\/www.gegenwind-wetterau.de\/gww983\/wp-content\/uploads\/2014\/08\/Teil-2-Flyer-Allgemein-innen-660-300x211.jpg 300w, https:\/\/www.gegenwind-wetterau.de\/gww983\/wp-content\/uploads\/2014\/08\/Teil-2-Flyer-Allgemein-innen-660-600x423.jpg 600w\" sizes=\"auto, (max-width: 660px) 100vw, 660px\" \/><\/a><p id=\"caption-attachment-1432\" class=\"wp-caption-text\">Flyer Innenseite<\/p><\/div>\n<p><a title=\"Flyer Profitgier - Innenseite\" href=\"https:\/\/www.gegenwind-wetterau.de\/gww983\/wp-content\/uploads\/2014\/08\/Teil-2-Flyer-Allgemein-innen.pdf\" target=\"_blank\">Teil 2 &#8211; Flyer Allgemein &#8211; Innenseiten<\/a><\/p>\n<h2 style=\"text-align: justify;\">Aufruf zur Hessen-DEMO &#8220;Rote Karte Tarek Al-Wazir&#8221;<\/h2>\n<p style=\"text-align: justify;\">Mit dieser Variante haben wir die <a title=\"Kommt alle zur Hessen-DEMO\" href=\"https:\/\/www.gegenwind-wetterau.de\/gww983\/index.php\/2014\/09\/19\/hessen-demo-rote-karte-al-wazir\/\">Hessen-DEMO &#8220;Rote Karte Tarek Al-Wazir&#8221;<\/a> in Freiensteinau im Vogelsberg beworben.<\/p>\n<div id=\"attachment_934\" style=\"width: 670px\" class=\"wp-caption alignnone\"><a href=\"https:\/\/www.gegenwind-wetterau.de\/gww983\/wp-content\/uploads\/2014\/08\/Teil-1-Flyer-Profitgier-Vorder-und-R\u00fcckseite.pdf\"><img loading=\"lazy\" decoding=\"async\" aria-describedby=\"caption-attachment-934\" class=\"wp-image-934 size-full\" src=\"https:\/\/www.gegenwind-wetterau.de\/gww983\/wp-content\/uploads\/2014\/08\/Teil-1-Flyer-Profitgier-au\u00dfen-660.jpg\" alt=\"Teil 1 - Flyer Profitgier - au\u00dfen\" width=\"660\" height=\"444\" srcset=\"https:\/\/www.gegenwind-wetterau.de\/gww983\/wp-content\/uploads\/2014\/08\/Teil-1-Flyer-Profitgier-au\u00dfen-660.jpg 660w, https:\/\/www.gegenwind-wetterau.de\/gww983\/wp-content\/uploads\/2014\/08\/Teil-1-Flyer-Profitgier-au\u00dfen-660-300x201.jpg 300w\" sizes=\"auto, (max-width: 660px) 100vw, 660px\" \/><\/a><p id=\"caption-attachment-934\" class=\"wp-caption-text\">Flyer Au\u00dfenseite<\/p><\/div>\n<p><a title=\"Flyer Profitgier - Au\u00dfenseite\" href=\"https:\/\/www.gegenwind-wetterau.de\/gww983\/wp-content\/uploads\/2014\/08\/Teil-1-Flyer-Profitgier-Vorder-und-R\u00fcckseite.pdf\" target=\"_blank\">Teil 1 &#8211; Flyer Profitgier &#8211; Au\u00dfenseite<\/a><\/p>\n<div id=\"attachment_935\" style=\"width: 1121px\" class=\"wp-caption alignnone\"><a href=\"https:\/\/www.gegenwind-wetterau.de\/gww983\/wp-content\/uploads\/2014\/08\/Teil-2-Flyer-Profitgier-Innenseite.pdf\"><img loading=\"lazy\" decoding=\"async\" aria-describedby=\"caption-attachment-935\" class=\"wp-image-935 size-full\" src=\"https:\/\/www.gegenwind-wetterau.de\/gww983\/wp-content\/uploads\/2014\/08\/Teil-1-Flyer-Profitgier-innen.jpg\" alt=\"Teil 1 - Flyer Profitgier - innen\" width=\"1111\" height=\"748\" srcset=\"https:\/\/www.gegenwind-wetterau.de\/gww983\/wp-content\/uploads\/2014\/08\/Teil-1-Flyer-Profitgier-innen.jpg 1111w, https:\/\/www.gegenwind-wetterau.de\/gww983\/wp-content\/uploads\/2014\/08\/Teil-1-Flyer-Profitgier-innen-300x201.jpg 300w, https:\/\/www.gegenwind-wetterau.de\/gww983\/wp-content\/uploads\/2014\/08\/Teil-1-Flyer-Profitgier-innen-1024x689.jpg 1024w\" sizes=\"auto, (max-width: 1111px) 100vw, 1111px\" \/><\/a><p id=\"caption-attachment-935\" class=\"wp-caption-text\">Flyer Innenseite<\/p><\/div>\n<p><a title=\"Flyer Profitgier - Innenseite\" href=\"https:\/\/www.gegenwind-wetterau.de\/gww983\/wp-content\/uploads\/2014\/08\/Teil-2-Flyer-Profitgier-Innenseite.pdf\" target=\"_blank\">Teil 2 &#8211; Flyer Profitgier &#8211; Innenseite<\/a><\/p>\n<div class=\"shariff shariff-align-flex-start shariff-widget-align-flex-start\" data-services=\"facebook\" data-url=\"https%3A%2F%2Fwww.gegenwind-wetterau.de%2Fgww983%2Findex.php%2Faktionen%2Fflyer%2Fflyer-profitgier%2F\" data-timestamp=\"1479415731\" data-hidezero=\"1\" data-backendurl=\"https:\/\/www.gegenwind-wetterau.de\/gww983\/wp-json\/shariff\/v1\/share_counts?\"><div class=\"ShariffHeadline\">Diesen Beitrag teilen<\/div><ul class=\"shariff-buttons theme-color orientation-horizontal buttonsize-small\"><li class=\"shariff-button facebook shariff-nocustomcolor\" style=\"background-color:#4273c8\"><a href=\"https:\/\/www.facebook.com\/sharer\/sharer.php?u=https%3A%2F%2Fwww.gegenwind-wetterau.de%2Fgww983%2Findex.php%2Faktionen%2Fflyer%2Fflyer-profitgier%2F\" title=\"Bei Facebook teilen\" aria-label=\"Bei Facebook teilen\" role=\"button\" rel=\"nofollow\" class=\"shariff-link\" style=\"; background-color:#3b5998; color:#fff\" target=\"_blank\"><span class=\"shariff-icon\" style=\"\"><svg width=\"32px\" height=\"20px\" xmlns=\"http:\/\/www.w3.org\/2000\/svg\" viewBox=\"0 0 18 32\"><path fill=\"#3b5998\" d=\"M17.1 0.2v4.7h-2.8q-1.5 0-2.1 0.6t-0.5 1.9v3.4h5.2l-0.7 5.3h-4.5v13.6h-5.5v-13.6h-4.5v-5.3h4.5v-3.9q0-3.3 1.9-5.2t5-1.8q2.6 0 4.1 0.2z\"\/><\/svg><\/span><span class=\"shariff-text\">teilen<\/span>&nbsp;<span data-service=\"facebook\" style=\"color:#3b5998\" class=\"shariff-count shariff-hidezero\"><\/span>&nbsp;<\/a><\/li><li class=\"shariff-button whatsapp shariff-nocustomcolor\" style=\"background-color:#5cbe4a\"><a href=\"https:\/\/api.whatsapp.com\/send?text=https%3A%2F%2Fwww.gegenwind-wetterau.de%2Fgww983%2Findex.php%2Faktionen%2Fflyer%2Fflyer-profitgier%2F%20Flyer%20Profitgier\" title=\"Bei Whatsapp teilen\" aria-label=\"Bei Whatsapp teilen\" role=\"button\" rel=\"noopener nofollow\" class=\"shariff-link\" style=\"; background-color:#34af23; color:#fff\" target=\"_blank\"><span class=\"shariff-icon\" style=\"\"><svg width=\"32px\" height=\"20px\" xmlns=\"http:\/\/www.w3.org\/2000\/svg\" viewBox=\"0 0 32 32\"><path fill=\"#34af23\" d=\"M17.6 17.4q0.2 0 1.7 0.8t1.6 0.9q0 0.1 0 0.3 0 0.6-0.3 1.4-0.3 0.7-1.3 1.2t-1.8 0.5q-1 0-3.4-1.1-1.7-0.8-3-2.1t-2.6-3.3q-1.3-1.9-1.3-3.5v-0.1q0.1-1.6 1.3-2.8 0.4-0.4 0.9-0.4 0.1 0 0.3 0t0.3 0q0.3 0 0.5 0.1t0.3 0.5q0.1 0.4 0.6 1.6t0.4 1.3q0 0.4-0.6 1t-0.6 0.8q0 0.1 0.1 0.3 0.6 1.3 1.8 2.4 1 0.9 2.7 1.8 0.2 0.1 0.4 0.1 0.3 0 1-0.9t0.9-0.9zM14 26.9q2.3 0 4.3-0.9t3.6-2.4 2.4-3.6 0.9-4.3-0.9-4.3-2.4-3.6-3.6-2.4-4.3-0.9-4.3 0.9-3.6 2.4-2.4 3.6-0.9 4.3q0 3.6 2.1 6.6l-1.4 4.2 4.3-1.4q2.8 1.9 6.2 1.9zM14 2.2q2.7 0 5.2 1.1t4.3 2.9 2.9 4.3 1.1 5.2-1.1 5.2-2.9 4.3-4.3 2.9-5.2 1.1q-3.5 0-6.5-1.7l-7.4 2.4 2.4-7.2q-1.9-3.2-1.9-6.9 0-2.7 1.1-5.2t2.9-4.3 4.3-2.9 5.2-1.1z\"\/><\/svg><\/span><span class=\"shariff-text\">teilen<\/span>&nbsp;<\/a><\/li><li class=\"shariff-button threema shariff-nocustomcolor shariff-mobile\" style=\"background-color:#4fbc24\"><a href=\"threema:\/\/compose?text=Flyer%20Profitgier%20https%3A%2F%2Fwww.gegenwind-wetterau.de%2Fgww983%2Findex.php%2Faktionen%2Fflyer%2Fflyer-profitgier%2F\" title=\"Bei Threema teilen\" aria-label=\"Bei Threema teilen\" role=\"button\" rel=\"noopener nofollow\" class=\"shariff-link\" style=\"; background-color:#1f1f1f; color:#fff\" target=\"_blank\"><span class=\"shariff-icon\" style=\"\"><svg width=\"32px\" height=\"20px\" xmlns=\"http:\/\/www.w3.org\/2000\/svg\" viewBox=\"0 0 32 32\"><path fill=\"#1f1f1f\" d=\"M30.8 10.9c-0.3-1.4-0.9-2.6-1.8-3.8-2-2.6-5.5-4.5-9.4-5.2-1.3-0.2-1.9-0.3-3.5-0.3s-2.2 0-3.5 0.3c-4 0.7-7.4 2.6-9.4 5.2-0.9 1.2-1.5 2.4-1.8 3.8-0.1 0.5-0.2 1.2-0.2 1.6 0 0.4 0.1 1.1 0.2 1.6 0.4 1.9 1.3 3.4 2.9 5 0.8 0.8 0.8 0.8 0.7 1.3 0 0.6-0.5 1.6-1.7 3.6-0.3 0.5-0.5 0.9-0.5 0.9 0 0.1 0.1 0.1 0.5 0 0.8-0.2 2.3-0.6 5.6-1.6 1.1-0.3 1.3-0.4 2.3-0.4 0.8 0 1.1 0 2.3 0.2 1.5 0.2 3.5 0.2 4.9 0 5.1-0.6 9.3-2.9 11.4-6.3 0.5-0.9 0.9-1.8 1.1-2.8 0.1-0.5 0.2-1.1 0.2-1.6 0-0.7-0.1-1.1-0.2-1.6-0.3-1.4 0.1 0.5 0 0zM20.6 17.3c0 0.4-0.4 0.8-0.8 0.8h-7.7c-0.4 0-0.8-0.4-0.8-0.8v-4.6c0-0.4 0.4-0.8 0.8-0.8h0.2l0-1.6c0-0.9 0-1.8 0.1-2 0.1-0.6 0.6-1.2 1.1-1.7s1.1-0.7 1.9-0.8c1.8-0.3 3.7 0.7 4.2 2.2 0.1 0.3 0.1 0.7 0.1 2.1v0 1.7h0.1c0.4 0 0.8 0.4 0.8 0.8v4.6zM15.6 7.3c-0.5 0.1-0.8 0.3-1.2 0.6s-0.6 0.8-0.7 1.3c0 0.2 0 0.8 0 1.5l0 1.2h4.6v-1.3c0-1 0-1.4-0.1-1.6-0.3-1.1-1.5-1.9-2.6-1.7zM25.8 28.2c0 1.2-1 2.2-2.1 2.2s-2.1-1-2.1-2.1c0-1.2 1-2.1 2.2-2.1s2.2 1 2.2 2.2zM18.1 28.2c0 1.2-1 2.2-2.1 2.2s-2.1-1-2.1-2.1c0-1.2 1-2.1 2.2-2.1s2.2 1 2.2 2.2zM10.4 28.2c0 1.2-1 2.2-2.1 2.2s-2.1-1-2.1-2.1c0-1.2 1-2.1 2.2-2.1s2.2 1 2.2 2.2z\"\/><\/svg><\/span><span class=\"shariff-text\">teilen<\/span>&nbsp;<\/a><\/li><\/ul><\/div>","protected":false},"excerpt":{"rendered":"<p>Unser aktueller Flyer steht hier zum Download f\u00fcr die Vervielf\u00e4ltigung und Verteilung bereit. Der Flyer selbst hat das Format DIN A4 quer und besteht aus einer Au\u00dfen- und Innenseite. Nach dem beidseitigen Druck wird der Flyer mittig gefaltet und kann &hellip; <a href=\"https:\/\/www.gegenwind-wetterau.de\/gww983\/index.php\/aktionen\/flyer\/flyer-profitgier\/\">Weiterlesen <span class=\"meta-nav\">&rarr;<\/span><\/a><\/p>\n<div class=\"shariff shariff-align-flex-start shariff-widget-align-flex-start\" data-services=\"facebook\" data-url=\"https%3A%2F%2Fwww.gegenwind-wetterau.de%2Fgww983%2Findex.php%2Faktionen%2Fflyer%2Fflyer-profitgier%2F\" data-timestamp=\"1479415731\" data-hidezero=\"1\" data-backendurl=\"https:\/\/www.gegenwind-wetterau.de\/gww983\/wp-json\/shariff\/v1\/share_counts?\"><div class=\"ShariffHeadline\">Diesen Beitrag teilen<\/div><ul class=\"shariff-buttons theme-color orientation-horizontal buttonsize-small\"><li class=\"shariff-button facebook shariff-nocustomcolor\" style=\"background-color:#4273c8\"><a href=\"https:\/\/www.facebook.com\/sharer\/sharer.php?u=https%3A%2F%2Fwww.gegenwind-wetterau.de%2Fgww983%2Findex.php%2Faktionen%2Fflyer%2Fflyer-profitgier%2F\" title=\"Bei Facebook teilen\" aria-label=\"Bei Facebook teilen\" role=\"button\" rel=\"nofollow\" class=\"shariff-link\" style=\"; background-color:#3b5998; color:#fff\" target=\"_blank\"><span class=\"shariff-icon\" style=\"\"><svg width=\"32px\" height=\"20px\" xmlns=\"http:\/\/www.w3.org\/2000\/svg\" viewBox=\"0 0 18 32\"><path fill=\"#3b5998\" d=\"M17.1 0.2v4.7h-2.8q-1.5 0-2.1 0.6t-0.5 1.9v3.4h5.2l-0.7 5.3h-4.5v13.6h-5.5v-13.6h-4.5v-5.3h4.5v-3.9q0-3.3 1.9-5.2t5-1.8q2.6 0 4.1 0.2z\"\/><\/svg><\/span><span class=\"shariff-text\">teilen<\/span>&nbsp;<span data-service=\"facebook\" style=\"color:#3b5998\" class=\"shariff-count shariff-hidezero\"><\/span>&nbsp;<\/a><\/li><li class=\"shariff-button whatsapp shariff-nocustomcolor\" style=\"background-color:#5cbe4a\"><a href=\"https:\/\/api.whatsapp.com\/send?text=https%3A%2F%2Fwww.gegenwind-wetterau.de%2Fgww983%2Findex.php%2Faktionen%2Fflyer%2Fflyer-profitgier%2F%20Flyer%20Profitgier\" title=\"Bei Whatsapp teilen\" aria-label=\"Bei Whatsapp teilen\" role=\"button\" rel=\"noopener nofollow\" class=\"shariff-link\" style=\"; background-color:#34af23; color:#fff\" target=\"_blank\"><span class=\"shariff-icon\" style=\"\"><svg width=\"32px\" height=\"20px\" xmlns=\"http:\/\/www.w3.org\/2000\/svg\" viewBox=\"0 0 32 32\"><path fill=\"#34af23\" d=\"M17.6 17.4q0.2 0 1.7 0.8t1.6 0.9q0 0.1 0 0.3 0 0.6-0.3 1.4-0.3 0.7-1.3 1.2t-1.8 0.5q-1 0-3.4-1.1-1.7-0.8-3-2.1t-2.6-3.3q-1.3-1.9-1.3-3.5v-0.1q0.1-1.6 1.3-2.8 0.4-0.4 0.9-0.4 0.1 0 0.3 0t0.3 0q0.3 0 0.5 0.1t0.3 0.5q0.1 0.4 0.6 1.6t0.4 1.3q0 0.4-0.6 1t-0.6 0.8q0 0.1 0.1 0.3 0.6 1.3 1.8 2.4 1 0.9 2.7 1.8 0.2 0.1 0.4 0.1 0.3 0 1-0.9t0.9-0.9zM14 26.9q2.3 0 4.3-0.9t3.6-2.4 2.4-3.6 0.9-4.3-0.9-4.3-2.4-3.6-3.6-2.4-4.3-0.9-4.3 0.9-3.6 2.4-2.4 3.6-0.9 4.3q0 3.6 2.1 6.6l-1.4 4.2 4.3-1.4q2.8 1.9 6.2 1.9zM14 2.2q2.7 0 5.2 1.1t4.3 2.9 2.9 4.3 1.1 5.2-1.1 5.2-2.9 4.3-4.3 2.9-5.2 1.1q-3.5 0-6.5-1.7l-7.4 2.4 2.4-7.2q-1.9-3.2-1.9-6.9 0-2.7 1.1-5.2t2.9-4.3 4.3-2.9 5.2-1.1z\"\/><\/svg><\/span><span class=\"shariff-text\">teilen<\/span>&nbsp;<\/a><\/li><li class=\"shariff-button threema shariff-nocustomcolor shariff-mobile\" style=\"background-color:#4fbc24\"><a href=\"threema:\/\/compose?text=Flyer%20Profitgier%20https%3A%2F%2Fwww.gegenwind-wetterau.de%2Fgww983%2Findex.php%2Faktionen%2Fflyer%2Fflyer-profitgier%2F\" title=\"Bei Threema teilen\" aria-label=\"Bei Threema teilen\" role=\"button\" rel=\"noopener nofollow\" class=\"shariff-link\" style=\"; background-color:#1f1f1f; color:#fff\" target=\"_blank\"><span class=\"shariff-icon\" style=\"\"><svg width=\"32px\" height=\"20px\" xmlns=\"http:\/\/www.w3.org\/2000\/svg\" viewBox=\"0 0 32 32\"><path fill=\"#1f1f1f\" d=\"M30.8 10.9c-0.3-1.4-0.9-2.6-1.8-3.8-2-2.6-5.5-4.5-9.4-5.2-1.3-0.2-1.9-0.3-3.5-0.3s-2.2 0-3.5 0.3c-4 0.7-7.4 2.6-9.4 5.2-0.9 1.2-1.5 2.4-1.8 3.8-0.1 0.5-0.2 1.2-0.2 1.6 0 0.4 0.1 1.1 0.2 1.6 0.4 1.9 1.3 3.4 2.9 5 0.8 0.8 0.8 0.8 0.7 1.3 0 0.6-0.5 1.6-1.7 3.6-0.3 0.5-0.5 0.9-0.5 0.9 0 0.1 0.1 0.1 0.5 0 0.8-0.2 2.3-0.6 5.6-1.6 1.1-0.3 1.3-0.4 2.3-0.4 0.8 0 1.1 0 2.3 0.2 1.5 0.2 3.5 0.2 4.9 0 5.1-0.6 9.3-2.9 11.4-6.3 0.5-0.9 0.9-1.8 1.1-2.8 0.1-0.5 0.2-1.1 0.2-1.6 0-0.7-0.1-1.1-0.2-1.6-0.3-1.4 0.1 0.5 0 0zM20.6 17.3c0 0.4-0.4 0.8-0.8 0.8h-7.7c-0.4 0-0.8-0.4-0.8-0.8v-4.6c0-0.4 0.4-0.8 0.8-0.8h0.2l0-1.6c0-0.9 0-1.8 0.1-2 0.1-0.6 0.6-1.2 1.1-1.7s1.1-0.7 1.9-0.8c1.8-0.3 3.7 0.7 4.2 2.2 0.1 0.3 0.1 0.7 0.1 2.1v0 1.7h0.1c0.4 0 0.8 0.4 0.8 0.8v4.6zM15.6 7.3c-0.5 0.1-0.8 0.3-1.2 0.6s-0.6 0.8-0.7 1.3c0 0.2 0 0.8 0 1.5l0 1.2h4.6v-1.3c0-1 0-1.4-0.1-1.6-0.3-1.1-1.5-1.9-2.6-1.7zM25.8 28.2c0 1.2-1 2.2-2.1 2.2s-2.1-1-2.1-2.1c0-1.2 1-2.1 2.2-2.1s2.2 1 2.2 2.2zM18.1 28.2c0 1.2-1 2.2-2.1 2.2s-2.1-1-2.1-2.1c0-1.2 1-2.1 2.2-2.1s2.2 1 2.2 2.2zM10.4 28.2c0 1.2-1 2.2-2.1 2.2s-2.1-1-2.1-2.1c0-1.2 1-2.1 2.2-2.1s2.2 1 2.2 2.2z\"\/><\/svg><\/span><span class=\"shariff-text\">teilen<\/span>&nbsp;<\/a><\/li><\/ul><\/div>","protected":false},"author":2,"featured_media":0,"parent":1057,"menu_order":93,"comment_status":"closed","ping_status":"closed","template":"","meta":{"footnotes":""},"class_list":["post-927","page","type-page","status-publish","hentry"],"_links":{"self":[{"href":"https:\/\/www.gegenwind-wetterau.de\/gww983\/index.php\/wp-json\/wp\/v2\/pages\/927","targetHints":{"allow":["GET"]}}],"collection":[{"href":"https:\/\/www.gegenwind-wetterau.de\/gww983\/index.php\/wp-json\/wp\/v2\/pages"}],"about":[{"href":"https:\/\/www.gegenwind-wetterau.de\/gww983\/index.php\/wp-json\/wp\/v2\/types\/page"}],"author":[{"embeddable":true,"href":"https:\/\/www.gegenwind-wetterau.de\/gww983\/index.php\/wp-json\/wp\/v2\/users\/2"}],"replies":[{"embeddable":true,"href":"https:\/\/www.gegenwind-wetterau.de\/gww983\/index.php\/wp-json\/wp\/v2\/comments?post=927"}],"version-history":[{"count":15,"href":"https:\/\/www.gegenwind-wetterau.de\/gww983\/index.php\/wp-json\/wp\/v2\/pages\/927\/revisions"}],"predecessor-version":[{"id":1440,"href":"https:\/\/www.gegenwind-wetterau.de\/gww983\/index.php\/wp-json\/wp\/v2\/pages\/927\/revisions\/1440"}],"up":[{"embeddable":true,"href":"https:\/\/www.gegenwind-wetterau.de\/gww983\/index.php\/wp-json\/wp\/v2\/pages\/1057"}],"wp:attachment":[{"href":"https:\/\/www.gegenwind-wetterau.de\/gww983\/index.php\/wp-json\/wp\/v2\/media?parent=927"}],"curies":[{"name":"wp","href":"https:\/\/api.w.org\/{rel}","templated":true}]}}