{"id":637,"date":"2014-07-20T20:01:41","date_gmt":"2014-07-20T18:01:41","guid":{"rendered":"http:\/\/www.gegenwind-wetterau.de\/gww983\/?page_id=637"},"modified":"2014-10-22T22:48:43","modified_gmt":"2014-10-22T20:48:43","slug":"argumentation","status":"publish","type":"page","link":"https:\/\/www.gegenwind-wetterau.de\/gww983\/index.php\/ziele\/argumentation\/","title":{"rendered":"Argumentation"},"content":{"rendered":"<p style=\"text-align: justify;\">Bei den von uns gef\u00fchrten Gespr\u00e4chen und Diskussion mit Windkraftbef\u00fcrwortern fallen oft Aussagen, die den Charakter von <em>Phrasen<\/em> haben und eine sachliche Diskussion unterbrechen sollen. Es wird offensichtlich gezielt versucht, von einer sachlichen Diskussion abzulenken, was zeigt, dass die Gegenseite keine echten Argumente in die Diskussion einbringen kann und will. Man erh\u00e4lt in solchen Situation recht schnell den Eindruck, dass es mehr um eine <em>Ideologie<\/em> als um einen gemeinsamen Prozess geht, in dem eine vertr\u00e4gliche L\u00f6sung im Vordergrund steht. Zudem werden von den Windkraftbef\u00fcrwortern Begriffe verwendet, die bestimmte Qualit\u00e4ten und Eigenschaften suggerieren sollen, die jedoch faktisch gar nicht gegeben sind.<br \/>\nWelche <em>Phrasen<\/em> und welche <em>suggestiven Begriffe<\/em> sind uns in den Gespr\u00e4chen mit Windkraftbef\u00fcrwortern begegnet und wie geht man damit um?<\/p>\n<h2 style=\"text-align: justify;\">Phrasen<\/h2>\n<blockquote><p><strong>Windkraftgegener sind Atom- und Kohlestrombef\u00fcrworter!<\/strong><\/p><\/blockquote>\n<ul>\n<li style=\"text-align: justify;\">Es macht daher Sinn, zu Beginn einer Diskussion (z.B. in der Vorstellungsrunde) ganz klar darauf zu verweisen, das wir keine Atom- und Kohlestrombef\u00fcrworter sind. Wir sind Windkraftgegner aufgrund der vielen Argumente die derzeit ganz klar gegen den Weiterausbau dieser Technologie sprechen. Wir w\u00fcnschen uns eine funktionierende und sozialvertr\u00e4gliche Energiewende. Das ist derzeit nicht gegeben!<\/li>\n<\/ul>\n<blockquote><p><strong>Sollen doch die Windkraftgegner Alternativen nennen mit denen die Stromerzeugung zuk\u00fcnftig funktionieren kann!<\/strong><\/p><\/blockquote>\n<ul>\n<li style=\"text-align: justify;\">Auch wenn die Zahl der Windkraftgegner t\u00e4glich w\u00e4chst, so verf\u00fcgen wir nicht \u00fcber dreistellige Milliardenbetr\u00e4ge und Institutionen, die wir mit der Forschung an alternativen Technologien beauftragen k\u00f6nnten. Das ist ganz klar die Aufgabe der Bundesregierung, die von uns nicht unerhebliche Steuergelder einzieht. Anstatt unsere Steuereinnahmen sinnvoll f\u00fcr Forschungszwecke einzusetzen werden derzeit Milliardenbetr\u00e4ge (derzeit 22 Milliarden pro Jahr) \u00fcber Jahrzehnte hinweg in Subventionen f\u00fcr der Windkraft gebunden. Daher stehen diese Gelder \u00fcber Jahrzehnte hinweg auch nicht mehr f\u00fcr Forschungszwecke in wirkliche Alternativen zur Verf\u00fcgung.<\/li>\n<li style=\"text-align: justify;\">Eine zu Recht kritisierte, nicht funktionierende Energiewende kann nicht als Vorwurf an die Kritiker zur\u00fcck gegeben werden, zumal selbst die Bundesregierung keine Pl\u00e4ne f\u00fcr die Forschung in Alternativen aufzeigt.<\/li>\n<\/ul>\n<blockquote><p><strong>Wir m\u00fcssen vom schmutzigen Atomstrom weg!<\/strong><\/p>\n<p><strong>Wollt ihr ein zweites Fukushima hier in Deutschland?!<\/strong><\/p>\n<p><strong>Wir m\u00fcssen auch an die Leute in der N\u00e4he von Atomkraftwerken denken!<\/strong><\/p><\/blockquote>\n<ul>\n<li style=\"text-align: justify;\"><strong>Der Atomausstieg wurde bereits am 30. Juni 2011 durch die Bundesregierung bis zum Jahr 2022 beschlossen<\/strong>. Von den ehemals 17 in Deutschland aktiven Atomkraftwerken wurden bereits bis heute acht vom Netz genommen. Die verbleibenden neun Atomkraftwerke sollen in nachstehenden Reihenfolge vom Netz genommen werden:<br \/>\n2015<br \/>\n\u2013 Grafenrheinfeld (Bayern)<br \/>\n2017<br \/>\n\u2013 Gundremmingen B (Bayern)<br \/>\n2019<br \/>\n\u2013 Philippsburg II (Baden-W\u00fcrttemberg)<br \/>\n2021<br \/>\n\u2013 Brokdorf (Schleswig-Holstein)<br \/>\n\u2013 Grohnde (Niedersachsen)<br \/>\n\u2013 Gundremmingen C (Bayern)<br \/>\n2022<br \/>\n\u2013 Emsland (Niedersachsen)<br \/>\n\u2013 Neckarwestheim II (Baden-W\u00fcrttemberg)<br \/>\n\u2013 Isar 2 (Bayern)<\/li>\n<li style=\"text-align: justify;\">Somit wird das letzte Atomkraftwerk in Deutschland im Jahr 2022 vom Netz gehen. Es handelt sich um zwei ganz verschiedene Themen, die hier immer wieder gerne von der Gegenseite vermischt werden: Atomkraftausstieg und weiterer massiver Ausbau der Windkraft mit allen negativen Folgen f\u00fcr Menschen, Umwelt, \u00d6konomie und Versorgungssicherheit unseres Landes mit Strom.<\/li>\n<\/ul>\n<blockquote><p><strong>Wenn der Mindestabstand auf 2 Km erh\u00f6ht wird, kommt das einer <span style=\"color: #ff0000;\">Verhinderungspolitik<\/span> gleich!<\/strong><\/p><\/blockquote>\n<ul>\n<li style=\"text-align: justify;\">Wenn aufgrund begr\u00fcndeter Gesundheitsgefahren f\u00fcr die angrenzende Bev\u00f6lkerung ein Abstand von 2 Km zu den industriellen Windkraftanlagen erforderlich wird, ist es grob fahrl\u00e4ssig dies als Verhinderungspolitik darzustellen. Vielmehr betreibt die Gegenseite mit dem Ignorieren gesundheitlicher Aspekte eine <strong><span style=\"color: #ff0000;\">Gef\u00e4hrdungspolitik<\/span><\/strong>. Das sollte man dann auch klar zum Ausdruck bringen!<\/li>\n<\/ul>\n<h2 style=\"text-align: justify;\">Suggestive Begriffe<\/h2>\n<p style=\"text-align: justify;\">Am besten man verwendet\u00a0 rigoros die passenden Begriffe und sortiert die suggestiven Varianten aus seinem Sprachgebrauch aus.<\/p>\n<blockquote>\n<h3><strong><span style=\"color: #ff0000;\">Schwachwindanlage<\/span> (suggestiv)<\/strong><\/h3>\n<p><strong>passend: <span style=\"color: #0000ff;\">Windkraftanlage mit gegl\u00e4tteten Stromspitzen<\/span><\/strong><\/p><\/blockquote>\n<ul>\n<li>Hier vermutet man, dass eine Schwachwindanlage in Schwachwindgebieten, wie z.B. der Wetterau, besser und mehr Strom produzieren kann. Das ist nat\u00fcrlich kompletter Unsinn, weshalb auch schon der Name <em>&#8220;Schwachsinnsanlage&#8221;<\/em> f\u00fcr eine Schwachwindanlage Verwendung gefunden hat. Eine Schwachwindanlage soll aufgrund l\u00e4ngerer Fl\u00fcgel und Verwendung eines leistungsschw\u00e4cheren Generators, bei starkem Wind geringere Stromspitzen produzieren, um so das Stromnetz bei Wind weniger zu belasten. Letztendlich gilt das f\u00fcr eine Schwachwindanlage nur an 48 Tagen. An den restlichen 317 Tagen unterscheidet sich eine Schwachwindanlage nicht von einer herk\u00f6mmlichen Windkraftanlage (k\u00fcrzere Fl\u00fcgel bei leistungsst\u00e4rkerem Generator). Eine sehr detaillierte Darstellung des beschriebenen Sachverhaltes ist unter &#8220;<a title=\"Sinn und Unsinn einer Schwachwindanlage\" href=\"http:\/\/www.vernunftkraft.de\/schwachwindanlagen\/\" target=\"_blank\">Sinn und Unsinn einer Schwachwindanlage<\/a>&#8221; bei <a title=\"Vernunftkraft\" href=\"http:\/\/www.vernunftkraft.de\/\" target=\"_blank\">Vernunftkraft<\/a> hinterlegt.<\/li>\n<\/ul>\n<blockquote>\n<h3><strong><span style=\"color: #ff0000;\">Windatlas<\/span> (suggestiv)<\/strong><\/h3>\n<p><strong>passend: <span style=\"color: #0000ff;\">Windpotentialkarte <\/span><\/strong><br \/>\nmit zugeh\u00f6rigen, dutzenden Seiten umfassenden Anh\u00e4ngen hinsichtlich der Ungenauigkeiten, Einschr\u00e4nkungen und Fehlerwahrscheinlichkeiten.<\/p><\/blockquote>\n<ul>\n<li>Der Begriff <strong>Atlas<\/strong> vermittelt den Eindruck von h\u00f6chster Pr\u00e4zision. Sind doch in einem Atlas alle Angaben sekundengenau auf L\u00e4ngen und Breitengrad erfasst und hinterlegt. Dies ist hier aber in keinster Weise der Fall. Vielmehr sind sehr vage Prognosen ausgehend von sehr wenigen Messpunkten, f\u00fcr riesige Landschaftsbereiche bis hin zu ganzen Bundesl\u00e4ndern bez\u00fcglich der vermuteten Windgeschwindigkeiten in bestimmten H\u00f6hen gemacht worden.<\/li>\n<\/ul>\n<blockquote>\n<h3><strong><span style=\"color: #ff0000;\">Windpark<\/span> (suggestiv)<\/strong><\/h3>\n<p><strong>passend: <span style=\"color: #0000ff;\">Offenes Industriegebiet<\/span><\/strong><br \/>\nmit all seinen Gef\u00e4hrdungspotentialen f\u00fcr die in seiner N\u00e4he befindliche Bev\u00f6lkerung, die umgebenden Natur und deren Lebewesen.<\/p><\/blockquote>\n<ul>\n<li>Das Wort <strong>Park<\/strong> suggeriert eine von Menschenhand, nach den Regeln der Gartenkunst angelegte gr\u00f6\u00dfere Gr\u00fcnfl\u00e4che, die der Versch\u00f6nerung und Erholung dient. Eine Ansammlung von industriellen Windkraftanlagen ist weder nach den Gesichtspunkten der Gartenkunst, noch zur Versch\u00f6nerung der Landschaft und schon gar nicht zur Erholung der Menschen angelegt worden! Es handelt sich ganz klar um ein Industriegebiet mit all seinen negativen Einfl\u00fcssen auf Mensch, Natur und die darin enthaltenen Lebewesen.<\/li>\n<\/ul>\n<blockquote>\n<h3><strong><span style=\"color: #ff0000;\">Windrad<\/span> (suggestiv)<\/strong><\/h3>\n<p><strong>passend: <span style=\"color: #0000ff;\">industrielle Windkraftanlage<\/span><\/strong><br \/>\nmit allen negativen Einfl\u00fcssen auf die direkten Anwohner, die umgebende Natur und der darin enthaltenen Lebewesen.<\/p><\/blockquote>\n<ul>\n<li>Bei einem Windrad denkt man unwillk\u00fcrlich an ein kleines, niedliches <strong>Kinderspielzeug<\/strong> aus fr\u00fcheren Tagen. Das hiermit eine 200 m hohe industrielle Windkraftanlage mit massiven Emissionen und Gefahrenpotentialen gemeint sein soll, wird nicht deutlich.<\/li>\n<\/ul>\n<div class=\"shariff shariff-align-flex-start shariff-widget-align-flex-start\" data-services=\"facebook\" data-url=\"https%3A%2F%2Fwww.gegenwind-wetterau.de%2Fgww983%2Findex.php%2Fziele%2Fargumentation%2F\" data-timestamp=\"1414018123\" data-hidezero=\"1\" data-backendurl=\"https:\/\/www.gegenwind-wetterau.de\/gww983\/wp-json\/shariff\/v1\/share_counts?\"><div class=\"ShariffHeadline\">Diesen Beitrag teilen<\/div><ul class=\"shariff-buttons theme-color orientation-horizontal buttonsize-small\"><li class=\"shariff-button facebook shariff-nocustomcolor\" style=\"background-color:#4273c8\"><a href=\"https:\/\/www.facebook.com\/sharer\/sharer.php?u=https%3A%2F%2Fwww.gegenwind-wetterau.de%2Fgww983%2Findex.php%2Fziele%2Fargumentation%2F\" title=\"Bei Facebook teilen\" aria-label=\"Bei Facebook teilen\" role=\"button\" rel=\"nofollow\" class=\"shariff-link\" style=\"; background-color:#3b5998; color:#fff\" target=\"_blank\"><span class=\"shariff-icon\" style=\"\"><svg width=\"32px\" height=\"20px\" xmlns=\"http:\/\/www.w3.org\/2000\/svg\" viewBox=\"0 0 18 32\"><path fill=\"#3b5998\" d=\"M17.1 0.2v4.7h-2.8q-1.5 0-2.1 0.6t-0.5 1.9v3.4h5.2l-0.7 5.3h-4.5v13.6h-5.5v-13.6h-4.5v-5.3h4.5v-3.9q0-3.3 1.9-5.2t5-1.8q2.6 0 4.1 0.2z\"\/><\/svg><\/span><span class=\"shariff-text\">teilen<\/span>&nbsp;<span data-service=\"facebook\" style=\"color:#3b5998\" class=\"shariff-count shariff-hidezero\"><\/span>&nbsp;<\/a><\/li><li class=\"shariff-button whatsapp shariff-nocustomcolor\" style=\"background-color:#5cbe4a\"><a href=\"https:\/\/api.whatsapp.com\/send?text=https%3A%2F%2Fwww.gegenwind-wetterau.de%2Fgww983%2Findex.php%2Fziele%2Fargumentation%2F%20Argumentation\" title=\"Bei Whatsapp teilen\" aria-label=\"Bei Whatsapp teilen\" role=\"button\" rel=\"noopener nofollow\" class=\"shariff-link\" style=\"; background-color:#34af23; color:#fff\" target=\"_blank\"><span class=\"shariff-icon\" style=\"\"><svg width=\"32px\" height=\"20px\" xmlns=\"http:\/\/www.w3.org\/2000\/svg\" viewBox=\"0 0 32 32\"><path fill=\"#34af23\" d=\"M17.6 17.4q0.2 0 1.7 0.8t1.6 0.9q0 0.1 0 0.3 0 0.6-0.3 1.4-0.3 0.7-1.3 1.2t-1.8 0.5q-1 0-3.4-1.1-1.7-0.8-3-2.1t-2.6-3.3q-1.3-1.9-1.3-3.5v-0.1q0.1-1.6 1.3-2.8 0.4-0.4 0.9-0.4 0.1 0 0.3 0t0.3 0q0.3 0 0.5 0.1t0.3 0.5q0.1 0.4 0.6 1.6t0.4 1.3q0 0.4-0.6 1t-0.6 0.8q0 0.1 0.1 0.3 0.6 1.3 1.8 2.4 1 0.9 2.7 1.8 0.2 0.1 0.4 0.1 0.3 0 1-0.9t0.9-0.9zM14 26.9q2.3 0 4.3-0.9t3.6-2.4 2.4-3.6 0.9-4.3-0.9-4.3-2.4-3.6-3.6-2.4-4.3-0.9-4.3 0.9-3.6 2.4-2.4 3.6-0.9 4.3q0 3.6 2.1 6.6l-1.4 4.2 4.3-1.4q2.8 1.9 6.2 1.9zM14 2.2q2.7 0 5.2 1.1t4.3 2.9 2.9 4.3 1.1 5.2-1.1 5.2-2.9 4.3-4.3 2.9-5.2 1.1q-3.5 0-6.5-1.7l-7.4 2.4 2.4-7.2q-1.9-3.2-1.9-6.9 0-2.7 1.1-5.2t2.9-4.3 4.3-2.9 5.2-1.1z\"\/><\/svg><\/span><span class=\"shariff-text\">teilen<\/span>&nbsp;<\/a><\/li><li class=\"shariff-button threema shariff-nocustomcolor shariff-mobile\" style=\"background-color:#4fbc24\"><a href=\"threema:\/\/compose?text=Argumentation%20https%3A%2F%2Fwww.gegenwind-wetterau.de%2Fgww983%2Findex.php%2Fziele%2Fargumentation%2F\" title=\"Bei Threema teilen\" aria-label=\"Bei Threema teilen\" role=\"button\" rel=\"noopener nofollow\" class=\"shariff-link\" style=\"; background-color:#1f1f1f; color:#fff\" target=\"_blank\"><span class=\"shariff-icon\" style=\"\"><svg width=\"32px\" height=\"20px\" xmlns=\"http:\/\/www.w3.org\/2000\/svg\" viewBox=\"0 0 32 32\"><path fill=\"#1f1f1f\" d=\"M30.8 10.9c-0.3-1.4-0.9-2.6-1.8-3.8-2-2.6-5.5-4.5-9.4-5.2-1.3-0.2-1.9-0.3-3.5-0.3s-2.2 0-3.5 0.3c-4 0.7-7.4 2.6-9.4 5.2-0.9 1.2-1.5 2.4-1.8 3.8-0.1 0.5-0.2 1.2-0.2 1.6 0 0.4 0.1 1.1 0.2 1.6 0.4 1.9 1.3 3.4 2.9 5 0.8 0.8 0.8 0.8 0.7 1.3 0 0.6-0.5 1.6-1.7 3.6-0.3 0.5-0.5 0.9-0.5 0.9 0 0.1 0.1 0.1 0.5 0 0.8-0.2 2.3-0.6 5.6-1.6 1.1-0.3 1.3-0.4 2.3-0.4 0.8 0 1.1 0 2.3 0.2 1.5 0.2 3.5 0.2 4.9 0 5.1-0.6 9.3-2.9 11.4-6.3 0.5-0.9 0.9-1.8 1.1-2.8 0.1-0.5 0.2-1.1 0.2-1.6 0-0.7-0.1-1.1-0.2-1.6-0.3-1.4 0.1 0.5 0 0zM20.6 17.3c0 0.4-0.4 0.8-0.8 0.8h-7.7c-0.4 0-0.8-0.4-0.8-0.8v-4.6c0-0.4 0.4-0.8 0.8-0.8h0.2l0-1.6c0-0.9 0-1.8 0.1-2 0.1-0.6 0.6-1.2 1.1-1.7s1.1-0.7 1.9-0.8c1.8-0.3 3.7 0.7 4.2 2.2 0.1 0.3 0.1 0.7 0.1 2.1v0 1.7h0.1c0.4 0 0.8 0.4 0.8 0.8v4.6zM15.6 7.3c-0.5 0.1-0.8 0.3-1.2 0.6s-0.6 0.8-0.7 1.3c0 0.2 0 0.8 0 1.5l0 1.2h4.6v-1.3c0-1 0-1.4-0.1-1.6-0.3-1.1-1.5-1.9-2.6-1.7zM25.8 28.2c0 1.2-1 2.2-2.1 2.2s-2.1-1-2.1-2.1c0-1.2 1-2.1 2.2-2.1s2.2 1 2.2 2.2zM18.1 28.2c0 1.2-1 2.2-2.1 2.2s-2.1-1-2.1-2.1c0-1.2 1-2.1 2.2-2.1s2.2 1 2.2 2.2zM10.4 28.2c0 1.2-1 2.2-2.1 2.2s-2.1-1-2.1-2.1c0-1.2 1-2.1 2.2-2.1s2.2 1 2.2 2.2z\"\/><\/svg><\/span><span class=\"shariff-text\">teilen<\/span>&nbsp;<\/a><\/li><\/ul><\/div>","protected":false},"excerpt":{"rendered":"<p>Bei den von uns gef\u00fchrten Gespr\u00e4chen und Diskussion mit Windkraftbef\u00fcrwortern fallen oft Aussagen, die den Charakter von Phrasen haben und eine sachliche Diskussion unterbrechen sollen. Es wird offensichtlich gezielt versucht, von einer sachlichen Diskussion abzulenken, was zeigt, dass die Gegenseite &hellip; <a href=\"https:\/\/www.gegenwind-wetterau.de\/gww983\/index.php\/ziele\/argumentation\/\">Weiterlesen <span class=\"meta-nav\">&rarr;<\/span><\/a><\/p>\n<div class=\"shariff shariff-align-flex-start shariff-widget-align-flex-start\" data-services=\"facebook\" data-url=\"https%3A%2F%2Fwww.gegenwind-wetterau.de%2Fgww983%2Findex.php%2Fziele%2Fargumentation%2F\" data-timestamp=\"1414018123\" data-hidezero=\"1\" data-backendurl=\"https:\/\/www.gegenwind-wetterau.de\/gww983\/wp-json\/shariff\/v1\/share_counts?\"><div class=\"ShariffHeadline\">Diesen Beitrag teilen<\/div><ul class=\"shariff-buttons theme-color orientation-horizontal buttonsize-small\"><li class=\"shariff-button facebook shariff-nocustomcolor\" style=\"background-color:#4273c8\"><a href=\"https:\/\/www.facebook.com\/sharer\/sharer.php?u=https%3A%2F%2Fwww.gegenwind-wetterau.de%2Fgww983%2Findex.php%2Fziele%2Fargumentation%2F\" title=\"Bei Facebook teilen\" aria-label=\"Bei Facebook teilen\" role=\"button\" rel=\"nofollow\" class=\"shariff-link\" style=\"; background-color:#3b5998; color:#fff\" target=\"_blank\"><span class=\"shariff-icon\" style=\"\"><svg width=\"32px\" height=\"20px\" xmlns=\"http:\/\/www.w3.org\/2000\/svg\" viewBox=\"0 0 18 32\"><path fill=\"#3b5998\" d=\"M17.1 0.2v4.7h-2.8q-1.5 0-2.1 0.6t-0.5 1.9v3.4h5.2l-0.7 5.3h-4.5v13.6h-5.5v-13.6h-4.5v-5.3h4.5v-3.9q0-3.3 1.9-5.2t5-1.8q2.6 0 4.1 0.2z\"\/><\/svg><\/span><span class=\"shariff-text\">teilen<\/span>&nbsp;<span data-service=\"facebook\" style=\"color:#3b5998\" class=\"shariff-count shariff-hidezero\"><\/span>&nbsp;<\/a><\/li><li class=\"shariff-button whatsapp shariff-nocustomcolor\" style=\"background-color:#5cbe4a\"><a href=\"https:\/\/api.whatsapp.com\/send?text=https%3A%2F%2Fwww.gegenwind-wetterau.de%2Fgww983%2Findex.php%2Fziele%2Fargumentation%2F%20Argumentation\" title=\"Bei Whatsapp teilen\" aria-label=\"Bei Whatsapp teilen\" role=\"button\" rel=\"noopener nofollow\" class=\"shariff-link\" style=\"; background-color:#34af23; color:#fff\" target=\"_blank\"><span class=\"shariff-icon\" style=\"\"><svg width=\"32px\" height=\"20px\" xmlns=\"http:\/\/www.w3.org\/2000\/svg\" viewBox=\"0 0 32 32\"><path fill=\"#34af23\" d=\"M17.6 17.4q0.2 0 1.7 0.8t1.6 0.9q0 0.1 0 0.3 0 0.6-0.3 1.4-0.3 0.7-1.3 1.2t-1.8 0.5q-1 0-3.4-1.1-1.7-0.8-3-2.1t-2.6-3.3q-1.3-1.9-1.3-3.5v-0.1q0.1-1.6 1.3-2.8 0.4-0.4 0.9-0.4 0.1 0 0.3 0t0.3 0q0.3 0 0.5 0.1t0.3 0.5q0.1 0.4 0.6 1.6t0.4 1.3q0 0.4-0.6 1t-0.6 0.8q0 0.1 0.1 0.3 0.6 1.3 1.8 2.4 1 0.9 2.7 1.8 0.2 0.1 0.4 0.1 0.3 0 1-0.9t0.9-0.9zM14 26.9q2.3 0 4.3-0.9t3.6-2.4 2.4-3.6 0.9-4.3-0.9-4.3-2.4-3.6-3.6-2.4-4.3-0.9-4.3 0.9-3.6 2.4-2.4 3.6-0.9 4.3q0 3.6 2.1 6.6l-1.4 4.2 4.3-1.4q2.8 1.9 6.2 1.9zM14 2.2q2.7 0 5.2 1.1t4.3 2.9 2.9 4.3 1.1 5.2-1.1 5.2-2.9 4.3-4.3 2.9-5.2 1.1q-3.5 0-6.5-1.7l-7.4 2.4 2.4-7.2q-1.9-3.2-1.9-6.9 0-2.7 1.1-5.2t2.9-4.3 4.3-2.9 5.2-1.1z\"\/><\/svg><\/span><span class=\"shariff-text\">teilen<\/span>&nbsp;<\/a><\/li><li class=\"shariff-button threema shariff-nocustomcolor shariff-mobile\" style=\"background-color:#4fbc24\"><a href=\"threema:\/\/compose?text=Argumentation%20https%3A%2F%2Fwww.gegenwind-wetterau.de%2Fgww983%2Findex.php%2Fziele%2Fargumentation%2F\" title=\"Bei Threema teilen\" aria-label=\"Bei Threema teilen\" role=\"button\" rel=\"noopener nofollow\" class=\"shariff-link\" style=\"; background-color:#1f1f1f; color:#fff\" target=\"_blank\"><span class=\"shariff-icon\" style=\"\"><svg width=\"32px\" height=\"20px\" xmlns=\"http:\/\/www.w3.org\/2000\/svg\" viewBox=\"0 0 32 32\"><path fill=\"#1f1f1f\" d=\"M30.8 10.9c-0.3-1.4-0.9-2.6-1.8-3.8-2-2.6-5.5-4.5-9.4-5.2-1.3-0.2-1.9-0.3-3.5-0.3s-2.2 0-3.5 0.3c-4 0.7-7.4 2.6-9.4 5.2-0.9 1.2-1.5 2.4-1.8 3.8-0.1 0.5-0.2 1.2-0.2 1.6 0 0.4 0.1 1.1 0.2 1.6 0.4 1.9 1.3 3.4 2.9 5 0.8 0.8 0.8 0.8 0.7 1.3 0 0.6-0.5 1.6-1.7 3.6-0.3 0.5-0.5 0.9-0.5 0.9 0 0.1 0.1 0.1 0.5 0 0.8-0.2 2.3-0.6 5.6-1.6 1.1-0.3 1.3-0.4 2.3-0.4 0.8 0 1.1 0 2.3 0.2 1.5 0.2 3.5 0.2 4.9 0 5.1-0.6 9.3-2.9 11.4-6.3 0.5-0.9 0.9-1.8 1.1-2.8 0.1-0.5 0.2-1.1 0.2-1.6 0-0.7-0.1-1.1-0.2-1.6-0.3-1.4 0.1 0.5 0 0zM20.6 17.3c0 0.4-0.4 0.8-0.8 0.8h-7.7c-0.4 0-0.8-0.4-0.8-0.8v-4.6c0-0.4 0.4-0.8 0.8-0.8h0.2l0-1.6c0-0.9 0-1.8 0.1-2 0.1-0.6 0.6-1.2 1.1-1.7s1.1-0.7 1.9-0.8c1.8-0.3 3.7 0.7 4.2 2.2 0.1 0.3 0.1 0.7 0.1 2.1v0 1.7h0.1c0.4 0 0.8 0.4 0.8 0.8v4.6zM15.6 7.3c-0.5 0.1-0.8 0.3-1.2 0.6s-0.6 0.8-0.7 1.3c0 0.2 0 0.8 0 1.5l0 1.2h4.6v-1.3c0-1 0-1.4-0.1-1.6-0.3-1.1-1.5-1.9-2.6-1.7zM25.8 28.2c0 1.2-1 2.2-2.1 2.2s-2.1-1-2.1-2.1c0-1.2 1-2.1 2.2-2.1s2.2 1 2.2 2.2zM18.1 28.2c0 1.2-1 2.2-2.1 2.2s-2.1-1-2.1-2.1c0-1.2 1-2.1 2.2-2.1s2.2 1 2.2 2.2zM10.4 28.2c0 1.2-1 2.2-2.1 2.2s-2.1-1-2.1-2.1c0-1.2 1-2.1 2.2-2.1s2.2 1 2.2 2.2z\"\/><\/svg><\/span><span class=\"shariff-text\">teilen<\/span>&nbsp;<\/a><\/li><\/ul><\/div>","protected":false},"author":2,"featured_media":0,"parent":33,"menu_order":75,"comment_status":"closed","ping_status":"closed","template":"","meta":{"footnotes":""},"class_list":["post-637","page","type-page","status-publish","hentry"],"_links":{"self":[{"href":"https:\/\/www.gegenwind-wetterau.de\/gww983\/index.php\/wp-json\/wp\/v2\/pages\/637","targetHints":{"allow":["GET"]}}],"collection":[{"href":"https:\/\/www.gegenwind-wetterau.de\/gww983\/index.php\/wp-json\/wp\/v2\/pages"}],"about":[{"href":"https:\/\/www.gegenwind-wetterau.de\/gww983\/index.php\/wp-json\/wp\/v2\/types\/page"}],"author":[{"embeddable":true,"href":"https:\/\/www.gegenwind-wetterau.de\/gww983\/index.php\/wp-json\/wp\/v2\/users\/2"}],"replies":[{"embeddable":true,"href":"https:\/\/www.gegenwind-wetterau.de\/gww983\/index.php\/wp-json\/wp\/v2\/comments?post=637"}],"version-history":[{"count":35,"href":"https:\/\/www.gegenwind-wetterau.de\/gww983\/index.php\/wp-json\/wp\/v2\/pages\/637\/revisions"}],"predecessor-version":[{"id":1365,"href":"https:\/\/www.gegenwind-wetterau.de\/gww983\/index.php\/wp-json\/wp\/v2\/pages\/637\/revisions\/1365"}],"up":[{"embeddable":true,"href":"https:\/\/www.gegenwind-wetterau.de\/gww983\/index.php\/wp-json\/wp\/v2\/pages\/33"}],"wp:attachment":[{"href":"https:\/\/www.gegenwind-wetterau.de\/gww983\/index.php\/wp-json\/wp\/v2\/media?parent=637"}],"curies":[{"name":"wp","href":"https:\/\/api.w.org\/{rel}","templated":true}]}}