{"id":428,"date":"2014-04-27T14:42:52","date_gmt":"2014-04-27T12:42:52","guid":{"rendered":"http:\/\/www.gegenwind-wetterau.de\/gww983\/?page_id=428"},"modified":"2016-06-25T12:54:14","modified_gmt":"2016-06-25T10:54:14","slug":"4-wka-in-wohnbach","status":"publish","type":"page","link":"https:\/\/www.gegenwind-wetterau.de\/gww983\/index.php\/vorhaben\/4-wka-in-wohnbach\/","title":{"rendered":"4 WKA in Wohnbach"},"content":{"rendered":"<p style=\"text-align: justify;\"><strong><span style=\"color: #ff0000;\">TOP NEWS:<\/span> <\/strong><br \/>\nAm <strong>15. Juni 2016<\/strong> ist vom Regierungspr\u00e4sidium Darmstadt bekannt gegeben worden, dass das <strong>Genehmigungsverfahren f\u00fcr die vier geplanten WKA er\u00f6ffnet<\/strong> wurde. Alle weiteren Details zu den Terminen und n\u00e4chsten Schritten k\u00f6nnen der vom Regierungspr\u00e4sidium Darmstadt zur Verf\u00fcgung gestellten <a title=\"Bekanntmachung vom RP Darmstadt zu den 4 WKA in W\u00f6lfersheim Wohnbach\" href=\"https:\/\/www.gegenwind-wetterau.de\/gww983\/wp-content\/uploads\/2014\/04\/Ver\u00f6ffentlichung_WPW\u00f6lfersheim_Internet-17.0616-2.pdf\" target=\"_blank\">Bekanntmachung<\/a> entnommen werden.<\/p>\n<p style=\"text-align: justify;\">Inzwischen haben sich einige Ver\u00e4nderungen bzgl. der urspr\u00fcnglich sechs geplanten WKA f\u00fcr Wohnbach ergeben. So sind aus den ehemals <strong>sechs WKA vom Typ <a title=\"Enercon E-101\" href=\"http:\/\/www.enercon.de\/de-de\/2439.htm\" target=\"_blank\">Enercon E-101<\/a> (H\u00f6he 199,5m)<\/strong>, die im <strong>Dezember 2013<\/strong> beim <a title=\"\u00dcbersicht \u00fcber alle im Regierungsbezirk Darmstadt betriebenen, genehmigten und beantragten Windkraftanlagen\" href=\"http:\/\/www.rp-darmstadt.hessen.de\/irj\/servlet\/prt\/portal\/prtroot\/slimp.CMReader\/HMdI_15\/RPDA_Internet\/med\/3d5\/3d540829-7999-8f31-f012-f312b417c0cf,22222222-2222-2222-2222-222222222222\" target=\"_blank\">RP Darmstadt<\/a> beantragt wurden, nun <strong>vier WKA vom Typ <a title=\"Enercon E-115\" href=\"http:\/\/www.enercon.de\/de-de\/2290.htm\" target=\"_blank\">Enercon E-115<\/a><\/strong> <strong>(H\u00f6he 206,5 m)<\/strong> geworden. Wir vermuten, dass aufgrund vorhandener Grundlasten auf einigen der eingangs in Betracht gezogenen Grundst\u00fccke, diese ausgeschieden sind und sich dadurch die Anzahl der WKA auf vier reduziert hat. Daf\u00fcr sollen nun jedoch noch gr\u00f6\u00dfere Anlagen zum Einsatz kommen. Geplant ist, diese auf den bereits im Plan festgelegten Punkten 2, 3, 4 und 6 zu installieren (siehe Karten unten).<\/p>\n<p style=\"text-align: justify;\">Zudem tritt <strong>nicht<\/strong> mehr die Firma <strong>LENPower GmbH<\/strong> (zuk\u00fcnftig <a title=\"TurboWind Energie GmbH\" href=\"http:\/\/turbowind.de\/\" target=\"_blank\"><strong>TurboWind Energie GmbH<\/strong><\/a>) aus Hannover als Antragssteller beim RP Darmstadt auf, sondern die Firma <strong><a title=\"Lokation der NWind GmbH\" href=\"http:\/\/www.nwind.de\/index.php?id=13\" target=\"_blank\">NWind GmbH<\/a>, <\/strong>ebenfalls aus Hannover. Die Firma <strong>NWind GmbH wurde im Juli 2014 im Handelsregister<\/strong> (<a title=\"HRB 211403 - Daten zu NWind\" href=\"http:\/\/nwind_gmbh-hannover.firmen-informer.de\/#\" target=\"_blank\">HRB 211403<\/a>) eingetragen und weist ein Stammkapital von 25.000 Euro aus. <strong>Gesch\u00e4ftsf\u00fchrer der NWind GmbH<\/strong> ist der <strong><a title=\"Gesch\u00e4ftsf\u00fchrer der im Juni 2014 gegr\u00fcndeten NWind GmbH\" href=\"http:\/\/www.nwind.de\/index.php?id=3\" target=\"_blank\">Dipl.-Kaufmann Nils Niescken<\/a><\/strong>, der 2001 bei der <strong>Firma LENPower GmbH<\/strong>\u00a0 eintrat und dort als gesch\u00e4ftsf\u00fchrender Gesellschafter fungiert. Zudem war Herr Nils Niescken Vorstandsmitglied und Schatzmeister im <a title=\"Wirtschaftsverband Windkraft e.V.\" href=\"http:\/\/www.wvwindkraft.de\/\" target=\"_blank\">Wirtschaftsverband Windkraft e.V.<\/a>.<br \/>\nSomit halten die Projektierer aus Hannover weiter an dem Vorhaben Windkraftanlagen bei uns in der sch\u00f6nen Wetterau zu installieren fest und haben schon mal eine separate Firma hierf\u00fcr eingerichtet.<\/p>\n<p style=\"text-align: justify;\">Da wir bereits Kontakt zur Genehmigungsbeh\u00f6rde aufgenommen haben, bitten wir alle B\u00fcrger ihre Fragen und Anliegen \u00fcber uns zu b\u00fcndeln. Verwenden Sie bitte hierzu das <a title=\"Kontakt - WKA Wohnbach\" href=\"https:\/\/www.gegenwind-wetterau.de\/gww983\/index.php\/kontakt\/\">Kontaktformular<\/a> mit dem Vermerk <strong>WKA Wohnbach<\/strong>, damit wir alle Fragen und Anmerkungen bei der Einsicht der Pl\u00e4ne ber\u00fccksichtigen k\u00f6nnen.<\/p>\n<p style=\"text-align: justify; padding-left: 30px;\"><strong>Kontakt im RP Darmstadt:<\/strong><\/p>\n<p style=\"text-align: justify; padding-left: 60px;\">Sabine.Vogel-Wiedler@rpda.hessen.de<br \/>\nTel.: 069 \/ 2714-4923 oder -5950<\/p>\n<p style=\"text-align: justify; padding-left: 30px;\"><strong>derzeitiger Antragsteller f\u00fcr vier WKA vom Typ Enercon E-115:<\/strong><\/p>\n<p style=\"text-align: justify; padding-left: 60px;\"><a href=\"http:\/\/firma-online.org\/db\/NWind_GmbH\" target=\"_blank\">NWind GmbH<\/a><br \/>\n<a href=\"http:\/\/firma-online.org\/db\/NWind_GmbH\" target=\"_blank\"> Haltenhoffstra\u00dfe 50 A<\/a><br \/>\n<a href=\"http:\/\/firma-online.org\/db\/NWind_GmbH\" target=\"_blank\"> 30167 Hannover<\/a><br \/>\nTel.: 0511 \/ 220-602-0<br \/>\nGesch\u00e4ftsf\u00fchrer: Nils Niescken<br \/>\neMail: niescken@nwind.de<\/p>\n<p style=\"text-align: justify; padding-left: 30px;\"><strong>ehemaliger Antragsteller f\u00fcr sechs WKA vom Typ Enercon E-101:<\/strong><\/p>\n<p style=\"text-align: justify; padding-left: 60px;\">LENPower GmbH zuk\u00fcnftig TurboWind Energie GmbH<br \/>\nG\u00fcnter-Wagner-Allee 19<br \/>\n30177 Hannover<br \/>\nTel.: 0511 \/ 260933-0 (Zentrale)<\/p>\n<h2>Lageplan und Standort<\/h2>\n<div id=\"attachment_1968\" style=\"width: 650px\" class=\"wp-caption alignnone\"><a href=\"https:\/\/www.gegenwind-wetterau.de\/gww983\/wp-content\/uploads\/2014\/04\/Windkraftanlagen-bei-Wohnbach-4.jpg\"><img loading=\"lazy\" decoding=\"async\" aria-describedby=\"caption-attachment-1968\" class=\"wp-image-1968 size-full\" src=\"https:\/\/www.gegenwind-wetterau.de\/gww983\/wp-content\/uploads\/2014\/04\/Windkraftanlagen-bei-Wohnbach-4.jpg\" alt=\"Vier geplante Windkraftanlagen bei Wohnbach\" width=\"640\" height=\"480\" srcset=\"https:\/\/www.gegenwind-wetterau.de\/gww983\/wp-content\/uploads\/2014\/04\/Windkraftanlagen-bei-Wohnbach-4.jpg 640w, https:\/\/www.gegenwind-wetterau.de\/gww983\/wp-content\/uploads\/2014\/04\/Windkraftanlagen-bei-Wohnbach-4-300x225.jpg 300w, https:\/\/www.gegenwind-wetterau.de\/gww983\/wp-content\/uploads\/2014\/04\/Windkraftanlagen-bei-Wohnbach-4-600x450.jpg 600w\" sizes=\"auto, (max-width: 640px) 100vw, 640px\" \/><\/a><p id=\"caption-attachment-1968\" class=\"wp-caption-text\">Aktuelle Planung von vier Windkraftanlagen bei Wohnbach<\/p><\/div>\n<p style=\"text-align: justify;\">An den in der Karte markierten Punkten sollen die Windkraftanlagen vom <a title=\"Enercon E-115\" href=\"http:\/\/www.enercon.de\/de-de\/2290.htm\" target=\"_blank\">Typ Enercon E-115<\/a> aufgebaut werden. Welche <a title=\"Auswirkungen beim Bau\" href=\"https:\/\/www.gegenwind-wetterau.de\/gww983\/index.php\/vorhaben\/bau\/\">Auswirkungen beim Bau<\/a> dieser gigantischen industriellen Windkraftanlagen entstehen und mit welchen <a title=\"Emissionen\" href=\"https:\/\/www.gegenwind-wetterau.de\/gww983\/index.php\/emissionen\/\">Emissionen<\/a> die Bev\u00f6lkerung in der n\u00e4chst gelegenen Umgebung konfrontiert sein wird, ist nur schwer abzusch\u00e4tzen.<\/p>\n<h2>Zu erwartende Wirtschaftlichkeit am geplanten Standort<\/h2>\n<p style=\"text-align: justify;\">In einer von <em>Dipl.-Ing. Matthias Kropp<\/em> vorgelegten <a title=\"Wirtschaftlichkeitsberechnung W\u00f6lfersheim\" href=\"https:\/\/www.gegenwind-wetterau.de\/gww983\/wp-content\/uploads\/2014\/08\/Wirtschaftlichkeitsberechnung_W\u00f6lfersheim_Juni-1.pdf\" target=\"_blank\">Wirtschaftlichkeitsberechnung<\/a> f\u00fcr den hier geplanten Windpark der <em>Firma LENPower GmbH<\/em> wird aufgezeigt, dass selbst bei optimistischsten Bedingungen kein rentabler Betrieb m\u00f6glich sein wird. Wesentliche Faktoren f\u00fcr die fehlende Wirtschaftlichkeit des Vorhabens sind<\/p>\n<ul>\n<li>geringe Standortqualit\u00e4t in Bezug auf den vorherrschenden Wind (Schwachwindgebiet)<\/li>\n<li>zu geringer Abstand zwischen den Windkraftanlagen und deren somit einhergehende nachteilige\u00a0 Beeinflussung untereinander<\/li>\n<li>erforderliche Abschaltungen aufgrund der avifaunistischen Gegebenheiten<\/li>\n<li>m\u00f6gliche Abschaltungen aufgrund von Schlagschatten auf den nord\u00f6stlich gelegenen Ortsteil Wohnbach an \u00fcber 100 Tagen im Jahr in den Nachmittagsstunden.<\/li>\n<\/ul>\n<p style=\"text-align: justify;\">Alle Details, die zu der genannten Einsch\u00e4tzung f\u00fchren, liegen nun in einer\u00a0Studie zur Wirtschaftlichkeitsberechnung am konkreten Standort vor und k\u00f6nnen eingesehen und beurteilt werden. Letztendlich ist \u00fcber die geplante Laufzeit mit einem <strong>Verlust von mehreren Millionen Euro<\/strong> zu rechnen&#8230;<\/p>\n<h2>Abstand zur M\u00fcnzenburg<\/h2>\n<p style=\"text-align: justify;\">Neben den vielen <a title=\"Fotomontagen\" href=\"https:\/\/www.gegenwind-wetterau.de\/gww983\/index.php\/vorhaben\/fotomontagen\/\">Fotomontagen<\/a> wird auf der Abstands\u00fcbersicht ebenfalls sehr deutlich, wie dicht man die industriellen Windkraftanlagen an die M\u00fcnzenburg heran r\u00fccken will. Laut Denkmalschutz sollte eine Burg wie die M\u00fcnzenburg bei M\u00fcnzenberg mit ihren Alleinstellungsmerkmalen einen Abstand zu industriellen Windkaftanlagen von 20 Km genie\u00dfen. Dank gr\u00fcner Ideologie sind nun Abst\u00e4nde im Bereich von 3-5 Km in der Diskussion.<\/p>\n<p style=\"text-align: justify;\"><a href=\"https:\/\/www.gegenwind-wetterau.de\/gww983\/wp-content\/uploads\/2014\/04\/AbstandsplanWEAM\u00fcnzenberg1-660.jpg\"><img loading=\"lazy\" decoding=\"async\" class=\"alignnone size-full wp-image-2506\" src=\"https:\/\/www.gegenwind-wetterau.de\/gww983\/wp-content\/uploads\/2014\/04\/AbstandsplanWEAM\u00fcnzenberg1-660.jpg\" alt=\"AbstandsplanWEAM\u00fcnzenberg(1)-660\" width=\"660\" height=\"934\" srcset=\"https:\/\/www.gegenwind-wetterau.de\/gww983\/wp-content\/uploads\/2014\/04\/AbstandsplanWEAM\u00fcnzenberg1-660.jpg 660w, https:\/\/www.gegenwind-wetterau.de\/gww983\/wp-content\/uploads\/2014\/04\/AbstandsplanWEAM\u00fcnzenberg1-660-211x300.jpg 211w, https:\/\/www.gegenwind-wetterau.de\/gww983\/wp-content\/uploads\/2014\/04\/AbstandsplanWEAM\u00fcnzenberg1-660-600x849.jpg 600w\" sizes=\"auto, (max-width: 660px) 100vw, 660px\" \/><\/a><\/p>\n<h2>Einfluss auf das Landschaftsbild<\/h2>\n<p>In der nachstehenden Fotomontage werden die Windkraftanlagen bei Wohnbach, beim Blick aus der Gemarkung Ober-H\u00f6rgern \u00fcber M\u00fcnzenberg hinweg, dargestellt. Das d\u00fcrfen wir den Menschen, der Natur und der Burg M\u00fcnzenberg nicht antun!<\/p>\n<p><a href=\"https:\/\/www.gegenwind-wetterau.de\/gww983\/wp-content\/uploads\/2014\/04\/Mzbg_4WKA_Wohnbach.jpeg\"><img loading=\"lazy\" decoding=\"async\" class=\"alignnone size-full wp-image-2459\" src=\"https:\/\/www.gegenwind-wetterau.de\/gww983\/wp-content\/uploads\/2014\/04\/Mzbg_4WKA_Wohnbach.jpeg\" alt=\"Mzbg_4WKA_Wohnbach\" width=\"640\" height=\"381\" srcset=\"https:\/\/www.gegenwind-wetterau.de\/gww983\/wp-content\/uploads\/2014\/04\/Mzbg_4WKA_Wohnbach.jpeg 640w, https:\/\/www.gegenwind-wetterau.de\/gww983\/wp-content\/uploads\/2014\/04\/Mzbg_4WKA_Wohnbach-300x178.jpeg 300w, https:\/\/www.gegenwind-wetterau.de\/gww983\/wp-content\/uploads\/2014\/04\/Mzbg_4WKA_Wohnbach-600x357.jpeg 600w\" sizes=\"auto, (max-width: 640px) 100vw, 640px\" \/><\/a><\/p>\n<h2>Stellungnahme der B\u00fcrgerinitiative &#8220;Gegenwind Wetterau&#8221;<\/h2>\n<p style=\"text-align: justify;\">Im Rahmen der Offenlegung der Genehmigungsunterlagen wurden die Einw\u00e4nde aus der Bev\u00f6lkerung gesammelt und in einer Stellungnahme zusammengetragen. Die <a title=\"Stellungnahme zu 6 WKA in Wohnbach\" href=\"https:\/\/www.gegenwind-wetterau.de\/gww983\/index.php\/ziele\/stellungnahme-zu-6-wka-in-wohnbach\/\">Stellungnahme zu den einst sechs geplanten WKA in Wohnbach<\/a> wurde an das Regierungspr\u00e4sidium Darmstadt gesendet.<\/p>\n<div class=\"shariff shariff-align-flex-start shariff-widget-align-flex-start\" data-services=\"facebook\" data-url=\"https%3A%2F%2Fwww.gegenwind-wetterau.de%2Fgww983%2Findex.php%2Fvorhaben%2F4-wka-in-wohnbach%2F\" data-timestamp=\"1466859254\" data-hidezero=\"1\" data-backendurl=\"https:\/\/www.gegenwind-wetterau.de\/gww983\/wp-json\/shariff\/v1\/share_counts?\"><div class=\"ShariffHeadline\">Diesen Beitrag teilen<\/div><ul class=\"shariff-buttons theme-color orientation-horizontal buttonsize-small\"><li class=\"shariff-button facebook shariff-nocustomcolor\" style=\"background-color:#4273c8\"><a href=\"https:\/\/www.facebook.com\/sharer\/sharer.php?u=https%3A%2F%2Fwww.gegenwind-wetterau.de%2Fgww983%2Findex.php%2Fvorhaben%2F4-wka-in-wohnbach%2F\" title=\"Bei Facebook teilen\" aria-label=\"Bei Facebook teilen\" role=\"button\" rel=\"nofollow\" class=\"shariff-link\" style=\"; background-color:#3b5998; color:#fff\" target=\"_blank\"><span class=\"shariff-icon\" style=\"\"><svg width=\"32px\" height=\"20px\" xmlns=\"http:\/\/www.w3.org\/2000\/svg\" viewBox=\"0 0 18 32\"><path fill=\"#3b5998\" d=\"M17.1 0.2v4.7h-2.8q-1.5 0-2.1 0.6t-0.5 1.9v3.4h5.2l-0.7 5.3h-4.5v13.6h-5.5v-13.6h-4.5v-5.3h4.5v-3.9q0-3.3 1.9-5.2t5-1.8q2.6 0 4.1 0.2z\"\/><\/svg><\/span><span class=\"shariff-text\">teilen<\/span>&nbsp;<span data-service=\"facebook\" style=\"color:#3b5998\" class=\"shariff-count shariff-hidezero\"><\/span>&nbsp;<\/a><\/li><li class=\"shariff-button whatsapp shariff-nocustomcolor\" style=\"background-color:#5cbe4a\"><a href=\"https:\/\/api.whatsapp.com\/send?text=https%3A%2F%2Fwww.gegenwind-wetterau.de%2Fgww983%2Findex.php%2Fvorhaben%2F4-wka-in-wohnbach%2F%204%20WKA%20in%20Wohnbach\" title=\"Bei Whatsapp teilen\" aria-label=\"Bei Whatsapp teilen\" role=\"button\" rel=\"noopener nofollow\" class=\"shariff-link\" style=\"; background-color:#34af23; color:#fff\" target=\"_blank\"><span class=\"shariff-icon\" style=\"\"><svg width=\"32px\" height=\"20px\" xmlns=\"http:\/\/www.w3.org\/2000\/svg\" viewBox=\"0 0 32 32\"><path fill=\"#34af23\" d=\"M17.6 17.4q0.2 0 1.7 0.8t1.6 0.9q0 0.1 0 0.3 0 0.6-0.3 1.4-0.3 0.7-1.3 1.2t-1.8 0.5q-1 0-3.4-1.1-1.7-0.8-3-2.1t-2.6-3.3q-1.3-1.9-1.3-3.5v-0.1q0.1-1.6 1.3-2.8 0.4-0.4 0.9-0.4 0.1 0 0.3 0t0.3 0q0.3 0 0.5 0.1t0.3 0.5q0.1 0.4 0.6 1.6t0.4 1.3q0 0.4-0.6 1t-0.6 0.8q0 0.1 0.1 0.3 0.6 1.3 1.8 2.4 1 0.9 2.7 1.8 0.2 0.1 0.4 0.1 0.3 0 1-0.9t0.9-0.9zM14 26.9q2.3 0 4.3-0.9t3.6-2.4 2.4-3.6 0.9-4.3-0.9-4.3-2.4-3.6-3.6-2.4-4.3-0.9-4.3 0.9-3.6 2.4-2.4 3.6-0.9 4.3q0 3.6 2.1 6.6l-1.4 4.2 4.3-1.4q2.8 1.9 6.2 1.9zM14 2.2q2.7 0 5.2 1.1t4.3 2.9 2.9 4.3 1.1 5.2-1.1 5.2-2.9 4.3-4.3 2.9-5.2 1.1q-3.5 0-6.5-1.7l-7.4 2.4 2.4-7.2q-1.9-3.2-1.9-6.9 0-2.7 1.1-5.2t2.9-4.3 4.3-2.9 5.2-1.1z\"\/><\/svg><\/span><span class=\"shariff-text\">teilen<\/span>&nbsp;<\/a><\/li><li class=\"shariff-button threema shariff-nocustomcolor shariff-mobile\" style=\"background-color:#4fbc24\"><a href=\"threema:\/\/compose?text=4%20WKA%20in%20Wohnbach%20https%3A%2F%2Fwww.gegenwind-wetterau.de%2Fgww983%2Findex.php%2Fvorhaben%2F4-wka-in-wohnbach%2F\" title=\"Bei Threema teilen\" aria-label=\"Bei Threema teilen\" role=\"button\" rel=\"noopener nofollow\" class=\"shariff-link\" style=\"; background-color:#1f1f1f; color:#fff\" target=\"_blank\"><span class=\"shariff-icon\" style=\"\"><svg width=\"32px\" height=\"20px\" xmlns=\"http:\/\/www.w3.org\/2000\/svg\" viewBox=\"0 0 32 32\"><path fill=\"#1f1f1f\" d=\"M30.8 10.9c-0.3-1.4-0.9-2.6-1.8-3.8-2-2.6-5.5-4.5-9.4-5.2-1.3-0.2-1.9-0.3-3.5-0.3s-2.2 0-3.5 0.3c-4 0.7-7.4 2.6-9.4 5.2-0.9 1.2-1.5 2.4-1.8 3.8-0.1 0.5-0.2 1.2-0.2 1.6 0 0.4 0.1 1.1 0.2 1.6 0.4 1.9 1.3 3.4 2.9 5 0.8 0.8 0.8 0.8 0.7 1.3 0 0.6-0.5 1.6-1.7 3.6-0.3 0.5-0.5 0.9-0.5 0.9 0 0.1 0.1 0.1 0.5 0 0.8-0.2 2.3-0.6 5.6-1.6 1.1-0.3 1.3-0.4 2.3-0.4 0.8 0 1.1 0 2.3 0.2 1.5 0.2 3.5 0.2 4.9 0 5.1-0.6 9.3-2.9 11.4-6.3 0.5-0.9 0.9-1.8 1.1-2.8 0.1-0.5 0.2-1.1 0.2-1.6 0-0.7-0.1-1.1-0.2-1.6-0.3-1.4 0.1 0.5 0 0zM20.6 17.3c0 0.4-0.4 0.8-0.8 0.8h-7.7c-0.4 0-0.8-0.4-0.8-0.8v-4.6c0-0.4 0.4-0.8 0.8-0.8h0.2l0-1.6c0-0.9 0-1.8 0.1-2 0.1-0.6 0.6-1.2 1.1-1.7s1.1-0.7 1.9-0.8c1.8-0.3 3.7 0.7 4.2 2.2 0.1 0.3 0.1 0.7 0.1 2.1v0 1.7h0.1c0.4 0 0.8 0.4 0.8 0.8v4.6zM15.6 7.3c-0.5 0.1-0.8 0.3-1.2 0.6s-0.6 0.8-0.7 1.3c0 0.2 0 0.8 0 1.5l0 1.2h4.6v-1.3c0-1 0-1.4-0.1-1.6-0.3-1.1-1.5-1.9-2.6-1.7zM25.8 28.2c0 1.2-1 2.2-2.1 2.2s-2.1-1-2.1-2.1c0-1.2 1-2.1 2.2-2.1s2.2 1 2.2 2.2zM18.1 28.2c0 1.2-1 2.2-2.1 2.2s-2.1-1-2.1-2.1c0-1.2 1-2.1 2.2-2.1s2.2 1 2.2 2.2zM10.4 28.2c0 1.2-1 2.2-2.1 2.2s-2.1-1-2.1-2.1c0-1.2 1-2.1 2.2-2.1s2.2 1 2.2 2.2z\"\/><\/svg><\/span><span class=\"shariff-text\">teilen<\/span>&nbsp;<\/a><\/li><\/ul><\/div>","protected":false},"excerpt":{"rendered":"<p>TOP NEWS: Am 15. Juni 2016 ist vom Regierungspr\u00e4sidium Darmstadt bekannt gegeben worden, dass das Genehmigungsverfahren f\u00fcr die vier geplanten WKA er\u00f6ffnet wurde. Alle weiteren Details zu den Terminen und n\u00e4chsten Schritten k\u00f6nnen der vom Regierungspr\u00e4sidium Darmstadt zur Verf\u00fcgung gestellten &hellip; <a href=\"https:\/\/www.gegenwind-wetterau.de\/gww983\/index.php\/vorhaben\/4-wka-in-wohnbach\/\">Weiterlesen <span class=\"meta-nav\">&rarr;<\/span><\/a><\/p>\n<div class=\"shariff shariff-align-flex-start shariff-widget-align-flex-start\" data-services=\"facebook\" data-url=\"https%3A%2F%2Fwww.gegenwind-wetterau.de%2Fgww983%2Findex.php%2Fvorhaben%2F4-wka-in-wohnbach%2F\" data-timestamp=\"1466859254\" data-hidezero=\"1\" data-backendurl=\"https:\/\/www.gegenwind-wetterau.de\/gww983\/wp-json\/shariff\/v1\/share_counts?\"><div class=\"ShariffHeadline\">Diesen Beitrag teilen<\/div><ul class=\"shariff-buttons theme-color orientation-horizontal buttonsize-small\"><li class=\"shariff-button facebook shariff-nocustomcolor\" style=\"background-color:#4273c8\"><a href=\"https:\/\/www.facebook.com\/sharer\/sharer.php?u=https%3A%2F%2Fwww.gegenwind-wetterau.de%2Fgww983%2Findex.php%2Fvorhaben%2F4-wka-in-wohnbach%2F\" title=\"Bei Facebook teilen\" aria-label=\"Bei Facebook teilen\" role=\"button\" rel=\"nofollow\" class=\"shariff-link\" style=\"; background-color:#3b5998; color:#fff\" target=\"_blank\"><span class=\"shariff-icon\" style=\"\"><svg width=\"32px\" height=\"20px\" xmlns=\"http:\/\/www.w3.org\/2000\/svg\" viewBox=\"0 0 18 32\"><path fill=\"#3b5998\" d=\"M17.1 0.2v4.7h-2.8q-1.5 0-2.1 0.6t-0.5 1.9v3.4h5.2l-0.7 5.3h-4.5v13.6h-5.5v-13.6h-4.5v-5.3h4.5v-3.9q0-3.3 1.9-5.2t5-1.8q2.6 0 4.1 0.2z\"\/><\/svg><\/span><span class=\"shariff-text\">teilen<\/span>&nbsp;<span data-service=\"facebook\" style=\"color:#3b5998\" class=\"shariff-count shariff-hidezero\"><\/span>&nbsp;<\/a><\/li><li class=\"shariff-button whatsapp shariff-nocustomcolor\" style=\"background-color:#5cbe4a\"><a href=\"https:\/\/api.whatsapp.com\/send?text=https%3A%2F%2Fwww.gegenwind-wetterau.de%2Fgww983%2Findex.php%2Fvorhaben%2F4-wka-in-wohnbach%2F%204%20WKA%20in%20Wohnbach\" title=\"Bei Whatsapp teilen\" aria-label=\"Bei Whatsapp teilen\" role=\"button\" rel=\"noopener nofollow\" class=\"shariff-link\" style=\"; background-color:#34af23; color:#fff\" target=\"_blank\"><span class=\"shariff-icon\" style=\"\"><svg width=\"32px\" height=\"20px\" xmlns=\"http:\/\/www.w3.org\/2000\/svg\" viewBox=\"0 0 32 32\"><path fill=\"#34af23\" d=\"M17.6 17.4q0.2 0 1.7 0.8t1.6 0.9q0 0.1 0 0.3 0 0.6-0.3 1.4-0.3 0.7-1.3 1.2t-1.8 0.5q-1 0-3.4-1.1-1.7-0.8-3-2.1t-2.6-3.3q-1.3-1.9-1.3-3.5v-0.1q0.1-1.6 1.3-2.8 0.4-0.4 0.9-0.4 0.1 0 0.3 0t0.3 0q0.3 0 0.5 0.1t0.3 0.5q0.1 0.4 0.6 1.6t0.4 1.3q0 0.4-0.6 1t-0.6 0.8q0 0.1 0.1 0.3 0.6 1.3 1.8 2.4 1 0.9 2.7 1.8 0.2 0.1 0.4 0.1 0.3 0 1-0.9t0.9-0.9zM14 26.9q2.3 0 4.3-0.9t3.6-2.4 2.4-3.6 0.9-4.3-0.9-4.3-2.4-3.6-3.6-2.4-4.3-0.9-4.3 0.9-3.6 2.4-2.4 3.6-0.9 4.3q0 3.6 2.1 6.6l-1.4 4.2 4.3-1.4q2.8 1.9 6.2 1.9zM14 2.2q2.7 0 5.2 1.1t4.3 2.9 2.9 4.3 1.1 5.2-1.1 5.2-2.9 4.3-4.3 2.9-5.2 1.1q-3.5 0-6.5-1.7l-7.4 2.4 2.4-7.2q-1.9-3.2-1.9-6.9 0-2.7 1.1-5.2t2.9-4.3 4.3-2.9 5.2-1.1z\"\/><\/svg><\/span><span class=\"shariff-text\">teilen<\/span>&nbsp;<\/a><\/li><li class=\"shariff-button threema shariff-nocustomcolor shariff-mobile\" style=\"background-color:#4fbc24\"><a href=\"threema:\/\/compose?text=4%20WKA%20in%20Wohnbach%20https%3A%2F%2Fwww.gegenwind-wetterau.de%2Fgww983%2Findex.php%2Fvorhaben%2F4-wka-in-wohnbach%2F\" title=\"Bei Threema teilen\" aria-label=\"Bei Threema teilen\" role=\"button\" rel=\"noopener nofollow\" class=\"shariff-link\" style=\"; background-color:#1f1f1f; color:#fff\" target=\"_blank\"><span class=\"shariff-icon\" style=\"\"><svg width=\"32px\" height=\"20px\" xmlns=\"http:\/\/www.w3.org\/2000\/svg\" viewBox=\"0 0 32 32\"><path fill=\"#1f1f1f\" d=\"M30.8 10.9c-0.3-1.4-0.9-2.6-1.8-3.8-2-2.6-5.5-4.5-9.4-5.2-1.3-0.2-1.9-0.3-3.5-0.3s-2.2 0-3.5 0.3c-4 0.7-7.4 2.6-9.4 5.2-0.9 1.2-1.5 2.4-1.8 3.8-0.1 0.5-0.2 1.2-0.2 1.6 0 0.4 0.1 1.1 0.2 1.6 0.4 1.9 1.3 3.4 2.9 5 0.8 0.8 0.8 0.8 0.7 1.3 0 0.6-0.5 1.6-1.7 3.6-0.3 0.5-0.5 0.9-0.5 0.9 0 0.1 0.1 0.1 0.5 0 0.8-0.2 2.3-0.6 5.6-1.6 1.1-0.3 1.3-0.4 2.3-0.4 0.8 0 1.1 0 2.3 0.2 1.5 0.2 3.5 0.2 4.9 0 5.1-0.6 9.3-2.9 11.4-6.3 0.5-0.9 0.9-1.8 1.1-2.8 0.1-0.5 0.2-1.1 0.2-1.6 0-0.7-0.1-1.1-0.2-1.6-0.3-1.4 0.1 0.5 0 0zM20.6 17.3c0 0.4-0.4 0.8-0.8 0.8h-7.7c-0.4 0-0.8-0.4-0.8-0.8v-4.6c0-0.4 0.4-0.8 0.8-0.8h0.2l0-1.6c0-0.9 0-1.8 0.1-2 0.1-0.6 0.6-1.2 1.1-1.7s1.1-0.7 1.9-0.8c1.8-0.3 3.7 0.7 4.2 2.2 0.1 0.3 0.1 0.7 0.1 2.1v0 1.7h0.1c0.4 0 0.8 0.4 0.8 0.8v4.6zM15.6 7.3c-0.5 0.1-0.8 0.3-1.2 0.6s-0.6 0.8-0.7 1.3c0 0.2 0 0.8 0 1.5l0 1.2h4.6v-1.3c0-1 0-1.4-0.1-1.6-0.3-1.1-1.5-1.9-2.6-1.7zM25.8 28.2c0 1.2-1 2.2-2.1 2.2s-2.1-1-2.1-2.1c0-1.2 1-2.1 2.2-2.1s2.2 1 2.2 2.2zM18.1 28.2c0 1.2-1 2.2-2.1 2.2s-2.1-1-2.1-2.1c0-1.2 1-2.1 2.2-2.1s2.2 1 2.2 2.2zM10.4 28.2c0 1.2-1 2.2-2.1 2.2s-2.1-1-2.1-2.1c0-1.2 1-2.1 2.2-2.1s2.2 1 2.2 2.2z\"\/><\/svg><\/span><span class=\"shariff-text\">teilen<\/span>&nbsp;<\/a><\/li><\/ul><\/div>","protected":false},"author":2,"featured_media":0,"parent":434,"menu_order":10,"comment_status":"closed","ping_status":"closed","template":"","meta":{"footnotes":""},"class_list":["post-428","page","type-page","status-publish","hentry"],"_links":{"self":[{"href":"https:\/\/www.gegenwind-wetterau.de\/gww983\/index.php\/wp-json\/wp\/v2\/pages\/428","targetHints":{"allow":["GET"]}}],"collection":[{"href":"https:\/\/www.gegenwind-wetterau.de\/gww983\/index.php\/wp-json\/wp\/v2\/pages"}],"about":[{"href":"https:\/\/www.gegenwind-wetterau.de\/gww983\/index.php\/wp-json\/wp\/v2\/types\/page"}],"author":[{"embeddable":true,"href":"https:\/\/www.gegenwind-wetterau.de\/gww983\/index.php\/wp-json\/wp\/v2\/users\/2"}],"replies":[{"embeddable":true,"href":"https:\/\/www.gegenwind-wetterau.de\/gww983\/index.php\/wp-json\/wp\/v2\/comments?post=428"}],"version-history":[{"count":60,"href":"https:\/\/www.gegenwind-wetterau.de\/gww983\/index.php\/wp-json\/wp\/v2\/pages\/428\/revisions"}],"predecessor-version":[{"id":2655,"href":"https:\/\/www.gegenwind-wetterau.de\/gww983\/index.php\/wp-json\/wp\/v2\/pages\/428\/revisions\/2655"}],"up":[{"embeddable":true,"href":"https:\/\/www.gegenwind-wetterau.de\/gww983\/index.php\/wp-json\/wp\/v2\/pages\/434"}],"wp:attachment":[{"href":"https:\/\/www.gegenwind-wetterau.de\/gww983\/index.php\/wp-json\/wp\/v2\/media?parent=428"}],"curies":[{"name":"wp","href":"https:\/\/api.w.org\/{rel}","templated":true}]}}