{"id":3120,"date":"2017-03-05T15:51:34","date_gmt":"2017-03-05T13:51:34","guid":{"rendered":"http:\/\/www.gegenwind-wetterau.de\/gww983\/?page_id=3120"},"modified":"2017-04-24T20:31:31","modified_gmt":"2017-04-24T18:31:31","slug":"steigende-stromkosten","status":"publish","type":"page","link":"https:\/\/www.gegenwind-wetterau.de\/gww983\/index.php\/faktencheck\/steigende-stromkosten\/","title":{"rendered":"Steigende Stromkosten"},"content":{"rendered":"<p style=\"text-align: justify;\"><a href=\"https:\/\/www.gegenwind-wetterau.de\/gww983\/wp-content\/uploads\/2017\/04\/Du-bezahlst-Mit-steigenden-Stromkosten.jpg\"><img loading=\"lazy\" decoding=\"async\" class=\"wp-image-3270 size-full alignleft\" src=\"https:\/\/www.gegenwind-wetterau.de\/gww983\/wp-content\/uploads\/2017\/04\/Du-bezahlst-Mit-steigenden-Stromkosten.jpg\" alt=\"\" width=\"310\" height=\"413\" srcset=\"https:\/\/www.gegenwind-wetterau.de\/gww983\/wp-content\/uploads\/2017\/04\/Du-bezahlst-Mit-steigenden-Stromkosten.jpg 310w, https:\/\/www.gegenwind-wetterau.de\/gww983\/wp-content\/uploads\/2017\/04\/Du-bezahlst-Mit-steigenden-Stromkosten-225x300.jpg 225w\" sizes=\"auto, (max-width: 310px) 100vw, 310px\" \/><\/a>Hatte uns der ehemalige Umweltminister <em><strong>J\u00fcrgen Trittin 2004<\/strong> <\/em>mit seinem Ausspruch <em><strong>&#8220;Es bleibt dabei, dass die F\u00f6rderung erneuerbarer Energien einen durchschnittlichen Haushalt nur rund 1 Euro im Monat kostet &#8211; so viel wie eine Kugel Eis.&#8221;<\/strong><\/em> noch glauben machen wollen, dass die Kosten der Energiewende minimal sein werden, so sind wir inzwischen leider eines Besseren belehrt worden. <strong>So stieg der Strompreis f\u00fcr Privathaushalte in den vergangenen 17 Jahren von einst 13,94 Cent im Jahr 2000 auf nunmehr 29,16 Cent im Jahr 2017. Deutschland produziert somit aufgrund einer aus dem Ruder gelaufenen Energiewende den zweitteuersten\u00a0 Strom in Europa.<\/strong> Neben dem reinen Strompreis bezahlen wir diese Entwicklung inzwischen auch an anderen Stellen. So wandern inzwischen vermehrt stromintensive Industrien ins Ausland ab. Das hei\u00dft, Deutschland verliert an seiner internationalen Wettbewerbsf\u00e4higkeit und somit auch an Arbeitspl\u00e4tzen. Zudem bezahlen wir den teuren Strom auch indirekt, da die erh\u00f6hten Kosten auf alle Produkte umgelegt werden.<br \/>\nMan kann inzwischen davon ausgehen, dass ein Vierpersonenhaushalt j\u00e4hrlich 1.400 Euro an Mehrkosten, verursacht durch die Energiewende, tragen muss. Tendenz weiter steigend. Steht den privaten Haushalten weniger Geld zur Verf\u00fcgung, bedeutet das weniger Kaufkraft und es wird weniger konsumiert, was dann direkt zum Verlust weiterer Arbeitspl\u00e4tze f\u00fchrt&#8230;<\/p>\n<ul>\n<li style=\"text-align: justify;\"><a href=\"https:\/\/1-stromvergleich.com\/strom-report\/eeg-umlage\/\" target=\"_blank\" rel=\"noopener noreferrer\">Alles rund um den weiter steigenden Strompreis<\/a><br \/>\n\u21d2 Wie ist die EEG-Umlage in den letzten Jahren gestiegen?<br \/>\n\u21d2 Wie setzt sich der Strompreis zusammen?<br \/>\n\u21d2 Wie ist der Strompreis in den letzten Jahren gestiegen?<br \/>\n\u21d2 Wie wird der Strompreis in den n\u00e4chsten jahren weiter ansteigen?<\/li>\n<li><strong>17.02.2016<\/strong> &#8211; <strong><em>Spiegel ONLINE<\/em><\/strong> &#8211; <a href=\"http:\/\/www.spiegel.de\/wirtschaft\/unternehmen\/blackout-abwehr-kostete-2015-eine-milliarde-euro-a-1072438.html\" target=\"_blank\" rel=\"noopener noreferrer\">1 Mrd. Euro f\u00fcr Blackoutabwehr allein im Jahr 2015<\/a><br \/>\n(auch diese Zusatzkosten werden auf uns alle umgelegt)<\/li>\n<li><strong>16.06.2014<\/strong> &#8211; <strong><em>DAV<\/em><\/strong> &#8211; <a href=\"https:\/\/deutscherarbeitgeberverband.de\/\/aktuelles\/2014\/dav_aktuelles_2014-06-16_nacht.html\" target=\"_blank\" rel=\"noopener noreferrer\">Wenn es Nacht wird \u00fcber Deutschland<\/a><br \/>\n(fehlgeleitete Energiewende sorgt f\u00fcr steigendes Risiko eines Blackouts im Stromnetz)<\/li>\n<\/ul>\n<div class=\"shariff shariff-align-flex-start shariff-widget-align-flex-start\" data-services=\"facebook\" data-url=\"https%3A%2F%2Fwww.gegenwind-wetterau.de%2Fgww983%2Findex.php%2Ffaktencheck%2Fsteigende-stromkosten%2F\" data-timestamp=\"1493065891\" data-hidezero=\"1\" data-backendurl=\"https:\/\/www.gegenwind-wetterau.de\/gww983\/wp-json\/shariff\/v1\/share_counts?\"><div class=\"ShariffHeadline\">Diesen Beitrag teilen<\/div><ul class=\"shariff-buttons theme-color orientation-horizontal buttonsize-small\"><li class=\"shariff-button facebook shariff-nocustomcolor\" style=\"background-color:#4273c8\"><a href=\"https:\/\/www.facebook.com\/sharer\/sharer.php?u=https%3A%2F%2Fwww.gegenwind-wetterau.de%2Fgww983%2Findex.php%2Ffaktencheck%2Fsteigende-stromkosten%2F\" title=\"Bei Facebook teilen\" aria-label=\"Bei Facebook teilen\" role=\"button\" rel=\"nofollow\" class=\"shariff-link\" style=\"; background-color:#3b5998; color:#fff\" target=\"_blank\"><span class=\"shariff-icon\" style=\"\"><svg width=\"32px\" height=\"20px\" xmlns=\"http:\/\/www.w3.org\/2000\/svg\" viewBox=\"0 0 18 32\"><path fill=\"#3b5998\" d=\"M17.1 0.2v4.7h-2.8q-1.5 0-2.1 0.6t-0.5 1.9v3.4h5.2l-0.7 5.3h-4.5v13.6h-5.5v-13.6h-4.5v-5.3h4.5v-3.9q0-3.3 1.9-5.2t5-1.8q2.6 0 4.1 0.2z\"\/><\/svg><\/span><span class=\"shariff-text\">teilen<\/span>&nbsp;<span data-service=\"facebook\" style=\"color:#3b5998\" class=\"shariff-count shariff-hidezero\"><\/span>&nbsp;<\/a><\/li><li class=\"shariff-button whatsapp shariff-nocustomcolor\" style=\"background-color:#5cbe4a\"><a href=\"https:\/\/api.whatsapp.com\/send?text=https%3A%2F%2Fwww.gegenwind-wetterau.de%2Fgww983%2Findex.php%2Ffaktencheck%2Fsteigende-stromkosten%2F%20Steigende%20Stromkosten\" title=\"Bei Whatsapp teilen\" aria-label=\"Bei Whatsapp teilen\" role=\"button\" rel=\"noopener nofollow\" class=\"shariff-link\" style=\"; background-color:#34af23; color:#fff\" target=\"_blank\"><span class=\"shariff-icon\" style=\"\"><svg width=\"32px\" height=\"20px\" xmlns=\"http:\/\/www.w3.org\/2000\/svg\" viewBox=\"0 0 32 32\"><path fill=\"#34af23\" d=\"M17.6 17.4q0.2 0 1.7 0.8t1.6 0.9q0 0.1 0 0.3 0 0.6-0.3 1.4-0.3 0.7-1.3 1.2t-1.8 0.5q-1 0-3.4-1.1-1.7-0.8-3-2.1t-2.6-3.3q-1.3-1.9-1.3-3.5v-0.1q0.1-1.6 1.3-2.8 0.4-0.4 0.9-0.4 0.1 0 0.3 0t0.3 0q0.3 0 0.5 0.1t0.3 0.5q0.1 0.4 0.6 1.6t0.4 1.3q0 0.4-0.6 1t-0.6 0.8q0 0.1 0.1 0.3 0.6 1.3 1.8 2.4 1 0.9 2.7 1.8 0.2 0.1 0.4 0.1 0.3 0 1-0.9t0.9-0.9zM14 26.9q2.3 0 4.3-0.9t3.6-2.4 2.4-3.6 0.9-4.3-0.9-4.3-2.4-3.6-3.6-2.4-4.3-0.9-4.3 0.9-3.6 2.4-2.4 3.6-0.9 4.3q0 3.6 2.1 6.6l-1.4 4.2 4.3-1.4q2.8 1.9 6.2 1.9zM14 2.2q2.7 0 5.2 1.1t4.3 2.9 2.9 4.3 1.1 5.2-1.1 5.2-2.9 4.3-4.3 2.9-5.2 1.1q-3.5 0-6.5-1.7l-7.4 2.4 2.4-7.2q-1.9-3.2-1.9-6.9 0-2.7 1.1-5.2t2.9-4.3 4.3-2.9 5.2-1.1z\"\/><\/svg><\/span><span class=\"shariff-text\">teilen<\/span>&nbsp;<\/a><\/li><li class=\"shariff-button threema shariff-nocustomcolor shariff-mobile\" style=\"background-color:#4fbc24\"><a href=\"threema:\/\/compose?text=Steigende%20Stromkosten%20https%3A%2F%2Fwww.gegenwind-wetterau.de%2Fgww983%2Findex.php%2Ffaktencheck%2Fsteigende-stromkosten%2F\" title=\"Bei Threema teilen\" aria-label=\"Bei Threema teilen\" role=\"button\" rel=\"noopener nofollow\" class=\"shariff-link\" style=\"; background-color:#1f1f1f; color:#fff\" target=\"_blank\"><span class=\"shariff-icon\" style=\"\"><svg width=\"32px\" height=\"20px\" xmlns=\"http:\/\/www.w3.org\/2000\/svg\" viewBox=\"0 0 32 32\"><path fill=\"#1f1f1f\" d=\"M30.8 10.9c-0.3-1.4-0.9-2.6-1.8-3.8-2-2.6-5.5-4.5-9.4-5.2-1.3-0.2-1.9-0.3-3.5-0.3s-2.2 0-3.5 0.3c-4 0.7-7.4 2.6-9.4 5.2-0.9 1.2-1.5 2.4-1.8 3.8-0.1 0.5-0.2 1.2-0.2 1.6 0 0.4 0.1 1.1 0.2 1.6 0.4 1.9 1.3 3.4 2.9 5 0.8 0.8 0.8 0.8 0.7 1.3 0 0.6-0.5 1.6-1.7 3.6-0.3 0.5-0.5 0.9-0.5 0.9 0 0.1 0.1 0.1 0.5 0 0.8-0.2 2.3-0.6 5.6-1.6 1.1-0.3 1.3-0.4 2.3-0.4 0.8 0 1.1 0 2.3 0.2 1.5 0.2 3.5 0.2 4.9 0 5.1-0.6 9.3-2.9 11.4-6.3 0.5-0.9 0.9-1.8 1.1-2.8 0.1-0.5 0.2-1.1 0.2-1.6 0-0.7-0.1-1.1-0.2-1.6-0.3-1.4 0.1 0.5 0 0zM20.6 17.3c0 0.4-0.4 0.8-0.8 0.8h-7.7c-0.4 0-0.8-0.4-0.8-0.8v-4.6c0-0.4 0.4-0.8 0.8-0.8h0.2l0-1.6c0-0.9 0-1.8 0.1-2 0.1-0.6 0.6-1.2 1.1-1.7s1.1-0.7 1.9-0.8c1.8-0.3 3.7 0.7 4.2 2.2 0.1 0.3 0.1 0.7 0.1 2.1v0 1.7h0.1c0.4 0 0.8 0.4 0.8 0.8v4.6zM15.6 7.3c-0.5 0.1-0.8 0.3-1.2 0.6s-0.6 0.8-0.7 1.3c0 0.2 0 0.8 0 1.5l0 1.2h4.6v-1.3c0-1 0-1.4-0.1-1.6-0.3-1.1-1.5-1.9-2.6-1.7zM25.8 28.2c0 1.2-1 2.2-2.1 2.2s-2.1-1-2.1-2.1c0-1.2 1-2.1 2.2-2.1s2.2 1 2.2 2.2zM18.1 28.2c0 1.2-1 2.2-2.1 2.2s-2.1-1-2.1-2.1c0-1.2 1-2.1 2.2-2.1s2.2 1 2.2 2.2zM10.4 28.2c0 1.2-1 2.2-2.1 2.2s-2.1-1-2.1-2.1c0-1.2 1-2.1 2.2-2.1s2.2 1 2.2 2.2z\"\/><\/svg><\/span><span class=\"shariff-text\">teilen<\/span>&nbsp;<\/a><\/li><\/ul><\/div>","protected":false},"excerpt":{"rendered":"<p>Hatte uns der ehemalige Umweltminister J\u00fcrgen Trittin 2004 mit seinem Ausspruch &#8220;Es bleibt dabei, dass die F\u00f6rderung erneuerbarer Energien einen durchschnittlichen Haushalt nur rund 1 Euro im Monat kostet &#8211; so viel wie eine Kugel Eis.&#8221; noch glauben machen wollen, &hellip; <a href=\"https:\/\/www.gegenwind-wetterau.de\/gww983\/index.php\/faktencheck\/steigende-stromkosten\/\">Weiterlesen <span class=\"meta-nav\">&rarr;<\/span><\/a><\/p>\n<div class=\"shariff shariff-align-flex-start shariff-widget-align-flex-start\" data-services=\"facebook\" data-url=\"https%3A%2F%2Fwww.gegenwind-wetterau.de%2Fgww983%2Findex.php%2Ffaktencheck%2Fsteigende-stromkosten%2F\" data-timestamp=\"1493065891\" data-hidezero=\"1\" data-backendurl=\"https:\/\/www.gegenwind-wetterau.de\/gww983\/wp-json\/shariff\/v1\/share_counts?\"><div class=\"ShariffHeadline\">Diesen Beitrag teilen<\/div><ul class=\"shariff-buttons theme-color orientation-horizontal buttonsize-small\"><li class=\"shariff-button facebook shariff-nocustomcolor\" style=\"background-color:#4273c8\"><a href=\"https:\/\/www.facebook.com\/sharer\/sharer.php?u=https%3A%2F%2Fwww.gegenwind-wetterau.de%2Fgww983%2Findex.php%2Ffaktencheck%2Fsteigende-stromkosten%2F\" title=\"Bei Facebook teilen\" aria-label=\"Bei Facebook teilen\" role=\"button\" rel=\"nofollow\" class=\"shariff-link\" style=\"; background-color:#3b5998; color:#fff\" target=\"_blank\"><span class=\"shariff-icon\" style=\"\"><svg width=\"32px\" height=\"20px\" xmlns=\"http:\/\/www.w3.org\/2000\/svg\" viewBox=\"0 0 18 32\"><path fill=\"#3b5998\" d=\"M17.1 0.2v4.7h-2.8q-1.5 0-2.1 0.6t-0.5 1.9v3.4h5.2l-0.7 5.3h-4.5v13.6h-5.5v-13.6h-4.5v-5.3h4.5v-3.9q0-3.3 1.9-5.2t5-1.8q2.6 0 4.1 0.2z\"\/><\/svg><\/span><span class=\"shariff-text\">teilen<\/span>&nbsp;<span data-service=\"facebook\" style=\"color:#3b5998\" class=\"shariff-count shariff-hidezero\"><\/span>&nbsp;<\/a><\/li><li class=\"shariff-button whatsapp shariff-nocustomcolor\" style=\"background-color:#5cbe4a\"><a href=\"https:\/\/api.whatsapp.com\/send?text=https%3A%2F%2Fwww.gegenwind-wetterau.de%2Fgww983%2Findex.php%2Ffaktencheck%2Fsteigende-stromkosten%2F%20Steigende%20Stromkosten\" title=\"Bei Whatsapp teilen\" aria-label=\"Bei Whatsapp teilen\" role=\"button\" rel=\"noopener nofollow\" class=\"shariff-link\" style=\"; background-color:#34af23; color:#fff\" target=\"_blank\"><span class=\"shariff-icon\" style=\"\"><svg width=\"32px\" height=\"20px\" xmlns=\"http:\/\/www.w3.org\/2000\/svg\" viewBox=\"0 0 32 32\"><path fill=\"#34af23\" d=\"M17.6 17.4q0.2 0 1.7 0.8t1.6 0.9q0 0.1 0 0.3 0 0.6-0.3 1.4-0.3 0.7-1.3 1.2t-1.8 0.5q-1 0-3.4-1.1-1.7-0.8-3-2.1t-2.6-3.3q-1.3-1.9-1.3-3.5v-0.1q0.1-1.6 1.3-2.8 0.4-0.4 0.9-0.4 0.1 0 0.3 0t0.3 0q0.3 0 0.5 0.1t0.3 0.5q0.1 0.4 0.6 1.6t0.4 1.3q0 0.4-0.6 1t-0.6 0.8q0 0.1 0.1 0.3 0.6 1.3 1.8 2.4 1 0.9 2.7 1.8 0.2 0.1 0.4 0.1 0.3 0 1-0.9t0.9-0.9zM14 26.9q2.3 0 4.3-0.9t3.6-2.4 2.4-3.6 0.9-4.3-0.9-4.3-2.4-3.6-3.6-2.4-4.3-0.9-4.3 0.9-3.6 2.4-2.4 3.6-0.9 4.3q0 3.6 2.1 6.6l-1.4 4.2 4.3-1.4q2.8 1.9 6.2 1.9zM14 2.2q2.7 0 5.2 1.1t4.3 2.9 2.9 4.3 1.1 5.2-1.1 5.2-2.9 4.3-4.3 2.9-5.2 1.1q-3.5 0-6.5-1.7l-7.4 2.4 2.4-7.2q-1.9-3.2-1.9-6.9 0-2.7 1.1-5.2t2.9-4.3 4.3-2.9 5.2-1.1z\"\/><\/svg><\/span><span class=\"shariff-text\">teilen<\/span>&nbsp;<\/a><\/li><li class=\"shariff-button threema shariff-nocustomcolor shariff-mobile\" style=\"background-color:#4fbc24\"><a href=\"threema:\/\/compose?text=Steigende%20Stromkosten%20https%3A%2F%2Fwww.gegenwind-wetterau.de%2Fgww983%2Findex.php%2Ffaktencheck%2Fsteigende-stromkosten%2F\" title=\"Bei Threema teilen\" aria-label=\"Bei Threema teilen\" role=\"button\" rel=\"noopener nofollow\" class=\"shariff-link\" style=\"; background-color:#1f1f1f; color:#fff\" target=\"_blank\"><span class=\"shariff-icon\" style=\"\"><svg width=\"32px\" height=\"20px\" xmlns=\"http:\/\/www.w3.org\/2000\/svg\" viewBox=\"0 0 32 32\"><path fill=\"#1f1f1f\" d=\"M30.8 10.9c-0.3-1.4-0.9-2.6-1.8-3.8-2-2.6-5.5-4.5-9.4-5.2-1.3-0.2-1.9-0.3-3.5-0.3s-2.2 0-3.5 0.3c-4 0.7-7.4 2.6-9.4 5.2-0.9 1.2-1.5 2.4-1.8 3.8-0.1 0.5-0.2 1.2-0.2 1.6 0 0.4 0.1 1.1 0.2 1.6 0.4 1.9 1.3 3.4 2.9 5 0.8 0.8 0.8 0.8 0.7 1.3 0 0.6-0.5 1.6-1.7 3.6-0.3 0.5-0.5 0.9-0.5 0.9 0 0.1 0.1 0.1 0.5 0 0.8-0.2 2.3-0.6 5.6-1.6 1.1-0.3 1.3-0.4 2.3-0.4 0.8 0 1.1 0 2.3 0.2 1.5 0.2 3.5 0.2 4.9 0 5.1-0.6 9.3-2.9 11.4-6.3 0.5-0.9 0.9-1.8 1.1-2.8 0.1-0.5 0.2-1.1 0.2-1.6 0-0.7-0.1-1.1-0.2-1.6-0.3-1.4 0.1 0.5 0 0zM20.6 17.3c0 0.4-0.4 0.8-0.8 0.8h-7.7c-0.4 0-0.8-0.4-0.8-0.8v-4.6c0-0.4 0.4-0.8 0.8-0.8h0.2l0-1.6c0-0.9 0-1.8 0.1-2 0.1-0.6 0.6-1.2 1.1-1.7s1.1-0.7 1.9-0.8c1.8-0.3 3.7 0.7 4.2 2.2 0.1 0.3 0.1 0.7 0.1 2.1v0 1.7h0.1c0.4 0 0.8 0.4 0.8 0.8v4.6zM15.6 7.3c-0.5 0.1-0.8 0.3-1.2 0.6s-0.6 0.8-0.7 1.3c0 0.2 0 0.8 0 1.5l0 1.2h4.6v-1.3c0-1 0-1.4-0.1-1.6-0.3-1.1-1.5-1.9-2.6-1.7zM25.8 28.2c0 1.2-1 2.2-2.1 2.2s-2.1-1-2.1-2.1c0-1.2 1-2.1 2.2-2.1s2.2 1 2.2 2.2zM18.1 28.2c0 1.2-1 2.2-2.1 2.2s-2.1-1-2.1-2.1c0-1.2 1-2.1 2.2-2.1s2.2 1 2.2 2.2zM10.4 28.2c0 1.2-1 2.2-2.1 2.2s-2.1-1-2.1-2.1c0-1.2 1-2.1 2.2-2.1s2.2 1 2.2 2.2z\"\/><\/svg><\/span><span class=\"shariff-text\">teilen<\/span>&nbsp;<\/a><\/li><\/ul><\/div>","protected":false},"author":2,"featured_media":0,"parent":3088,"menu_order":70,"comment_status":"closed","ping_status":"closed","template":"","meta":{"footnotes":""},"class_list":["post-3120","page","type-page","status-publish","hentry"],"_links":{"self":[{"href":"https:\/\/www.gegenwind-wetterau.de\/gww983\/index.php\/wp-json\/wp\/v2\/pages\/3120","targetHints":{"allow":["GET"]}}],"collection":[{"href":"https:\/\/www.gegenwind-wetterau.de\/gww983\/index.php\/wp-json\/wp\/v2\/pages"}],"about":[{"href":"https:\/\/www.gegenwind-wetterau.de\/gww983\/index.php\/wp-json\/wp\/v2\/types\/page"}],"author":[{"embeddable":true,"href":"https:\/\/www.gegenwind-wetterau.de\/gww983\/index.php\/wp-json\/wp\/v2\/users\/2"}],"replies":[{"embeddable":true,"href":"https:\/\/www.gegenwind-wetterau.de\/gww983\/index.php\/wp-json\/wp\/v2\/comments?post=3120"}],"version-history":[{"count":15,"href":"https:\/\/www.gegenwind-wetterau.de\/gww983\/index.php\/wp-json\/wp\/v2\/pages\/3120\/revisions"}],"predecessor-version":[{"id":3385,"href":"https:\/\/www.gegenwind-wetterau.de\/gww983\/index.php\/wp-json\/wp\/v2\/pages\/3120\/revisions\/3385"}],"up":[{"embeddable":true,"href":"https:\/\/www.gegenwind-wetterau.de\/gww983\/index.php\/wp-json\/wp\/v2\/pages\/3088"}],"wp:attachment":[{"href":"https:\/\/www.gegenwind-wetterau.de\/gww983\/index.php\/wp-json\/wp\/v2\/media?parent=3120"}],"curies":[{"name":"wp","href":"https:\/\/api.w.org\/{rel}","templated":true}]}}