{"id":3116,"date":"2017-03-05T15:48:13","date_gmt":"2017-03-05T13:48:13","guid":{"rendered":"http:\/\/www.gegenwind-wetterau.de\/gww983\/?page_id=3116"},"modified":"2017-04-16T11:42:08","modified_gmt":"2017-04-16T09:42:08","slug":"zerstoerung-ihres-lebensraums","status":"publish","type":"page","link":"https:\/\/www.gegenwind-wetterau.de\/gww983\/index.php\/faktencheck\/zerstoerung-ihres-lebensraums\/","title":{"rendered":"Zerst\u00f6rung ihres Lebensraums"},"content":{"rendered":"<p style=\"text-align: justify;\"><a href=\"https:\/\/www.gegenwind-wetterau.de\/gww983\/wp-content\/uploads\/2017\/04\/Sie-bezahlen-Mit-der-Zerst\u00f6rung-ihres-Lebensraumes.jpg\"><img loading=\"lazy\" decoding=\"async\" class=\"wp-image-3258 size-full alignleft\" src=\"https:\/\/www.gegenwind-wetterau.de\/gww983\/wp-content\/uploads\/2017\/04\/Sie-bezahlen-Mit-der-Zerst\u00f6rung-ihres-Lebensraumes.jpg\" alt=\"\" width=\"310\" height=\"413\" srcset=\"https:\/\/www.gegenwind-wetterau.de\/gww983\/wp-content\/uploads\/2017\/04\/Sie-bezahlen-Mit-der-Zerst\u00f6rung-ihres-Lebensraumes.jpg 310w, https:\/\/www.gegenwind-wetterau.de\/gww983\/wp-content\/uploads\/2017\/04\/Sie-bezahlen-Mit-der-Zerst\u00f6rung-ihres-Lebensraumes-225x300.jpg 225w\" sizes=\"auto, (max-width: 310px) 100vw, 310px\" \/><\/a>Neben vielen Menschen geh\u00f6ren aber auch besonders viele Tiere und hier leider eben auch gesch\u00fctzte Arten zu den gro\u00dfen Verlieren der Energiewende beim Weiterausbau der industriellen Windkraft. So werden bereits beim Bau der industriellen Windkraft und den hierf\u00fcr erforderlichen Fl\u00e4chen, Zuwegungen als auch Infrastrukturen, Lebensr\u00e4ume von vielen Tieren unwiderruflich zerst\u00f6rt. <strong>Leider machen sich in den letzten Jahren besonders die Gr\u00fcnenpolitiker daf\u00fcr stark, den Naturschutz und in j\u00fcngster Zeit auch den Artenschutz weiter herabzustufen, um so alle m\u00f6glichen Hindernisse f\u00fcr den Weiterausbau der industriellen Windkraft aus den Weg zu schaffen.<\/strong> Nach deren Einsch\u00e4tzung kann dieses wichtige Vorhaben zur Rettung unseres Planeten nicht vor W\u00e4ldern, ein paar V\u00f6geln und Flederm\u00e4usen halt machen. Wir als Menschen kommen bei dieser Betrachtungsweise erst gar nicht vor.<br \/>\nIst die industrielle Windkraft erst einmal installiert, werden beim Betrieb weitere Tiere wie V\u00f6gel und Flederm\u00e4use in gro\u00dfer Zahl get\u00f6tet. Das f\u00fchrt zum Verschwinden gesch\u00fctzter Arten aus dem Umfeld bestehender Anlagen und macht so den Weg frei f\u00fcr die Errichtung weiterer Anlagen. Denn wo nichts Sch\u00fctzenswertes mehr vorhanden ist, gibt es auch keinen Grund warum man nicht weitere Windkraftanlagen errichten soll&#8230;<\/p>\n<ul>\n<li style=\"text-align: justify;\"><strong>Film von Andreas Kieling<\/strong> &#8211; V\u00f6gel als Opfer der industriellen Windkraft<\/li>\n<\/ul>\n<p style=\"padding-left: 30px;\"><iframe loading=\"lazy\" src=\"https:\/\/www.youtube.com\/embed\/zXs3yNJTydw\" width=\"560\" height=\"315\" frameborder=\"0\" allowfullscreen=\"allowfullscreen\"><\/iframe><\/p>\n<ul>\n<li><strong>Vogeltod durch Propellerschlag<\/strong> \u2013 Ein gesunder Bussard wird Opfer einer Windkraftanlage<\/li>\n<\/ul>\n<p style=\"padding-left: 30px;\"><iframe loading=\"lazy\" src=\"https:\/\/www.youtube.com\/embed\/3v5VLGVPX9c\" width=\"560\" height=\"315\" frameborder=\"0\" allowfullscreen=\"allowfullscreen\"><\/iframe><\/p>\n<ul>\n<li><strong>Rotmilan und Windenergie<\/strong> &#8211; <a href=\"https:\/\/www.nabu.de\/imperia\/md\/content\/nabude\/energie\/wind\/160406-nabu-faktencheck-rotmilan-und-windenergie.pdf\" target=\"_blank\">Ein Faktencheck -Stellungnahme zu Dokumenten aus der Windenergiebranche<\/a><\/li>\n<\/ul>\n<ul>\n<li><strong>12.04.2017<\/strong> &#8211; <a href=\"https:\/\/www.nwzonline.de\/wirtschaft\/weser-ems\/vogeltoetung-fuer-windparks-genehmigt_a_31,2,3464812308.html\" target=\"_blank\">Bau Von Windparks: T\u00f6tung von gesch\u00fctzten V\u00f6geln im gro\u00dfen Stil genehmigt<\/a><\/li>\n<li><strong>14.12.2016<\/strong> &#8211; <a href=\"http:\/\/www.vernunftkraft-odenwald.de\/wp-content\/uploads\/Gesetzentwurf__BNatSchG_Novelle_2017_clean.pdf\" target=\"_blank\">Umweltministerium plant massive Verschlechterungen des Naturschutzrechtes<\/a><\/li>\n<li><strong>16.11.2016<\/strong> &#8211; <strong><em>Priska Hinz (B\u00fcndnis90\/Die Gr\u00fcnen):<\/em><\/strong>\u00a0<a href=\"http:\/\/www.vernunftkraft-hessen.de\/wordpress\/2017\/01\/29\/fdp-antwort-priska-hinz-windkraft-und-ausnahmen-vom-toetungsverbot\/\" target=\"_blank\">Windkraft und Ausnahmen vom T\u00f6tungsverbot<\/a><\/li>\n<li><strong>27.04.2016<\/strong> &#8211; <strong><em>Priska Hinz (B\u00fcndnis90\/Die Gr\u00fcnen):<\/em><\/strong> <a href=\"http:\/\/www.vernunftkraft-hessen.de\/wordpress\/2017\/01\/29\/spd-antwort-priska-hinz-bimschg-genehmigungsverfahren-fuer-wka-in-hessen\/\" target=\"_blank\">Ministerium verhilft Windkraftindustrie zu lukrativen Subventionen<\/a><\/li>\n<li><strong>07.03.2015<\/strong> &#8211; <strong><em>DAV<\/em><\/strong> \u2013 <a title=\"Wie Naturschutzbelange auf kommunaler Ebene einfach ausgeblendet werden am Beispiel der Stadt Ottweiler\" href=\"http:\/\/www.deutscherarbeitgeberverband.de\/aktuelles\/2015\/2015_03_08_dav_aktuelles_windrad_subventionspolitik.html?q=8.%20m%C3%A4rz%202015\" target=\"_blank\">Windrad-Subventionsindustrie und Politik: Artenschutz ade<\/a><\/li>\n<li><strong>11.02.2015<\/strong> &#8211; <strong><em>Die Welt<\/em><\/strong> \u2013 <a title=\"Durch die rund 24.000 Windkraftanlagen in Deutschland werden jedes Jahr Hunderttausende Flederm\u00e4use get\u00f6tet\" href=\"http:\/\/www.welt.de\/wissenschaft\/umwelt\/article137353957\/Windraeder-schreddern-250-000-Fledermaeuse-im-Jahr.html\" target=\"_blank\">Windr\u00e4der schreddern 250.000 Flederm\u00e4use pro Jahr<\/a><\/li>\n<\/ul>\n<div class=\"shariff shariff-align-flex-start shariff-widget-align-flex-start\" data-services=\"facebook\" data-url=\"https%3A%2F%2Fwww.gegenwind-wetterau.de%2Fgww983%2Findex.php%2Ffaktencheck%2Fzerstoerung-ihres-lebensraums%2F\" data-timestamp=\"1492342928\" data-hidezero=\"1\" data-backendurl=\"https:\/\/www.gegenwind-wetterau.de\/gww983\/wp-json\/shariff\/v1\/share_counts?\"><div class=\"ShariffHeadline\">Diesen Beitrag teilen<\/div><ul class=\"shariff-buttons theme-color orientation-horizontal buttonsize-small\"><li class=\"shariff-button facebook shariff-nocustomcolor\" style=\"background-color:#4273c8\"><a href=\"https:\/\/www.facebook.com\/sharer\/sharer.php?u=https%3A%2F%2Fwww.gegenwind-wetterau.de%2Fgww983%2Findex.php%2Ffaktencheck%2Fzerstoerung-ihres-lebensraums%2F\" title=\"Bei Facebook teilen\" aria-label=\"Bei Facebook teilen\" role=\"button\" rel=\"nofollow\" class=\"shariff-link\" style=\"; background-color:#3b5998; color:#fff\" target=\"_blank\"><span class=\"shariff-icon\" style=\"\"><svg width=\"32px\" height=\"20px\" xmlns=\"http:\/\/www.w3.org\/2000\/svg\" viewBox=\"0 0 18 32\"><path fill=\"#3b5998\" d=\"M17.1 0.2v4.7h-2.8q-1.5 0-2.1 0.6t-0.5 1.9v3.4h5.2l-0.7 5.3h-4.5v13.6h-5.5v-13.6h-4.5v-5.3h4.5v-3.9q0-3.3 1.9-5.2t5-1.8q2.6 0 4.1 0.2z\"\/><\/svg><\/span><span class=\"shariff-text\">teilen<\/span>&nbsp;<span data-service=\"facebook\" style=\"color:#3b5998\" class=\"shariff-count shariff-hidezero\"><\/span>&nbsp;<\/a><\/li><li class=\"shariff-button whatsapp shariff-nocustomcolor\" style=\"background-color:#5cbe4a\"><a href=\"https:\/\/api.whatsapp.com\/send?text=https%3A%2F%2Fwww.gegenwind-wetterau.de%2Fgww983%2Findex.php%2Ffaktencheck%2Fzerstoerung-ihres-lebensraums%2F%20Zerst%C3%B6rung%20ihres%20Lebensraums\" title=\"Bei Whatsapp teilen\" aria-label=\"Bei Whatsapp teilen\" role=\"button\" rel=\"noopener nofollow\" class=\"shariff-link\" style=\"; background-color:#34af23; color:#fff\" target=\"_blank\"><span class=\"shariff-icon\" style=\"\"><svg width=\"32px\" height=\"20px\" xmlns=\"http:\/\/www.w3.org\/2000\/svg\" viewBox=\"0 0 32 32\"><path fill=\"#34af23\" d=\"M17.6 17.4q0.2 0 1.7 0.8t1.6 0.9q0 0.1 0 0.3 0 0.6-0.3 1.4-0.3 0.7-1.3 1.2t-1.8 0.5q-1 0-3.4-1.1-1.7-0.8-3-2.1t-2.6-3.3q-1.3-1.9-1.3-3.5v-0.1q0.1-1.6 1.3-2.8 0.4-0.4 0.9-0.4 0.1 0 0.3 0t0.3 0q0.3 0 0.5 0.1t0.3 0.5q0.1 0.4 0.6 1.6t0.4 1.3q0 0.4-0.6 1t-0.6 0.8q0 0.1 0.1 0.3 0.6 1.3 1.8 2.4 1 0.9 2.7 1.8 0.2 0.1 0.4 0.1 0.3 0 1-0.9t0.9-0.9zM14 26.9q2.3 0 4.3-0.9t3.6-2.4 2.4-3.6 0.9-4.3-0.9-4.3-2.4-3.6-3.6-2.4-4.3-0.9-4.3 0.9-3.6 2.4-2.4 3.6-0.9 4.3q0 3.6 2.1 6.6l-1.4 4.2 4.3-1.4q2.8 1.9 6.2 1.9zM14 2.2q2.7 0 5.2 1.1t4.3 2.9 2.9 4.3 1.1 5.2-1.1 5.2-2.9 4.3-4.3 2.9-5.2 1.1q-3.5 0-6.5-1.7l-7.4 2.4 2.4-7.2q-1.9-3.2-1.9-6.9 0-2.7 1.1-5.2t2.9-4.3 4.3-2.9 5.2-1.1z\"\/><\/svg><\/span><span class=\"shariff-text\">teilen<\/span>&nbsp;<\/a><\/li><li class=\"shariff-button threema shariff-nocustomcolor shariff-mobile\" style=\"background-color:#4fbc24\"><a href=\"threema:\/\/compose?text=Zerst%C3%B6rung%20ihres%20Lebensraums%20https%3A%2F%2Fwww.gegenwind-wetterau.de%2Fgww983%2Findex.php%2Ffaktencheck%2Fzerstoerung-ihres-lebensraums%2F\" title=\"Bei Threema teilen\" aria-label=\"Bei Threema teilen\" role=\"button\" rel=\"noopener nofollow\" class=\"shariff-link\" style=\"; background-color:#1f1f1f; color:#fff\" target=\"_blank\"><span class=\"shariff-icon\" style=\"\"><svg width=\"32px\" height=\"20px\" xmlns=\"http:\/\/www.w3.org\/2000\/svg\" viewBox=\"0 0 32 32\"><path fill=\"#1f1f1f\" d=\"M30.8 10.9c-0.3-1.4-0.9-2.6-1.8-3.8-2-2.6-5.5-4.5-9.4-5.2-1.3-0.2-1.9-0.3-3.5-0.3s-2.2 0-3.5 0.3c-4 0.7-7.4 2.6-9.4 5.2-0.9 1.2-1.5 2.4-1.8 3.8-0.1 0.5-0.2 1.2-0.2 1.6 0 0.4 0.1 1.1 0.2 1.6 0.4 1.9 1.3 3.4 2.9 5 0.8 0.8 0.8 0.8 0.7 1.3 0 0.6-0.5 1.6-1.7 3.6-0.3 0.5-0.5 0.9-0.5 0.9 0 0.1 0.1 0.1 0.5 0 0.8-0.2 2.3-0.6 5.6-1.6 1.1-0.3 1.3-0.4 2.3-0.4 0.8 0 1.1 0 2.3 0.2 1.5 0.2 3.5 0.2 4.9 0 5.1-0.6 9.3-2.9 11.4-6.3 0.5-0.9 0.9-1.8 1.1-2.8 0.1-0.5 0.2-1.1 0.2-1.6 0-0.7-0.1-1.1-0.2-1.6-0.3-1.4 0.1 0.5 0 0zM20.6 17.3c0 0.4-0.4 0.8-0.8 0.8h-7.7c-0.4 0-0.8-0.4-0.8-0.8v-4.6c0-0.4 0.4-0.8 0.8-0.8h0.2l0-1.6c0-0.9 0-1.8 0.1-2 0.1-0.6 0.6-1.2 1.1-1.7s1.1-0.7 1.9-0.8c1.8-0.3 3.7 0.7 4.2 2.2 0.1 0.3 0.1 0.7 0.1 2.1v0 1.7h0.1c0.4 0 0.8 0.4 0.8 0.8v4.6zM15.6 7.3c-0.5 0.1-0.8 0.3-1.2 0.6s-0.6 0.8-0.7 1.3c0 0.2 0 0.8 0 1.5l0 1.2h4.6v-1.3c0-1 0-1.4-0.1-1.6-0.3-1.1-1.5-1.9-2.6-1.7zM25.8 28.2c0 1.2-1 2.2-2.1 2.2s-2.1-1-2.1-2.1c0-1.2 1-2.1 2.2-2.1s2.2 1 2.2 2.2zM18.1 28.2c0 1.2-1 2.2-2.1 2.2s-2.1-1-2.1-2.1c0-1.2 1-2.1 2.2-2.1s2.2 1 2.2 2.2zM10.4 28.2c0 1.2-1 2.2-2.1 2.2s-2.1-1-2.1-2.1c0-1.2 1-2.1 2.2-2.1s2.2 1 2.2 2.2z\"\/><\/svg><\/span><span class=\"shariff-text\">teilen<\/span>&nbsp;<\/a><\/li><\/ul><\/div>","protected":false},"excerpt":{"rendered":"<p>Neben vielen Menschen geh\u00f6ren aber auch besonders viele Tiere und hier leider eben auch gesch\u00fctzte Arten zu den gro\u00dfen Verlieren der Energiewende beim Weiterausbau der industriellen Windkraft. So werden bereits beim Bau der industriellen Windkraft und den hierf\u00fcr erforderlichen Fl\u00e4chen, &hellip; <a href=\"https:\/\/www.gegenwind-wetterau.de\/gww983\/index.php\/faktencheck\/zerstoerung-ihres-lebensraums\/\">Weiterlesen <span class=\"meta-nav\">&rarr;<\/span><\/a><\/p>\n<div class=\"shariff shariff-align-flex-start shariff-widget-align-flex-start\" data-services=\"facebook\" data-url=\"https%3A%2F%2Fwww.gegenwind-wetterau.de%2Fgww983%2Findex.php%2Ffaktencheck%2Fzerstoerung-ihres-lebensraums%2F\" data-timestamp=\"1492342928\" data-hidezero=\"1\" data-backendurl=\"https:\/\/www.gegenwind-wetterau.de\/gww983\/wp-json\/shariff\/v1\/share_counts?\"><div class=\"ShariffHeadline\">Diesen Beitrag teilen<\/div><ul class=\"shariff-buttons theme-color orientation-horizontal buttonsize-small\"><li class=\"shariff-button facebook shariff-nocustomcolor\" style=\"background-color:#4273c8\"><a href=\"https:\/\/www.facebook.com\/sharer\/sharer.php?u=https%3A%2F%2Fwww.gegenwind-wetterau.de%2Fgww983%2Findex.php%2Ffaktencheck%2Fzerstoerung-ihres-lebensraums%2F\" title=\"Bei Facebook teilen\" aria-label=\"Bei Facebook teilen\" role=\"button\" rel=\"nofollow\" class=\"shariff-link\" style=\"; background-color:#3b5998; color:#fff\" target=\"_blank\"><span class=\"shariff-icon\" style=\"\"><svg width=\"32px\" height=\"20px\" xmlns=\"http:\/\/www.w3.org\/2000\/svg\" viewBox=\"0 0 18 32\"><path fill=\"#3b5998\" d=\"M17.1 0.2v4.7h-2.8q-1.5 0-2.1 0.6t-0.5 1.9v3.4h5.2l-0.7 5.3h-4.5v13.6h-5.5v-13.6h-4.5v-5.3h4.5v-3.9q0-3.3 1.9-5.2t5-1.8q2.6 0 4.1 0.2z\"\/><\/svg><\/span><span class=\"shariff-text\">teilen<\/span>&nbsp;<span data-service=\"facebook\" style=\"color:#3b5998\" class=\"shariff-count shariff-hidezero\"><\/span>&nbsp;<\/a><\/li><li class=\"shariff-button whatsapp shariff-nocustomcolor\" style=\"background-color:#5cbe4a\"><a href=\"https:\/\/api.whatsapp.com\/send?text=https%3A%2F%2Fwww.gegenwind-wetterau.de%2Fgww983%2Findex.php%2Ffaktencheck%2Fzerstoerung-ihres-lebensraums%2F%20Zerst%C3%B6rung%20ihres%20Lebensraums\" title=\"Bei Whatsapp teilen\" aria-label=\"Bei Whatsapp teilen\" role=\"button\" rel=\"noopener nofollow\" class=\"shariff-link\" style=\"; background-color:#34af23; color:#fff\" target=\"_blank\"><span class=\"shariff-icon\" style=\"\"><svg width=\"32px\" height=\"20px\" xmlns=\"http:\/\/www.w3.org\/2000\/svg\" viewBox=\"0 0 32 32\"><path fill=\"#34af23\" d=\"M17.6 17.4q0.2 0 1.7 0.8t1.6 0.9q0 0.1 0 0.3 0 0.6-0.3 1.4-0.3 0.7-1.3 1.2t-1.8 0.5q-1 0-3.4-1.1-1.7-0.8-3-2.1t-2.6-3.3q-1.3-1.9-1.3-3.5v-0.1q0.1-1.6 1.3-2.8 0.4-0.4 0.9-0.4 0.1 0 0.3 0t0.3 0q0.3 0 0.5 0.1t0.3 0.5q0.1 0.4 0.6 1.6t0.4 1.3q0 0.4-0.6 1t-0.6 0.8q0 0.1 0.1 0.3 0.6 1.3 1.8 2.4 1 0.9 2.7 1.8 0.2 0.1 0.4 0.1 0.3 0 1-0.9t0.9-0.9zM14 26.9q2.3 0 4.3-0.9t3.6-2.4 2.4-3.6 0.9-4.3-0.9-4.3-2.4-3.6-3.6-2.4-4.3-0.9-4.3 0.9-3.6 2.4-2.4 3.6-0.9 4.3q0 3.6 2.1 6.6l-1.4 4.2 4.3-1.4q2.8 1.9 6.2 1.9zM14 2.2q2.7 0 5.2 1.1t4.3 2.9 2.9 4.3 1.1 5.2-1.1 5.2-2.9 4.3-4.3 2.9-5.2 1.1q-3.5 0-6.5-1.7l-7.4 2.4 2.4-7.2q-1.9-3.2-1.9-6.9 0-2.7 1.1-5.2t2.9-4.3 4.3-2.9 5.2-1.1z\"\/><\/svg><\/span><span class=\"shariff-text\">teilen<\/span>&nbsp;<\/a><\/li><li class=\"shariff-button threema shariff-nocustomcolor shariff-mobile\" style=\"background-color:#4fbc24\"><a href=\"threema:\/\/compose?text=Zerst%C3%B6rung%20ihres%20Lebensraums%20https%3A%2F%2Fwww.gegenwind-wetterau.de%2Fgww983%2Findex.php%2Ffaktencheck%2Fzerstoerung-ihres-lebensraums%2F\" title=\"Bei Threema teilen\" aria-label=\"Bei Threema teilen\" role=\"button\" rel=\"noopener nofollow\" class=\"shariff-link\" style=\"; background-color:#1f1f1f; color:#fff\" target=\"_blank\"><span class=\"shariff-icon\" style=\"\"><svg width=\"32px\" height=\"20px\" xmlns=\"http:\/\/www.w3.org\/2000\/svg\" viewBox=\"0 0 32 32\"><path fill=\"#1f1f1f\" d=\"M30.8 10.9c-0.3-1.4-0.9-2.6-1.8-3.8-2-2.6-5.5-4.5-9.4-5.2-1.3-0.2-1.9-0.3-3.5-0.3s-2.2 0-3.5 0.3c-4 0.7-7.4 2.6-9.4 5.2-0.9 1.2-1.5 2.4-1.8 3.8-0.1 0.5-0.2 1.2-0.2 1.6 0 0.4 0.1 1.1 0.2 1.6 0.4 1.9 1.3 3.4 2.9 5 0.8 0.8 0.8 0.8 0.7 1.3 0 0.6-0.5 1.6-1.7 3.6-0.3 0.5-0.5 0.9-0.5 0.9 0 0.1 0.1 0.1 0.5 0 0.8-0.2 2.3-0.6 5.6-1.6 1.1-0.3 1.3-0.4 2.3-0.4 0.8 0 1.1 0 2.3 0.2 1.5 0.2 3.5 0.2 4.9 0 5.1-0.6 9.3-2.9 11.4-6.3 0.5-0.9 0.9-1.8 1.1-2.8 0.1-0.5 0.2-1.1 0.2-1.6 0-0.7-0.1-1.1-0.2-1.6-0.3-1.4 0.1 0.5 0 0zM20.6 17.3c0 0.4-0.4 0.8-0.8 0.8h-7.7c-0.4 0-0.8-0.4-0.8-0.8v-4.6c0-0.4 0.4-0.8 0.8-0.8h0.2l0-1.6c0-0.9 0-1.8 0.1-2 0.1-0.6 0.6-1.2 1.1-1.7s1.1-0.7 1.9-0.8c1.8-0.3 3.7 0.7 4.2 2.2 0.1 0.3 0.1 0.7 0.1 2.1v0 1.7h0.1c0.4 0 0.8 0.4 0.8 0.8v4.6zM15.6 7.3c-0.5 0.1-0.8 0.3-1.2 0.6s-0.6 0.8-0.7 1.3c0 0.2 0 0.8 0 1.5l0 1.2h4.6v-1.3c0-1 0-1.4-0.1-1.6-0.3-1.1-1.5-1.9-2.6-1.7zM25.8 28.2c0 1.2-1 2.2-2.1 2.2s-2.1-1-2.1-2.1c0-1.2 1-2.1 2.2-2.1s2.2 1 2.2 2.2zM18.1 28.2c0 1.2-1 2.2-2.1 2.2s-2.1-1-2.1-2.1c0-1.2 1-2.1 2.2-2.1s2.2 1 2.2 2.2zM10.4 28.2c0 1.2-1 2.2-2.1 2.2s-2.1-1-2.1-2.1c0-1.2 1-2.1 2.2-2.1s2.2 1 2.2 2.2z\"\/><\/svg><\/span><span class=\"shariff-text\">teilen<\/span>&nbsp;<\/a><\/li><\/ul><\/div>","protected":false},"author":2,"featured_media":0,"parent":3088,"menu_order":60,"comment_status":"closed","ping_status":"closed","template":"","meta":{"footnotes":""},"class_list":["post-3116","page","type-page","status-publish","hentry"],"_links":{"self":[{"href":"https:\/\/www.gegenwind-wetterau.de\/gww983\/index.php\/wp-json\/wp\/v2\/pages\/3116","targetHints":{"allow":["GET"]}}],"collection":[{"href":"https:\/\/www.gegenwind-wetterau.de\/gww983\/index.php\/wp-json\/wp\/v2\/pages"}],"about":[{"href":"https:\/\/www.gegenwind-wetterau.de\/gww983\/index.php\/wp-json\/wp\/v2\/types\/page"}],"author":[{"embeddable":true,"href":"https:\/\/www.gegenwind-wetterau.de\/gww983\/index.php\/wp-json\/wp\/v2\/users\/2"}],"replies":[{"embeddable":true,"href":"https:\/\/www.gegenwind-wetterau.de\/gww983\/index.php\/wp-json\/wp\/v2\/comments?post=3116"}],"version-history":[{"count":19,"href":"https:\/\/www.gegenwind-wetterau.de\/gww983\/index.php\/wp-json\/wp\/v2\/pages\/3116\/revisions"}],"predecessor-version":[{"id":3316,"href":"https:\/\/www.gegenwind-wetterau.de\/gww983\/index.php\/wp-json\/wp\/v2\/pages\/3116\/revisions\/3316"}],"up":[{"embeddable":true,"href":"https:\/\/www.gegenwind-wetterau.de\/gww983\/index.php\/wp-json\/wp\/v2\/pages\/3088"}],"wp:attachment":[{"href":"https:\/\/www.gegenwind-wetterau.de\/gww983\/index.php\/wp-json\/wp\/v2\/media?parent=3116"}],"curies":[{"name":"wp","href":"https:\/\/api.w.org\/{rel}","templated":true}]}}