{"id":3109,"date":"2017-03-05T15:42:43","date_gmt":"2017-03-05T13:42:43","guid":{"rendered":"http:\/\/www.gegenwind-wetterau.de\/gww983\/?page_id=3109"},"modified":"2017-04-16T11:56:44","modified_gmt":"2017-04-16T09:56:44","slug":"wertverlust-deines-eigentums","status":"publish","type":"page","link":"https:\/\/www.gegenwind-wetterau.de\/gww983\/index.php\/faktencheck\/wertverlust-deines-eigentums\/","title":{"rendered":"Wertverlust Deines Eigentums"},"content":{"rendered":"<p style=\"text-align: justify;\"><a href=\"https:\/\/www.gegenwind-wetterau.de\/gww983\/wp-content\/uploads\/2017\/04\/Du-bezahlst-Mit-Wertverlust-Deines-Eigentums.jpg\"><img loading=\"lazy\" decoding=\"async\" class=\"wp-image-3257 size-full alignleft\" src=\"https:\/\/www.gegenwind-wetterau.de\/gww983\/wp-content\/uploads\/2017\/04\/Du-bezahlst-Mit-Wertverlust-Deines-Eigentums.jpg\" alt=\"\" width=\"310\" height=\"413\" srcset=\"https:\/\/www.gegenwind-wetterau.de\/gww983\/wp-content\/uploads\/2017\/04\/Du-bezahlst-Mit-Wertverlust-Deines-Eigentums.jpg 310w, https:\/\/www.gegenwind-wetterau.de\/gww983\/wp-content\/uploads\/2017\/04\/Du-bezahlst-Mit-Wertverlust-Deines-Eigentums-225x300.jpg 225w\" sizes=\"auto, (max-width: 310px) 100vw, 310px\" \/><\/a>Sicherlich geh\u00f6rt der Erwerb einer eigenen Wohnung, der Bau des eigenen Wohnhauses f\u00fcr die meisten von uns zu einer der gr\u00f6\u00dften und spannendsten Herausforderungen\u00a0 in unserem Leben. Es ist ein Projekt, welches wohl bedacht und gut beh\u00fctet auf den Weg gebracht werden muss. Jeder von uns wird bei diesem gro\u00dfen Vorhaben individuelle Schwerpunkte setzen, aber f\u00fcr die meisten von uns steht die Schaffung einer Wertanlage f\u00fcr den sp\u00e4teren Lebensabend unter den ersten f\u00fcnf Zielen.<br \/>\n<strong>Was passiert eigentlich mit dem Wert meines Eigentums, wenn sich die industrielle Windkraft als m\u00f6glicher neuer Nachbar ank\u00fcndigt?<\/strong> Bereits diese Nachricht f\u00fchrt zu einem Wertverlust, da jedes Eigentum in Nachbarschaft zu einem potentiellen Industriegebiet an Wert verliert. Entsteht dann in der Folge tats\u00e4chlich ein Industriegebiet mit Windkraftanlagen im sichtbaren Bereich, so sind Wertverluste des Eigentums von bis zu 30% m\u00f6glich. Das hei\u00dft aber noch lange nicht, dass jemand bereit w\u00e4re eine Wohnung neben einem solchen Industriegebiet zu kaufen. Daher wird Eigentum in unmittelbarer Nachbarschaft zur industriellen Windkraft in aller Regel als unverk\u00e4uflich eingestuft.<br \/>\nDar\u00fcber hinaus kann es bereits bei der Abzahlung des erworbenen Eigentums zu Schwierigkeiten mit der Anschlussfinanzierung kommen. Sinkt aufgrund des Industriegebietes der Beleihungswert der Immobilie unter den Wert des erforderlichen Kredits, so muss die Bank nicht mehr mitspielen. Lassen Sie es erst gar nicht so weit kommen und informieren und engagieren sie sich zu diesem Thema in unserer B\u00fcrgerinitiative oder unterst\u00fctzen Sie uns mit einer <a href=\"https:\/\/www.gegenwind-wetterau.de\/gww983\/index.php\/unterstuetzung\/\">Spende<\/a>.<\/p>\n<ul>\n<li style=\"text-align: justify;\"><strong>Faktensammlung Windkraft<\/strong> \u2013 <a title=\"Windkraftanlagen f\u00fchren zu massivem Wertverlust der Wohnimmobilien\" href=\"http:\/\/www.ulrich-richter.de\/fakten\/immobilienwert\/\" target=\"_blank\">Immobilien in der N\u00e4he von Windkraftanlagen verlieren erheblich an Wert<\/a><\/li>\n<li><strong>Haus und Grund<\/strong> \u2013 <a title=\"Nur Wenige profitieren von den Verlusten vieler Immobilienbesitzer\" href=\"http:\/\/www.hugw.de\/presse_146.html\" target=\"_blank\">Bau von Windr\u00e4dern verursacht massiver Wertverlust von benachbarten Grundst\u00fccken und Wohngeb\u00e4uden<\/a><\/li>\n<li><strong>Immonet News<\/strong> \u2013 <a title=\"Betroffene Immobilien verlieren bis zu 30% an Wert bis hin zur Unverk\u00e4uflichkeit\" href=\"http:\/\/news.immonet.de\/windraeder-druecken-immobilienpreise\/9046\" target=\"_blank\">Windr\u00e4der dr\u00fccken die Immobilienpreise<\/a><\/li>\n<\/ul>\n<ul>\n<li style=\"text-align: justify;\"><strong>18.06.2015<\/strong> &#8211;<strong><em> Rhein-Neckar-Zeitung<\/em><\/strong> \u2013 <a title=\"Dr. Axel Tausendpfund von der Eigent\u00fcmergemeinschaft Haus &amp; Grund bef\u00fcrchtet genau dies und warnt im RNZ-Interview vor Wertverfall\" href=\"http:\/\/www.rnz.de\/nachrichten\/buchen_artikel,-Gefaehrden-Windraeder-die-Werte-angrenzender-Immobilien-_arid,104820.html\" target=\"_blank\">Gef\u00e4hrden Windr\u00e4der die Werte angrenzender Immobilien?<\/a><\/li>\n<li style=\"text-align: justify;\"><strong>11.01.2015<\/strong> &#8211; <strong><em>Prof. Dr. Michael Elicker<\/em><\/strong> &#8211; <a href=\"http:\/\/www.vernunftkraft-odenwald.de\/wp-content\/uploads\/Entsch%C3%A4digungslose-Enteignung.pdf\" target=\"_blank\">Bisher entsch\u00e4digungslose Enteignung des H\u00e4uslebauers zugunsten privater Gesch\u00e4ftemacher<br \/>\n<\/a><strong>Homepage:<\/strong> <a href=\"http:\/\/www.windkraft-anwalt.de\/\" target=\"_blank\">Rechtsberatung f\u00fcr Kommunen, Naturschutz und betroffene B\u00fcrger<\/a><\/li>\n<li style=\"text-align: justify;\"><strong>2003<\/strong> &#8211; <strong><em>Prof. Dr. J\u00fcrgen Hasse<\/em><\/strong> &#8211; <a href=\"http:\/\/www.vernunftkraft-odenwald.de\/wp-content\/uploads\/Einfluss-von-WKA-auf-den-Verkehrswert-bebauter-Wohngrundstuecke.pdf\" target=\"_blank\">Der Einfluss von Windkraftanlagen auf den Verkehrswert bebauter Wohngrundst\u00fccke<\/a><\/li>\n<\/ul>\n<div class=\"shariff shariff-align-flex-start shariff-widget-align-flex-start\" data-services=\"facebook\" data-url=\"https%3A%2F%2Fwww.gegenwind-wetterau.de%2Fgww983%2Findex.php%2Ffaktencheck%2Fwertverlust-deines-eigentums%2F\" data-timestamp=\"1492343804\" data-hidezero=\"1\" data-backendurl=\"https:\/\/www.gegenwind-wetterau.de\/gww983\/wp-json\/shariff\/v1\/share_counts?\"><div class=\"ShariffHeadline\">Diesen Beitrag teilen<\/div><ul class=\"shariff-buttons theme-color orientation-horizontal buttonsize-small\"><li class=\"shariff-button facebook shariff-nocustomcolor\" style=\"background-color:#4273c8\"><a href=\"https:\/\/www.facebook.com\/sharer\/sharer.php?u=https%3A%2F%2Fwww.gegenwind-wetterau.de%2Fgww983%2Findex.php%2Ffaktencheck%2Fwertverlust-deines-eigentums%2F\" title=\"Bei Facebook teilen\" aria-label=\"Bei Facebook teilen\" role=\"button\" rel=\"nofollow\" class=\"shariff-link\" style=\"; background-color:#3b5998; color:#fff\" target=\"_blank\"><span class=\"shariff-icon\" style=\"\"><svg width=\"32px\" height=\"20px\" xmlns=\"http:\/\/www.w3.org\/2000\/svg\" viewBox=\"0 0 18 32\"><path fill=\"#3b5998\" d=\"M17.1 0.2v4.7h-2.8q-1.5 0-2.1 0.6t-0.5 1.9v3.4h5.2l-0.7 5.3h-4.5v13.6h-5.5v-13.6h-4.5v-5.3h4.5v-3.9q0-3.3 1.9-5.2t5-1.8q2.6 0 4.1 0.2z\"\/><\/svg><\/span><span class=\"shariff-text\">teilen<\/span>&nbsp;<span data-service=\"facebook\" style=\"color:#3b5998\" class=\"shariff-count shariff-hidezero\"><\/span>&nbsp;<\/a><\/li><li class=\"shariff-button whatsapp shariff-nocustomcolor\" style=\"background-color:#5cbe4a\"><a href=\"https:\/\/api.whatsapp.com\/send?text=https%3A%2F%2Fwww.gegenwind-wetterau.de%2Fgww983%2Findex.php%2Ffaktencheck%2Fwertverlust-deines-eigentums%2F%20Wertverlust%20Deines%20Eigentums\" title=\"Bei Whatsapp teilen\" aria-label=\"Bei Whatsapp teilen\" role=\"button\" rel=\"noopener nofollow\" class=\"shariff-link\" style=\"; background-color:#34af23; color:#fff\" target=\"_blank\"><span class=\"shariff-icon\" style=\"\"><svg width=\"32px\" height=\"20px\" xmlns=\"http:\/\/www.w3.org\/2000\/svg\" viewBox=\"0 0 32 32\"><path fill=\"#34af23\" d=\"M17.6 17.4q0.2 0 1.7 0.8t1.6 0.9q0 0.1 0 0.3 0 0.6-0.3 1.4-0.3 0.7-1.3 1.2t-1.8 0.5q-1 0-3.4-1.1-1.7-0.8-3-2.1t-2.6-3.3q-1.3-1.9-1.3-3.5v-0.1q0.1-1.6 1.3-2.8 0.4-0.4 0.9-0.4 0.1 0 0.3 0t0.3 0q0.3 0 0.5 0.1t0.3 0.5q0.1 0.4 0.6 1.6t0.4 1.3q0 0.4-0.6 1t-0.6 0.8q0 0.1 0.1 0.3 0.6 1.3 1.8 2.4 1 0.9 2.7 1.8 0.2 0.1 0.4 0.1 0.3 0 1-0.9t0.9-0.9zM14 26.9q2.3 0 4.3-0.9t3.6-2.4 2.4-3.6 0.9-4.3-0.9-4.3-2.4-3.6-3.6-2.4-4.3-0.9-4.3 0.9-3.6 2.4-2.4 3.6-0.9 4.3q0 3.6 2.1 6.6l-1.4 4.2 4.3-1.4q2.8 1.9 6.2 1.9zM14 2.2q2.7 0 5.2 1.1t4.3 2.9 2.9 4.3 1.1 5.2-1.1 5.2-2.9 4.3-4.3 2.9-5.2 1.1q-3.5 0-6.5-1.7l-7.4 2.4 2.4-7.2q-1.9-3.2-1.9-6.9 0-2.7 1.1-5.2t2.9-4.3 4.3-2.9 5.2-1.1z\"\/><\/svg><\/span><span class=\"shariff-text\">teilen<\/span>&nbsp;<\/a><\/li><li class=\"shariff-button threema shariff-nocustomcolor shariff-mobile\" style=\"background-color:#4fbc24\"><a href=\"threema:\/\/compose?text=Wertverlust%20Deines%20Eigentums%20https%3A%2F%2Fwww.gegenwind-wetterau.de%2Fgww983%2Findex.php%2Ffaktencheck%2Fwertverlust-deines-eigentums%2F\" title=\"Bei Threema teilen\" aria-label=\"Bei Threema teilen\" role=\"button\" rel=\"noopener nofollow\" class=\"shariff-link\" style=\"; background-color:#1f1f1f; color:#fff\" target=\"_blank\"><span class=\"shariff-icon\" style=\"\"><svg width=\"32px\" height=\"20px\" xmlns=\"http:\/\/www.w3.org\/2000\/svg\" viewBox=\"0 0 32 32\"><path fill=\"#1f1f1f\" d=\"M30.8 10.9c-0.3-1.4-0.9-2.6-1.8-3.8-2-2.6-5.5-4.5-9.4-5.2-1.3-0.2-1.9-0.3-3.5-0.3s-2.2 0-3.5 0.3c-4 0.7-7.4 2.6-9.4 5.2-0.9 1.2-1.5 2.4-1.8 3.8-0.1 0.5-0.2 1.2-0.2 1.6 0 0.4 0.1 1.1 0.2 1.6 0.4 1.9 1.3 3.4 2.9 5 0.8 0.8 0.8 0.8 0.7 1.3 0 0.6-0.5 1.6-1.7 3.6-0.3 0.5-0.5 0.9-0.5 0.9 0 0.1 0.1 0.1 0.5 0 0.8-0.2 2.3-0.6 5.6-1.6 1.1-0.3 1.3-0.4 2.3-0.4 0.8 0 1.1 0 2.3 0.2 1.5 0.2 3.5 0.2 4.9 0 5.1-0.6 9.3-2.9 11.4-6.3 0.5-0.9 0.9-1.8 1.1-2.8 0.1-0.5 0.2-1.1 0.2-1.6 0-0.7-0.1-1.1-0.2-1.6-0.3-1.4 0.1 0.5 0 0zM20.6 17.3c0 0.4-0.4 0.8-0.8 0.8h-7.7c-0.4 0-0.8-0.4-0.8-0.8v-4.6c0-0.4 0.4-0.8 0.8-0.8h0.2l0-1.6c0-0.9 0-1.8 0.1-2 0.1-0.6 0.6-1.2 1.1-1.7s1.1-0.7 1.9-0.8c1.8-0.3 3.7 0.7 4.2 2.2 0.1 0.3 0.1 0.7 0.1 2.1v0 1.7h0.1c0.4 0 0.8 0.4 0.8 0.8v4.6zM15.6 7.3c-0.5 0.1-0.8 0.3-1.2 0.6s-0.6 0.8-0.7 1.3c0 0.2 0 0.8 0 1.5l0 1.2h4.6v-1.3c0-1 0-1.4-0.1-1.6-0.3-1.1-1.5-1.9-2.6-1.7zM25.8 28.2c0 1.2-1 2.2-2.1 2.2s-2.1-1-2.1-2.1c0-1.2 1-2.1 2.2-2.1s2.2 1 2.2 2.2zM18.1 28.2c0 1.2-1 2.2-2.1 2.2s-2.1-1-2.1-2.1c0-1.2 1-2.1 2.2-2.1s2.2 1 2.2 2.2zM10.4 28.2c0 1.2-1 2.2-2.1 2.2s-2.1-1-2.1-2.1c0-1.2 1-2.1 2.2-2.1s2.2 1 2.2 2.2z\"\/><\/svg><\/span><span class=\"shariff-text\">teilen<\/span>&nbsp;<\/a><\/li><\/ul><\/div>","protected":false},"excerpt":{"rendered":"<p>Sicherlich geh\u00f6rt der Erwerb einer eigenen Wohnung, der Bau des eigenen Wohnhauses f\u00fcr die meisten von uns zu einer der gr\u00f6\u00dften und spannendsten Herausforderungen\u00a0 in unserem Leben. Es ist ein Projekt, welches wohl bedacht und gut beh\u00fctet auf den Weg &hellip; <a href=\"https:\/\/www.gegenwind-wetterau.de\/gww983\/index.php\/faktencheck\/wertverlust-deines-eigentums\/\">Weiterlesen <span class=\"meta-nav\">&rarr;<\/span><\/a><\/p>\n<div class=\"shariff shariff-align-flex-start shariff-widget-align-flex-start\" data-services=\"facebook\" data-url=\"https%3A%2F%2Fwww.gegenwind-wetterau.de%2Fgww983%2Findex.php%2Ffaktencheck%2Fwertverlust-deines-eigentums%2F\" data-timestamp=\"1492343804\" data-hidezero=\"1\" data-backendurl=\"https:\/\/www.gegenwind-wetterau.de\/gww983\/wp-json\/shariff\/v1\/share_counts?\"><div class=\"ShariffHeadline\">Diesen Beitrag teilen<\/div><ul class=\"shariff-buttons theme-color orientation-horizontal buttonsize-small\"><li class=\"shariff-button facebook shariff-nocustomcolor\" style=\"background-color:#4273c8\"><a href=\"https:\/\/www.facebook.com\/sharer\/sharer.php?u=https%3A%2F%2Fwww.gegenwind-wetterau.de%2Fgww983%2Findex.php%2Ffaktencheck%2Fwertverlust-deines-eigentums%2F\" title=\"Bei Facebook teilen\" aria-label=\"Bei Facebook teilen\" role=\"button\" rel=\"nofollow\" class=\"shariff-link\" style=\"; background-color:#3b5998; color:#fff\" target=\"_blank\"><span class=\"shariff-icon\" style=\"\"><svg width=\"32px\" height=\"20px\" xmlns=\"http:\/\/www.w3.org\/2000\/svg\" viewBox=\"0 0 18 32\"><path fill=\"#3b5998\" d=\"M17.1 0.2v4.7h-2.8q-1.5 0-2.1 0.6t-0.5 1.9v3.4h5.2l-0.7 5.3h-4.5v13.6h-5.5v-13.6h-4.5v-5.3h4.5v-3.9q0-3.3 1.9-5.2t5-1.8q2.6 0 4.1 0.2z\"\/><\/svg><\/span><span class=\"shariff-text\">teilen<\/span>&nbsp;<span data-service=\"facebook\" style=\"color:#3b5998\" class=\"shariff-count shariff-hidezero\"><\/span>&nbsp;<\/a><\/li><li class=\"shariff-button whatsapp shariff-nocustomcolor\" style=\"background-color:#5cbe4a\"><a href=\"https:\/\/api.whatsapp.com\/send?text=https%3A%2F%2Fwww.gegenwind-wetterau.de%2Fgww983%2Findex.php%2Ffaktencheck%2Fwertverlust-deines-eigentums%2F%20Wertverlust%20Deines%20Eigentums\" title=\"Bei Whatsapp teilen\" aria-label=\"Bei Whatsapp teilen\" role=\"button\" rel=\"noopener nofollow\" class=\"shariff-link\" style=\"; background-color:#34af23; color:#fff\" target=\"_blank\"><span class=\"shariff-icon\" style=\"\"><svg width=\"32px\" height=\"20px\" xmlns=\"http:\/\/www.w3.org\/2000\/svg\" viewBox=\"0 0 32 32\"><path fill=\"#34af23\" d=\"M17.6 17.4q0.2 0 1.7 0.8t1.6 0.9q0 0.1 0 0.3 0 0.6-0.3 1.4-0.3 0.7-1.3 1.2t-1.8 0.5q-1 0-3.4-1.1-1.7-0.8-3-2.1t-2.6-3.3q-1.3-1.9-1.3-3.5v-0.1q0.1-1.6 1.3-2.8 0.4-0.4 0.9-0.4 0.1 0 0.3 0t0.3 0q0.3 0 0.5 0.1t0.3 0.5q0.1 0.4 0.6 1.6t0.4 1.3q0 0.4-0.6 1t-0.6 0.8q0 0.1 0.1 0.3 0.6 1.3 1.8 2.4 1 0.9 2.7 1.8 0.2 0.1 0.4 0.1 0.3 0 1-0.9t0.9-0.9zM14 26.9q2.3 0 4.3-0.9t3.6-2.4 2.4-3.6 0.9-4.3-0.9-4.3-2.4-3.6-3.6-2.4-4.3-0.9-4.3 0.9-3.6 2.4-2.4 3.6-0.9 4.3q0 3.6 2.1 6.6l-1.4 4.2 4.3-1.4q2.8 1.9 6.2 1.9zM14 2.2q2.7 0 5.2 1.1t4.3 2.9 2.9 4.3 1.1 5.2-1.1 5.2-2.9 4.3-4.3 2.9-5.2 1.1q-3.5 0-6.5-1.7l-7.4 2.4 2.4-7.2q-1.9-3.2-1.9-6.9 0-2.7 1.1-5.2t2.9-4.3 4.3-2.9 5.2-1.1z\"\/><\/svg><\/span><span class=\"shariff-text\">teilen<\/span>&nbsp;<\/a><\/li><li class=\"shariff-button threema shariff-nocustomcolor shariff-mobile\" style=\"background-color:#4fbc24\"><a href=\"threema:\/\/compose?text=Wertverlust%20Deines%20Eigentums%20https%3A%2F%2Fwww.gegenwind-wetterau.de%2Fgww983%2Findex.php%2Ffaktencheck%2Fwertverlust-deines-eigentums%2F\" title=\"Bei Threema teilen\" aria-label=\"Bei Threema teilen\" role=\"button\" rel=\"noopener nofollow\" class=\"shariff-link\" style=\"; background-color:#1f1f1f; color:#fff\" target=\"_blank\"><span class=\"shariff-icon\" style=\"\"><svg width=\"32px\" height=\"20px\" xmlns=\"http:\/\/www.w3.org\/2000\/svg\" viewBox=\"0 0 32 32\"><path fill=\"#1f1f1f\" d=\"M30.8 10.9c-0.3-1.4-0.9-2.6-1.8-3.8-2-2.6-5.5-4.5-9.4-5.2-1.3-0.2-1.9-0.3-3.5-0.3s-2.2 0-3.5 0.3c-4 0.7-7.4 2.6-9.4 5.2-0.9 1.2-1.5 2.4-1.8 3.8-0.1 0.5-0.2 1.2-0.2 1.6 0 0.4 0.1 1.1 0.2 1.6 0.4 1.9 1.3 3.4 2.9 5 0.8 0.8 0.8 0.8 0.7 1.3 0 0.6-0.5 1.6-1.7 3.6-0.3 0.5-0.5 0.9-0.5 0.9 0 0.1 0.1 0.1 0.5 0 0.8-0.2 2.3-0.6 5.6-1.6 1.1-0.3 1.3-0.4 2.3-0.4 0.8 0 1.1 0 2.3 0.2 1.5 0.2 3.5 0.2 4.9 0 5.1-0.6 9.3-2.9 11.4-6.3 0.5-0.9 0.9-1.8 1.1-2.8 0.1-0.5 0.2-1.1 0.2-1.6 0-0.7-0.1-1.1-0.2-1.6-0.3-1.4 0.1 0.5 0 0zM20.6 17.3c0 0.4-0.4 0.8-0.8 0.8h-7.7c-0.4 0-0.8-0.4-0.8-0.8v-4.6c0-0.4 0.4-0.8 0.8-0.8h0.2l0-1.6c0-0.9 0-1.8 0.1-2 0.1-0.6 0.6-1.2 1.1-1.7s1.1-0.7 1.9-0.8c1.8-0.3 3.7 0.7 4.2 2.2 0.1 0.3 0.1 0.7 0.1 2.1v0 1.7h0.1c0.4 0 0.8 0.4 0.8 0.8v4.6zM15.6 7.3c-0.5 0.1-0.8 0.3-1.2 0.6s-0.6 0.8-0.7 1.3c0 0.2 0 0.8 0 1.5l0 1.2h4.6v-1.3c0-1 0-1.4-0.1-1.6-0.3-1.1-1.5-1.9-2.6-1.7zM25.8 28.2c0 1.2-1 2.2-2.1 2.2s-2.1-1-2.1-2.1c0-1.2 1-2.1 2.2-2.1s2.2 1 2.2 2.2zM18.1 28.2c0 1.2-1 2.2-2.1 2.2s-2.1-1-2.1-2.1c0-1.2 1-2.1 2.2-2.1s2.2 1 2.2 2.2zM10.4 28.2c0 1.2-1 2.2-2.1 2.2s-2.1-1-2.1-2.1c0-1.2 1-2.1 2.2-2.1s2.2 1 2.2 2.2z\"\/><\/svg><\/span><span class=\"shariff-text\">teilen<\/span>&nbsp;<\/a><\/li><\/ul><\/div>","protected":false},"author":2,"featured_media":0,"parent":3088,"menu_order":40,"comment_status":"closed","ping_status":"closed","template":"","meta":{"footnotes":""},"class_list":["post-3109","page","type-page","status-publish","hentry"],"_links":{"self":[{"href":"https:\/\/www.gegenwind-wetterau.de\/gww983\/index.php\/wp-json\/wp\/v2\/pages\/3109","targetHints":{"allow":["GET"]}}],"collection":[{"href":"https:\/\/www.gegenwind-wetterau.de\/gww983\/index.php\/wp-json\/wp\/v2\/pages"}],"about":[{"href":"https:\/\/www.gegenwind-wetterau.de\/gww983\/index.php\/wp-json\/wp\/v2\/types\/page"}],"author":[{"embeddable":true,"href":"https:\/\/www.gegenwind-wetterau.de\/gww983\/index.php\/wp-json\/wp\/v2\/users\/2"}],"replies":[{"embeddable":true,"href":"https:\/\/www.gegenwind-wetterau.de\/gww983\/index.php\/wp-json\/wp\/v2\/comments?post=3109"}],"version-history":[{"count":15,"href":"https:\/\/www.gegenwind-wetterau.de\/gww983\/index.php\/wp-json\/wp\/v2\/pages\/3109\/revisions"}],"predecessor-version":[{"id":3319,"href":"https:\/\/www.gegenwind-wetterau.de\/gww983\/index.php\/wp-json\/wp\/v2\/pages\/3109\/revisions\/3319"}],"up":[{"embeddable":true,"href":"https:\/\/www.gegenwind-wetterau.de\/gww983\/index.php\/wp-json\/wp\/v2\/pages\/3088"}],"wp:attachment":[{"href":"https:\/\/www.gegenwind-wetterau.de\/gww983\/index.php\/wp-json\/wp\/v2\/media?parent=3109"}],"curies":[{"name":"wp","href":"https:\/\/api.w.org\/{rel}","templated":true}]}}