{"id":3100,"date":"2017-03-05T15:30:55","date_gmt":"2017-03-05T13:30:55","guid":{"rendered":"http:\/\/www.gegenwind-wetterau.de\/gww983\/?page_id=3100"},"modified":"2017-04-17T18:32:54","modified_gmt":"2017-04-17T16:32:54","slug":"deiner-gesundheit","status":"publish","type":"page","link":"https:\/\/www.gegenwind-wetterau.de\/gww983\/index.php\/faktencheck\/deiner-gesundheit\/","title":{"rendered":"Deine Gesundheit"},"content":{"rendered":"<p style=\"text-align: justify;\"><a href=\"https:\/\/www.gegenwind-wetterau.de\/gww983\/wp-content\/uploads\/2017\/04\/Du-bezahlst-Mit-Deiner-Gesundheit.jpg\"><img loading=\"lazy\" decoding=\"async\" class=\"wp-image-3255 size-full alignleft\" src=\"https:\/\/www.gegenwind-wetterau.de\/gww983\/wp-content\/uploads\/2017\/04\/Du-bezahlst-Mit-Deiner-Gesundheit.jpg\" alt=\"\" width=\"310\" height=\"413\" srcset=\"https:\/\/www.gegenwind-wetterau.de\/gww983\/wp-content\/uploads\/2017\/04\/Du-bezahlst-Mit-Deiner-Gesundheit.jpg 310w, https:\/\/www.gegenwind-wetterau.de\/gww983\/wp-content\/uploads\/2017\/04\/Du-bezahlst-Mit-Deiner-Gesundheit-225x300.jpg 225w\" sizes=\"auto, (max-width: 310px) 100vw, 310px\" \/><\/a>Bisher wird das Thema\u00a0 gesundheitliche Auswirkungen ausgehend von industriellen Windkraftanlagen bei uns in Deutschland eher im Hintergrund gehalten. In anderen L\u00e4ndern wie Australien, D\u00e4nemark, Kanada und Polen sieht das jedoch ganz anders aus. In diesen L\u00e4ndern hat man inzwischen die negativen Auswirkungen, verursacht von industriellen Windkraftanlagen, auf die angrenzende Bev\u00f6lkerung erkannt und untersucht diese wissenschaftlich.<br \/>\n<strong>In D\u00e4nemark kam es im Zuge des Bekanntwerdens der gesundheitlichen Gefahren f\u00fcr die Bev\u00f6lkerung im Jahr 2014 sogar zu einem Ausbaustopp der industriellen Windkraft an Land.<\/strong> So wurde in D\u00e4nemark eine staatliche Untersuchung beauftragt und man will erst einmal deren Ergebnisse abwarten, bevor man weiter auf die Windkraft setzen wird.<br \/>\n<strong>In Australien hat man erkannt, dass der niederfrequente L\u00e4rm und Infraschall die Bev\u00f6lkerung noch \u00fcber mehrere Kilometer hinweg beeintr\u00e4chtigen und sch\u00e4digen kann.<\/strong> Darauf hin wurde eine neue Abstandsregelung von 10 Km Abstand zwischen Wohnsiedlungen und industriellen Windkraftanlagen festgelegt. So wird in Australien das Ph\u00e4nomen der krank machenden Windkraft ernst genommen und weiter untersucht.<br \/>\n<strong>In Deutschland kam ebenfalls eine <a title=\"Bundesumweltamt 2014 - Machbarkeitsstudie zu Wirkung von Infraschall\" href=\"http:\/\/www.umweltbundesamt.de\/sites\/default\/files\/medien\/378\/publikationen\/texte_40_2014_machbarkeitsstudie_zu_wirkungen_von_infraschall.pdf\" target=\"_blank\">Studie vom Bundesumweltamt 2014<\/a> zu dem Schluss, dass die Wirkung von niederfrequenten L\u00e4rm und Infraschall auf den Menschen weiter untersucht werden muss.<\/strong> So sei derzeit noch nicht vollst\u00e4ndig gekl\u00e4rt, wie Infraschall, ausgehend von industriellen Windkraftanlagen, auf die Anwohner wirkt. <strong>Eine Folgestudie l\u00e4uft seit nun mehr als drei Jahren, wobei aktuell das Ausbautempo der Windkraft als auch deren Dimensionen weiter zunehmen ohne die Risiken voll absch\u00e4tzen zu k\u00f6nnen&#8230;<\/strong><\/p>\n<ul>\n<li style=\"text-align: justify;\"><strong>15.04.2017<\/strong> &#8211; <strong><em>Badisches.de<\/em><\/strong> &#8211; <a href=\"https:\/\/badisches.de\/wenn-gruene-energie-krank-macht\/\" target=\"_blank\">Wenn gr\u00fcne Energie krank macht<\/a><\/li>\n<\/ul>\n<ul>\n<li><strong>27.03.2017<\/strong> &#8211; <strong><em>DAV<\/em><\/strong> &#8211; <a href=\"https:\/\/deutscherarbeitgeberverband.de\/\/energiefrage\/2017\/2017_03_27_dav_aktuelles_energiefrage.html?q=stiller\" target=\"_blank\">Infraschall der Bumerang der Energiewende<\/a><\/li>\n<\/ul>\n<ul>\n<li style=\"text-align: justify;\"><strong>Dezember 2016<\/strong> &#8211; <strong><em>Bundesanstalt f\u00fcr Geowissenschaften und Rohstoffe (BGR)<\/em><\/strong> &#8211; <a href=\"http:\/\/www.bgr.bund.de\/DE\/Themen\/Erdbeben-Gefaehrdungsanalysen\/Seismologie\/Kernwaffenteststopp\/Projekte\/abgeschlossen\/hufe_wka.html?nn=1558740\" target=\"_blank\">Der unh\u00f6rbare Schall von Windenergieanlagen<\/a><br \/>\n\u21d2\u00a0 <a href=\"http:\/\/www.bgr.bund.de\/DE\/Themen\/Erdbeben-Gefaehrdungsanalysen\/Seismologie\/Downloads\/infraschall_WKA.pdf?__blob=publicationFile&amp;v=2\" target=\"_blank\">Vollst\u00e4ndiger Bericht der BGR Feldkampagne 2014<\/a><br \/>\n\u21d2\u00a0 <a href=\"http:\/\/www.bgr.bund.de\/DE\/Themen\/Erdbeben-Gefaehrdungsanalysen\/Seismologie\/Downloads\/infraschall_WKA_Poster.pdf?__blob=publicationFile&amp;v=2\" target=\"_blank\">Posterpr\u00e4sentation aktueller Ergebnisse 2014 in englischer Sprache<\/a><\/li>\n<\/ul>\n<ul>\n<li style=\"text-align: justify;\"><strong>07.06.2015<\/strong> &#8211; <strong><em>RTL Spiegel TV<\/em><\/strong> \u2013 <a title=\"Macht saubere Windenergie wom\u00f6glich krank?\" href=\"https:\/\/www.youtube.com\/watch?v=D9fcymbitiE%20\" target=\"_blank\">Macht \u201csaubere\u201d Windenergie wom\u00f6glich krank?<\/a><\/li>\n<\/ul>\n<p style=\"padding-left: 30px;\"><iframe loading=\"lazy\" src=\"https:\/\/www.youtube.com\/embed\/D9fcymbitiE\" width=\"560\" height=\"315\" frameborder=\"0\" allowfullscreen=\"allowfullscreen\"><\/iframe><\/p>\n<ul>\n<li><strong>13.03.2015<\/strong> &#8211; <strong><em>tagesschau.de<\/em><\/strong> \u2013 <a title=\"L\u00e4rm, den man nicht h\u00f6rt, der aber dennoch krank machen kann\" href=\"https:\/\/www.youtube.com\/watch?v=dVO-zPiWWGs&amp;feature=youtu.be\" target=\"_blank\">D\u00e4nemark untersucht Gefahren durch Windkraft<\/a><\/li>\n<\/ul>\n<p style=\"padding-left: 30px;\"><iframe loading=\"lazy\" src=\"https:\/\/www.youtube.com\/embed\/dVO-zPiWWGs\" width=\"560\" height=\"315\" frameborder=\"0\" allowfullscreen=\"allowfullscreen\"><\/iframe><\/p>\n<ul>\n<li><strong>RTL Spiegel TV<\/strong> \u2013 <a title=\"Das M\u00e4chen von der sauberen Windkraft - Teil 1\" href=\"http:\/\/www.youtube.com\/watch?v=ek_2Ewo9F88\" target=\"_blank\">Das M\u00e4rchen von der sauberen Windkraft Teil 1<\/a> und\u00a0<a title=\"Das M\u00e4chen von der sauberen Windkraft - Teil 2\" href=\"http:\/\/www.youtube.com\/watch?v=9qPI7ebdaMU\" target=\"_blank\">Teil 2<\/a><\/li>\n<\/ul>\n<p>&nbsp;<\/p>\n<div class=\"shariff shariff-align-flex-start shariff-widget-align-flex-start\" data-services=\"facebook\" data-url=\"https%3A%2F%2Fwww.gegenwind-wetterau.de%2Fgww983%2Findex.php%2Ffaktencheck%2Fdeiner-gesundheit%2F\" data-timestamp=\"1492453974\" data-hidezero=\"1\" data-backendurl=\"https:\/\/www.gegenwind-wetterau.de\/gww983\/wp-json\/shariff\/v1\/share_counts?\"><div class=\"ShariffHeadline\">Diesen Beitrag teilen<\/div><ul class=\"shariff-buttons theme-color orientation-horizontal buttonsize-small\"><li class=\"shariff-button facebook shariff-nocustomcolor\" style=\"background-color:#4273c8\"><a href=\"https:\/\/www.facebook.com\/sharer\/sharer.php?u=https%3A%2F%2Fwww.gegenwind-wetterau.de%2Fgww983%2Findex.php%2Ffaktencheck%2Fdeiner-gesundheit%2F\" title=\"Bei Facebook teilen\" aria-label=\"Bei Facebook teilen\" role=\"button\" rel=\"nofollow\" class=\"shariff-link\" style=\"; background-color:#3b5998; color:#fff\" target=\"_blank\"><span class=\"shariff-icon\" style=\"\"><svg width=\"32px\" height=\"20px\" xmlns=\"http:\/\/www.w3.org\/2000\/svg\" viewBox=\"0 0 18 32\"><path fill=\"#3b5998\" d=\"M17.1 0.2v4.7h-2.8q-1.5 0-2.1 0.6t-0.5 1.9v3.4h5.2l-0.7 5.3h-4.5v13.6h-5.5v-13.6h-4.5v-5.3h4.5v-3.9q0-3.3 1.9-5.2t5-1.8q2.6 0 4.1 0.2z\"\/><\/svg><\/span><span class=\"shariff-text\">teilen<\/span>&nbsp;<span data-service=\"facebook\" style=\"color:#3b5998\" class=\"shariff-count shariff-hidezero\"><\/span>&nbsp;<\/a><\/li><li class=\"shariff-button whatsapp shariff-nocustomcolor\" style=\"background-color:#5cbe4a\"><a href=\"https:\/\/api.whatsapp.com\/send?text=https%3A%2F%2Fwww.gegenwind-wetterau.de%2Fgww983%2Findex.php%2Ffaktencheck%2Fdeiner-gesundheit%2F%20Deine%20Gesundheit\" title=\"Bei Whatsapp teilen\" aria-label=\"Bei Whatsapp teilen\" role=\"button\" rel=\"noopener nofollow\" class=\"shariff-link\" style=\"; background-color:#34af23; color:#fff\" target=\"_blank\"><span class=\"shariff-icon\" style=\"\"><svg width=\"32px\" height=\"20px\" xmlns=\"http:\/\/www.w3.org\/2000\/svg\" viewBox=\"0 0 32 32\"><path fill=\"#34af23\" d=\"M17.6 17.4q0.2 0 1.7 0.8t1.6 0.9q0 0.1 0 0.3 0 0.6-0.3 1.4-0.3 0.7-1.3 1.2t-1.8 0.5q-1 0-3.4-1.1-1.7-0.8-3-2.1t-2.6-3.3q-1.3-1.9-1.3-3.5v-0.1q0.1-1.6 1.3-2.8 0.4-0.4 0.9-0.4 0.1 0 0.3 0t0.3 0q0.3 0 0.5 0.1t0.3 0.5q0.1 0.4 0.6 1.6t0.4 1.3q0 0.4-0.6 1t-0.6 0.8q0 0.1 0.1 0.3 0.6 1.3 1.8 2.4 1 0.9 2.7 1.8 0.2 0.1 0.4 0.1 0.3 0 1-0.9t0.9-0.9zM14 26.9q2.3 0 4.3-0.9t3.6-2.4 2.4-3.6 0.9-4.3-0.9-4.3-2.4-3.6-3.6-2.4-4.3-0.9-4.3 0.9-3.6 2.4-2.4 3.6-0.9 4.3q0 3.6 2.1 6.6l-1.4 4.2 4.3-1.4q2.8 1.9 6.2 1.9zM14 2.2q2.7 0 5.2 1.1t4.3 2.9 2.9 4.3 1.1 5.2-1.1 5.2-2.9 4.3-4.3 2.9-5.2 1.1q-3.5 0-6.5-1.7l-7.4 2.4 2.4-7.2q-1.9-3.2-1.9-6.9 0-2.7 1.1-5.2t2.9-4.3 4.3-2.9 5.2-1.1z\"\/><\/svg><\/span><span class=\"shariff-text\">teilen<\/span>&nbsp;<\/a><\/li><li class=\"shariff-button threema shariff-nocustomcolor shariff-mobile\" style=\"background-color:#4fbc24\"><a href=\"threema:\/\/compose?text=Deine%20Gesundheit%20https%3A%2F%2Fwww.gegenwind-wetterau.de%2Fgww983%2Findex.php%2Ffaktencheck%2Fdeiner-gesundheit%2F\" title=\"Bei Threema teilen\" aria-label=\"Bei Threema teilen\" role=\"button\" rel=\"noopener nofollow\" class=\"shariff-link\" style=\"; background-color:#1f1f1f; color:#fff\" target=\"_blank\"><span class=\"shariff-icon\" style=\"\"><svg width=\"32px\" height=\"20px\" xmlns=\"http:\/\/www.w3.org\/2000\/svg\" viewBox=\"0 0 32 32\"><path fill=\"#1f1f1f\" d=\"M30.8 10.9c-0.3-1.4-0.9-2.6-1.8-3.8-2-2.6-5.5-4.5-9.4-5.2-1.3-0.2-1.9-0.3-3.5-0.3s-2.2 0-3.5 0.3c-4 0.7-7.4 2.6-9.4 5.2-0.9 1.2-1.5 2.4-1.8 3.8-0.1 0.5-0.2 1.2-0.2 1.6 0 0.4 0.1 1.1 0.2 1.6 0.4 1.9 1.3 3.4 2.9 5 0.8 0.8 0.8 0.8 0.7 1.3 0 0.6-0.5 1.6-1.7 3.6-0.3 0.5-0.5 0.9-0.5 0.9 0 0.1 0.1 0.1 0.5 0 0.8-0.2 2.3-0.6 5.6-1.6 1.1-0.3 1.3-0.4 2.3-0.4 0.8 0 1.1 0 2.3 0.2 1.5 0.2 3.5 0.2 4.9 0 5.1-0.6 9.3-2.9 11.4-6.3 0.5-0.9 0.9-1.8 1.1-2.8 0.1-0.5 0.2-1.1 0.2-1.6 0-0.7-0.1-1.1-0.2-1.6-0.3-1.4 0.1 0.5 0 0zM20.6 17.3c0 0.4-0.4 0.8-0.8 0.8h-7.7c-0.4 0-0.8-0.4-0.8-0.8v-4.6c0-0.4 0.4-0.8 0.8-0.8h0.2l0-1.6c0-0.9 0-1.8 0.1-2 0.1-0.6 0.6-1.2 1.1-1.7s1.1-0.7 1.9-0.8c1.8-0.3 3.7 0.7 4.2 2.2 0.1 0.3 0.1 0.7 0.1 2.1v0 1.7h0.1c0.4 0 0.8 0.4 0.8 0.8v4.6zM15.6 7.3c-0.5 0.1-0.8 0.3-1.2 0.6s-0.6 0.8-0.7 1.3c0 0.2 0 0.8 0 1.5l0 1.2h4.6v-1.3c0-1 0-1.4-0.1-1.6-0.3-1.1-1.5-1.9-2.6-1.7zM25.8 28.2c0 1.2-1 2.2-2.1 2.2s-2.1-1-2.1-2.1c0-1.2 1-2.1 2.2-2.1s2.2 1 2.2 2.2zM18.1 28.2c0 1.2-1 2.2-2.1 2.2s-2.1-1-2.1-2.1c0-1.2 1-2.1 2.2-2.1s2.2 1 2.2 2.2zM10.4 28.2c0 1.2-1 2.2-2.1 2.2s-2.1-1-2.1-2.1c0-1.2 1-2.1 2.2-2.1s2.2 1 2.2 2.2z\"\/><\/svg><\/span><span class=\"shariff-text\">teilen<\/span>&nbsp;<\/a><\/li><\/ul><\/div>","protected":false},"excerpt":{"rendered":"<p>Bisher wird das Thema\u00a0 gesundheitliche Auswirkungen ausgehend von industriellen Windkraftanlagen bei uns in Deutschland eher im Hintergrund gehalten. In anderen L\u00e4ndern wie Australien, D\u00e4nemark, Kanada und Polen sieht das jedoch ganz anders aus. In diesen L\u00e4ndern hat man inzwischen die &hellip; <a href=\"https:\/\/www.gegenwind-wetterau.de\/gww983\/index.php\/faktencheck\/deiner-gesundheit\/\">Weiterlesen <span class=\"meta-nav\">&rarr;<\/span><\/a><\/p>\n<div class=\"shariff shariff-align-flex-start shariff-widget-align-flex-start\" data-services=\"facebook\" data-url=\"https%3A%2F%2Fwww.gegenwind-wetterau.de%2Fgww983%2Findex.php%2Ffaktencheck%2Fdeiner-gesundheit%2F\" data-timestamp=\"1492453974\" data-hidezero=\"1\" data-backendurl=\"https:\/\/www.gegenwind-wetterau.de\/gww983\/wp-json\/shariff\/v1\/share_counts?\"><div class=\"ShariffHeadline\">Diesen Beitrag teilen<\/div><ul class=\"shariff-buttons theme-color orientation-horizontal buttonsize-small\"><li class=\"shariff-button facebook shariff-nocustomcolor\" style=\"background-color:#4273c8\"><a href=\"https:\/\/www.facebook.com\/sharer\/sharer.php?u=https%3A%2F%2Fwww.gegenwind-wetterau.de%2Fgww983%2Findex.php%2Ffaktencheck%2Fdeiner-gesundheit%2F\" title=\"Bei Facebook teilen\" aria-label=\"Bei Facebook teilen\" role=\"button\" rel=\"nofollow\" class=\"shariff-link\" style=\"; background-color:#3b5998; color:#fff\" target=\"_blank\"><span class=\"shariff-icon\" style=\"\"><svg width=\"32px\" height=\"20px\" xmlns=\"http:\/\/www.w3.org\/2000\/svg\" viewBox=\"0 0 18 32\"><path fill=\"#3b5998\" d=\"M17.1 0.2v4.7h-2.8q-1.5 0-2.1 0.6t-0.5 1.9v3.4h5.2l-0.7 5.3h-4.5v13.6h-5.5v-13.6h-4.5v-5.3h4.5v-3.9q0-3.3 1.9-5.2t5-1.8q2.6 0 4.1 0.2z\"\/><\/svg><\/span><span class=\"shariff-text\">teilen<\/span>&nbsp;<span data-service=\"facebook\" style=\"color:#3b5998\" class=\"shariff-count shariff-hidezero\"><\/span>&nbsp;<\/a><\/li><li class=\"shariff-button whatsapp shariff-nocustomcolor\" style=\"background-color:#5cbe4a\"><a href=\"https:\/\/api.whatsapp.com\/send?text=https%3A%2F%2Fwww.gegenwind-wetterau.de%2Fgww983%2Findex.php%2Ffaktencheck%2Fdeiner-gesundheit%2F%20Deine%20Gesundheit\" title=\"Bei Whatsapp teilen\" aria-label=\"Bei Whatsapp teilen\" role=\"button\" rel=\"noopener nofollow\" class=\"shariff-link\" style=\"; background-color:#34af23; color:#fff\" target=\"_blank\"><span class=\"shariff-icon\" style=\"\"><svg width=\"32px\" height=\"20px\" xmlns=\"http:\/\/www.w3.org\/2000\/svg\" viewBox=\"0 0 32 32\"><path fill=\"#34af23\" d=\"M17.6 17.4q0.2 0 1.7 0.8t1.6 0.9q0 0.1 0 0.3 0 0.6-0.3 1.4-0.3 0.7-1.3 1.2t-1.8 0.5q-1 0-3.4-1.1-1.7-0.8-3-2.1t-2.6-3.3q-1.3-1.9-1.3-3.5v-0.1q0.1-1.6 1.3-2.8 0.4-0.4 0.9-0.4 0.1 0 0.3 0t0.3 0q0.3 0 0.5 0.1t0.3 0.5q0.1 0.4 0.6 1.6t0.4 1.3q0 0.4-0.6 1t-0.6 0.8q0 0.1 0.1 0.3 0.6 1.3 1.8 2.4 1 0.9 2.7 1.8 0.2 0.1 0.4 0.1 0.3 0 1-0.9t0.9-0.9zM14 26.9q2.3 0 4.3-0.9t3.6-2.4 2.4-3.6 0.9-4.3-0.9-4.3-2.4-3.6-3.6-2.4-4.3-0.9-4.3 0.9-3.6 2.4-2.4 3.6-0.9 4.3q0 3.6 2.1 6.6l-1.4 4.2 4.3-1.4q2.8 1.9 6.2 1.9zM14 2.2q2.7 0 5.2 1.1t4.3 2.9 2.9 4.3 1.1 5.2-1.1 5.2-2.9 4.3-4.3 2.9-5.2 1.1q-3.5 0-6.5-1.7l-7.4 2.4 2.4-7.2q-1.9-3.2-1.9-6.9 0-2.7 1.1-5.2t2.9-4.3 4.3-2.9 5.2-1.1z\"\/><\/svg><\/span><span class=\"shariff-text\">teilen<\/span>&nbsp;<\/a><\/li><li class=\"shariff-button threema shariff-nocustomcolor shariff-mobile\" style=\"background-color:#4fbc24\"><a href=\"threema:\/\/compose?text=Deine%20Gesundheit%20https%3A%2F%2Fwww.gegenwind-wetterau.de%2Fgww983%2Findex.php%2Ffaktencheck%2Fdeiner-gesundheit%2F\" title=\"Bei Threema teilen\" aria-label=\"Bei Threema teilen\" role=\"button\" rel=\"noopener nofollow\" class=\"shariff-link\" style=\"; background-color:#1f1f1f; color:#fff\" target=\"_blank\"><span class=\"shariff-icon\" style=\"\"><svg width=\"32px\" height=\"20px\" xmlns=\"http:\/\/www.w3.org\/2000\/svg\" viewBox=\"0 0 32 32\"><path fill=\"#1f1f1f\" d=\"M30.8 10.9c-0.3-1.4-0.9-2.6-1.8-3.8-2-2.6-5.5-4.5-9.4-5.2-1.3-0.2-1.9-0.3-3.5-0.3s-2.2 0-3.5 0.3c-4 0.7-7.4 2.6-9.4 5.2-0.9 1.2-1.5 2.4-1.8 3.8-0.1 0.5-0.2 1.2-0.2 1.6 0 0.4 0.1 1.1 0.2 1.6 0.4 1.9 1.3 3.4 2.9 5 0.8 0.8 0.8 0.8 0.7 1.3 0 0.6-0.5 1.6-1.7 3.6-0.3 0.5-0.5 0.9-0.5 0.9 0 0.1 0.1 0.1 0.5 0 0.8-0.2 2.3-0.6 5.6-1.6 1.1-0.3 1.3-0.4 2.3-0.4 0.8 0 1.1 0 2.3 0.2 1.5 0.2 3.5 0.2 4.9 0 5.1-0.6 9.3-2.9 11.4-6.3 0.5-0.9 0.9-1.8 1.1-2.8 0.1-0.5 0.2-1.1 0.2-1.6 0-0.7-0.1-1.1-0.2-1.6-0.3-1.4 0.1 0.5 0 0zM20.6 17.3c0 0.4-0.4 0.8-0.8 0.8h-7.7c-0.4 0-0.8-0.4-0.8-0.8v-4.6c0-0.4 0.4-0.8 0.8-0.8h0.2l0-1.6c0-0.9 0-1.8 0.1-2 0.1-0.6 0.6-1.2 1.1-1.7s1.1-0.7 1.9-0.8c1.8-0.3 3.7 0.7 4.2 2.2 0.1 0.3 0.1 0.7 0.1 2.1v0 1.7h0.1c0.4 0 0.8 0.4 0.8 0.8v4.6zM15.6 7.3c-0.5 0.1-0.8 0.3-1.2 0.6s-0.6 0.8-0.7 1.3c0 0.2 0 0.8 0 1.5l0 1.2h4.6v-1.3c0-1 0-1.4-0.1-1.6-0.3-1.1-1.5-1.9-2.6-1.7zM25.8 28.2c0 1.2-1 2.2-2.1 2.2s-2.1-1-2.1-2.1c0-1.2 1-2.1 2.2-2.1s2.2 1 2.2 2.2zM18.1 28.2c0 1.2-1 2.2-2.1 2.2s-2.1-1-2.1-2.1c0-1.2 1-2.1 2.2-2.1s2.2 1 2.2 2.2zM10.4 28.2c0 1.2-1 2.2-2.1 2.2s-2.1-1-2.1-2.1c0-1.2 1-2.1 2.2-2.1s2.2 1 2.2 2.2z\"\/><\/svg><\/span><span class=\"shariff-text\">teilen<\/span>&nbsp;<\/a><\/li><\/ul><\/div>","protected":false},"author":2,"featured_media":0,"parent":3088,"menu_order":20,"comment_status":"closed","ping_status":"closed","template":"","meta":{"footnotes":""},"class_list":["post-3100","page","type-page","status-publish","hentry"],"_links":{"self":[{"href":"https:\/\/www.gegenwind-wetterau.de\/gww983\/index.php\/wp-json\/wp\/v2\/pages\/3100","targetHints":{"allow":["GET"]}}],"collection":[{"href":"https:\/\/www.gegenwind-wetterau.de\/gww983\/index.php\/wp-json\/wp\/v2\/pages"}],"about":[{"href":"https:\/\/www.gegenwind-wetterau.de\/gww983\/index.php\/wp-json\/wp\/v2\/types\/page"}],"author":[{"embeddable":true,"href":"https:\/\/www.gegenwind-wetterau.de\/gww983\/index.php\/wp-json\/wp\/v2\/users\/2"}],"replies":[{"embeddable":true,"href":"https:\/\/www.gegenwind-wetterau.de\/gww983\/index.php\/wp-json\/wp\/v2\/comments?post=3100"}],"version-history":[{"count":22,"href":"https:\/\/www.gegenwind-wetterau.de\/gww983\/index.php\/wp-json\/wp\/v2\/pages\/3100\/revisions"}],"predecessor-version":[{"id":3280,"href":"https:\/\/www.gegenwind-wetterau.de\/gww983\/index.php\/wp-json\/wp\/v2\/pages\/3100\/revisions\/3280"}],"up":[{"embeddable":true,"href":"https:\/\/www.gegenwind-wetterau.de\/gww983\/index.php\/wp-json\/wp\/v2\/pages\/3088"}],"wp:attachment":[{"href":"https:\/\/www.gegenwind-wetterau.de\/gww983\/index.php\/wp-json\/wp\/v2\/media?parent=3100"}],"curies":[{"name":"wp","href":"https:\/\/api.w.org\/{rel}","templated":true}]}}