{"id":2339,"date":"2015-07-17T17:44:01","date_gmt":"2015-07-17T15:44:01","guid":{"rendered":"http:\/\/www.gegenwind-wetterau.de\/gww983\/?page_id=2339"},"modified":"2016-11-26T11:34:01","modified_gmt":"2016-11-26T09:34:01","slug":"strafanzeigen","status":"publish","type":"page","link":"https:\/\/www.gegenwind-wetterau.de\/gww983\/index.php\/info\/presse\/strafanzeigen\/","title":{"rendered":"Strafanzeigen"},"content":{"rendered":"<p style=\"text-align: justify;\">Leider bleibt es bei der aufkl\u00e4renden Arbeit einer B\u00fcrgerinitiative im Umfeld der Windkraft nicht aus, dass man verleumdet wird, dass es zu Sachbesch\u00e4digungen und Diebst\u00e4hlen kommt. Auf keinen Fall sollten man sich durch solche Vorf\u00e4lle einsch\u00fcchtern lassen, sondern stattdessen direkt bei der n\u00e4chsten Polizeistation Strafanzeige erstatten. Nur so kann man seinen guten Ruf wahren und der Gegenseite unmissverst\u00e4ndlich klar machen, wie auf den Einsatz von unlauteren Mitteln reagiert wird. Zudem sollte im Zusammenhang mit jeder gestellten Strafanzeige eine entsprechende <a title=\"Pressemitteilungen\" href=\"https:\/\/www.gegenwind-wetterau.de\/gww983\/index.php\/presse\/pressemitteilungen\/\">Pressemitteilung<\/a> an die lokalen Zeitungen gegeben werden, damit auch die \u00d6ffentlichkeit von diesen Machenschaften erf\u00e4hrt.<\/p>\n<h1 style=\"text-align: justify;\">Verleumdung durch AlphaSol GmbH<\/h1>\n<p style=\"text-align: justify;\">Im August 2014 verbreitete der Projektierer <strong><em><a title=\"Projektierer der Windkraft aus Bad Neuheim\" href=\"http:\/\/www.alphasol.de\/\" target=\"_blank\">AlphaSol GmbH<\/a><\/em><\/strong> aus Bad Nauheim das Ger\u00fccht, dass einer unserer Sprecher den Grundst\u00fcckseigent\u00fcmern pers\u00f6nlich Schl\u00e4ge angedroht habe, falls diese Vertr\u00e4ge mit\u00a0<strong><em><a title=\"Projektierer der Windkraft aus Bad Neuheim\" href=\"http:\/\/www.alphasol.de\/\" target=\"_blank\">AlphaSol<\/a><\/em><\/strong> oder einem anderen Projektierer unterzeichnen w\u00fcrden.<br \/>\nEs wurde daher umgehend Strafanzeige erstattet und die Kriminalpolizei begann zu ermitteln. So kam es zu Vernehmungen von Firmenangeh\u00f6rigen der Firma\u00a0<strong><em><a title=\"Projektierer der Windkraft aus Bad Neuheim\" href=\"http:\/\/www.alphasol.de\/\" target=\"_blank\">AlphaSol<\/a><\/em><\/strong>. Wie sich herausstellte war an der Sache nichts dran und man konnte vermuten, dass\u00a0<strong><em><a title=\"Projektierer der Windkraft aus Bad Neuheim\" href=\"http:\/\/www.alphasol.de\/\" target=\"_blank\">AlphaSol<\/a><\/em><\/strong> hier die Rufsch\u00e4digung einzelner Personen betreiben wollte, um diese in den Gemeinden bei den politischen Vertretern zu diskreditieren. Somit haben Firmenvertreter von <strong><em><a title=\"Projektierer der Windkraft aus Bad Neuheim\" href=\"http:\/\/www.alphasol.de\/\" target=\"_blank\">AlphaSol<\/a><\/em><\/strong> nachweislich entweder die \u00d6ffentlichkeit, die Polizei oder aber beide belogen.<\/p>\n<p style=\"text-align: justify; padding-left: 30px;\"><a href=\"https:\/\/www.gegenwind-wetterau.de\/gww983\/wp-content\/uploads\/2014\/04\/pdf_button_download_64.jpg\" target=\"_blank\"><img loading=\"lazy\" decoding=\"async\" class=\"alignleft wp-image-139 size-full\" src=\"https:\/\/www.gegenwind-wetterau.de\/gww983\/wp-content\/uploads\/2014\/04\/pdf_button_download_64.jpg\" alt=\"pdf_button_download_64\" width=\"64\" height=\"64\" \/><\/a><strong>08.08.2014<\/strong> &#8211; <strong><em>&#8220;Strafanzeige gegen die Firma AlphaSol GmbH aus Bad Nauheim wegen Verleumdung&#8221;<\/em><\/strong><\/p>\n<h1 style=\"text-align: justify;\"><\/h1>\n<h1>Diebstahl von Aufstellern und Plakaten<\/h1>\n<p style=\"text-align: justify;\">Im Zeitraum vom 23.02. bis zum 28.02.2015 kam es zum Diebstahl eines Aufstellers samt <a title=\"Plakate der BI Gegenwind-Wetterau\" href=\"https:\/\/www.gegenwind-wetterau.de\/gww983\/index.php\/aktionen\/plakate\/allgemein\/\">Plakat<\/a> in der M\u00fchlgasse 35 in Rockenberg.<\/p>\n<p style=\"padding-left: 30px;\"><a href=\"https:\/\/www.gegenwind-wetterau.de\/gww983\/wp-content\/uploads\/2014\/04\/pdf_button_download_64.jpg\" target=\"_blank\"><img loading=\"lazy\" decoding=\"async\" class=\"alignleft wp-image-139 size-full\" src=\"https:\/\/www.gegenwind-wetterau.de\/gww983\/wp-content\/uploads\/2014\/04\/pdf_button_download_64.jpg\" alt=\"pdf_button_download_64\" width=\"64\" height=\"64\" \/><\/a><strong>23.02.2015<\/strong> &#8211; <strong><em>&#8220;Diebstahl eines Aufstellers samt Plakat in der M\u00fchlgasse 35 in Rockenberg&#8221;<\/em><\/strong><\/p>\n<p>&nbsp;<\/p>\n<h1 style=\"text-align: justify;\">Sachbesch\u00e4digung von Aufstellern<\/h1>\n<p style=\"text-align: justify;\">In einer Nacht- und Nebelaktion wurden von unbekannten T\u00e4tern gleich mehrere unserer Aufsteller samt Plakat besch\u00e4digt. Hierbei wurden die <a title=\"Plakate der BI Gegenwind-Wetterau\" href=\"https:\/\/www.gegenwind-wetterau.de\/gww983\/index.php\/aktionen\/plakate\/allgemein\/\">Plakate<\/a> mit einem scharfen Messer zerschnitten und von den Aufstellern gerissen. Leider bekamen wir bisher nur den Hinweis, dass es sich um <strong><em>vermummte Radfahrer ohne Beleuchtung<\/em><\/strong> gehandelt haben k\u00f6nne, die in der Tatnacht gesichtet wurden.<\/p>\n<p style=\"text-align: justify; padding-left: 30px;\"><a href=\"https:\/\/www.gegenwind-wetterau.de\/gww983\/wp-content\/uploads\/2014\/04\/pdf_button_download_64.jpg\" target=\"_blank\"><img loading=\"lazy\" decoding=\"async\" class=\"alignleft wp-image-139 size-full\" src=\"https:\/\/www.gegenwind-wetterau.de\/gww983\/wp-content\/uploads\/2014\/04\/pdf_button_download_64.jpg\" alt=\"pdf_button_download_64\" width=\"64\" height=\"64\" \/><\/a> <strong>21.03.2015<\/strong> &#8211; <strong><em>&#8220;Sachbesch\u00e4digung von Aufstellern und Plakaten in Rockenberg-Oppershofen&#8221;<\/em><\/strong><\/p>\n<p style=\"text-align: justify; padding-left: 30px;\">\n<div class=\"shariff shariff-align-flex-start shariff-widget-align-flex-start\" data-services=\"facebook\" data-url=\"https%3A%2F%2Fwww.gegenwind-wetterau.de%2Fgww983%2Findex.php%2Finfo%2Fpresse%2Fstrafanzeigen%2F\" data-timestamp=\"1480160041\" data-hidezero=\"1\" data-backendurl=\"https:\/\/www.gegenwind-wetterau.de\/gww983\/wp-json\/shariff\/v1\/share_counts?\"><div class=\"ShariffHeadline\">Diesen Beitrag teilen<\/div><ul class=\"shariff-buttons theme-color orientation-horizontal buttonsize-small\"><li class=\"shariff-button facebook shariff-nocustomcolor\" style=\"background-color:#4273c8\"><a href=\"https:\/\/www.facebook.com\/sharer\/sharer.php?u=https%3A%2F%2Fwww.gegenwind-wetterau.de%2Fgww983%2Findex.php%2Finfo%2Fpresse%2Fstrafanzeigen%2F\" title=\"Bei Facebook teilen\" aria-label=\"Bei Facebook teilen\" role=\"button\" rel=\"nofollow\" class=\"shariff-link\" style=\"; background-color:#3b5998; color:#fff\" target=\"_blank\"><span class=\"shariff-icon\" style=\"\"><svg width=\"32px\" height=\"20px\" xmlns=\"http:\/\/www.w3.org\/2000\/svg\" viewBox=\"0 0 18 32\"><path fill=\"#3b5998\" d=\"M17.1 0.2v4.7h-2.8q-1.5 0-2.1 0.6t-0.5 1.9v3.4h5.2l-0.7 5.3h-4.5v13.6h-5.5v-13.6h-4.5v-5.3h4.5v-3.9q0-3.3 1.9-5.2t5-1.8q2.6 0 4.1 0.2z\"\/><\/svg><\/span><span class=\"shariff-text\">teilen<\/span>&nbsp;<span data-service=\"facebook\" style=\"color:#3b5998\" class=\"shariff-count shariff-hidezero\"><\/span>&nbsp;<\/a><\/li><li class=\"shariff-button whatsapp shariff-nocustomcolor\" style=\"background-color:#5cbe4a\"><a href=\"https:\/\/api.whatsapp.com\/send?text=https%3A%2F%2Fwww.gegenwind-wetterau.de%2Fgww983%2Findex.php%2Finfo%2Fpresse%2Fstrafanzeigen%2F%20Strafanzeigen\" title=\"Bei Whatsapp teilen\" aria-label=\"Bei Whatsapp teilen\" role=\"button\" rel=\"noopener nofollow\" class=\"shariff-link\" style=\"; background-color:#34af23; color:#fff\" target=\"_blank\"><span class=\"shariff-icon\" style=\"\"><svg width=\"32px\" height=\"20px\" xmlns=\"http:\/\/www.w3.org\/2000\/svg\" viewBox=\"0 0 32 32\"><path fill=\"#34af23\" d=\"M17.6 17.4q0.2 0 1.7 0.8t1.6 0.9q0 0.1 0 0.3 0 0.6-0.3 1.4-0.3 0.7-1.3 1.2t-1.8 0.5q-1 0-3.4-1.1-1.7-0.8-3-2.1t-2.6-3.3q-1.3-1.9-1.3-3.5v-0.1q0.1-1.6 1.3-2.8 0.4-0.4 0.9-0.4 0.1 0 0.3 0t0.3 0q0.3 0 0.5 0.1t0.3 0.5q0.1 0.4 0.6 1.6t0.4 1.3q0 0.4-0.6 1t-0.6 0.8q0 0.1 0.1 0.3 0.6 1.3 1.8 2.4 1 0.9 2.7 1.8 0.2 0.1 0.4 0.1 0.3 0 1-0.9t0.9-0.9zM14 26.9q2.3 0 4.3-0.9t3.6-2.4 2.4-3.6 0.9-4.3-0.9-4.3-2.4-3.6-3.6-2.4-4.3-0.9-4.3 0.9-3.6 2.4-2.4 3.6-0.9 4.3q0 3.6 2.1 6.6l-1.4 4.2 4.3-1.4q2.8 1.9 6.2 1.9zM14 2.2q2.7 0 5.2 1.1t4.3 2.9 2.9 4.3 1.1 5.2-1.1 5.2-2.9 4.3-4.3 2.9-5.2 1.1q-3.5 0-6.5-1.7l-7.4 2.4 2.4-7.2q-1.9-3.2-1.9-6.9 0-2.7 1.1-5.2t2.9-4.3 4.3-2.9 5.2-1.1z\"\/><\/svg><\/span><span class=\"shariff-text\">teilen<\/span>&nbsp;<\/a><\/li><li class=\"shariff-button threema shariff-nocustomcolor shariff-mobile\" style=\"background-color:#4fbc24\"><a href=\"threema:\/\/compose?text=Strafanzeigen%20https%3A%2F%2Fwww.gegenwind-wetterau.de%2Fgww983%2Findex.php%2Finfo%2Fpresse%2Fstrafanzeigen%2F\" title=\"Bei Threema teilen\" aria-label=\"Bei Threema teilen\" role=\"button\" rel=\"noopener nofollow\" class=\"shariff-link\" style=\"; background-color:#1f1f1f; color:#fff\" target=\"_blank\"><span class=\"shariff-icon\" style=\"\"><svg width=\"32px\" height=\"20px\" xmlns=\"http:\/\/www.w3.org\/2000\/svg\" viewBox=\"0 0 32 32\"><path fill=\"#1f1f1f\" d=\"M30.8 10.9c-0.3-1.4-0.9-2.6-1.8-3.8-2-2.6-5.5-4.5-9.4-5.2-1.3-0.2-1.9-0.3-3.5-0.3s-2.2 0-3.5 0.3c-4 0.7-7.4 2.6-9.4 5.2-0.9 1.2-1.5 2.4-1.8 3.8-0.1 0.5-0.2 1.2-0.2 1.6 0 0.4 0.1 1.1 0.2 1.6 0.4 1.9 1.3 3.4 2.9 5 0.8 0.8 0.8 0.8 0.7 1.3 0 0.6-0.5 1.6-1.7 3.6-0.3 0.5-0.5 0.9-0.5 0.9 0 0.1 0.1 0.1 0.5 0 0.8-0.2 2.3-0.6 5.6-1.6 1.1-0.3 1.3-0.4 2.3-0.4 0.8 0 1.1 0 2.3 0.2 1.5 0.2 3.5 0.2 4.9 0 5.1-0.6 9.3-2.9 11.4-6.3 0.5-0.9 0.9-1.8 1.1-2.8 0.1-0.5 0.2-1.1 0.2-1.6 0-0.7-0.1-1.1-0.2-1.6-0.3-1.4 0.1 0.5 0 0zM20.6 17.3c0 0.4-0.4 0.8-0.8 0.8h-7.7c-0.4 0-0.8-0.4-0.8-0.8v-4.6c0-0.4 0.4-0.8 0.8-0.8h0.2l0-1.6c0-0.9 0-1.8 0.1-2 0.1-0.6 0.6-1.2 1.1-1.7s1.1-0.7 1.9-0.8c1.8-0.3 3.7 0.7 4.2 2.2 0.1 0.3 0.1 0.7 0.1 2.1v0 1.7h0.1c0.4 0 0.8 0.4 0.8 0.8v4.6zM15.6 7.3c-0.5 0.1-0.8 0.3-1.2 0.6s-0.6 0.8-0.7 1.3c0 0.2 0 0.8 0 1.5l0 1.2h4.6v-1.3c0-1 0-1.4-0.1-1.6-0.3-1.1-1.5-1.9-2.6-1.7zM25.8 28.2c0 1.2-1 2.2-2.1 2.2s-2.1-1-2.1-2.1c0-1.2 1-2.1 2.2-2.1s2.2 1 2.2 2.2zM18.1 28.2c0 1.2-1 2.2-2.1 2.2s-2.1-1-2.1-2.1c0-1.2 1-2.1 2.2-2.1s2.2 1 2.2 2.2zM10.4 28.2c0 1.2-1 2.2-2.1 2.2s-2.1-1-2.1-2.1c0-1.2 1-2.1 2.2-2.1s2.2 1 2.2 2.2z\"\/><\/svg><\/span><span class=\"shariff-text\">teilen<\/span>&nbsp;<\/a><\/li><\/ul><\/div>","protected":false},"excerpt":{"rendered":"<p>Leider bleibt es bei der aufkl\u00e4renden Arbeit einer B\u00fcrgerinitiative im Umfeld der Windkraft nicht aus, dass man verleumdet wird, dass es zu Sachbesch\u00e4digungen und Diebst\u00e4hlen kommt. Auf keinen Fall sollten man sich durch solche Vorf\u00e4lle einsch\u00fcchtern lassen, sondern stattdessen direkt &hellip; <a href=\"https:\/\/www.gegenwind-wetterau.de\/gww983\/index.php\/info\/presse\/strafanzeigen\/\">Weiterlesen <span class=\"meta-nav\">&rarr;<\/span><\/a><\/p>\n<div class=\"shariff shariff-align-flex-start shariff-widget-align-flex-start\" data-services=\"facebook\" data-url=\"https%3A%2F%2Fwww.gegenwind-wetterau.de%2Fgww983%2Findex.php%2Finfo%2Fpresse%2Fstrafanzeigen%2F\" data-timestamp=\"1480160041\" data-hidezero=\"1\" data-backendurl=\"https:\/\/www.gegenwind-wetterau.de\/gww983\/wp-json\/shariff\/v1\/share_counts?\"><div class=\"ShariffHeadline\">Diesen Beitrag teilen<\/div><ul class=\"shariff-buttons theme-color orientation-horizontal buttonsize-small\"><li class=\"shariff-button facebook shariff-nocustomcolor\" style=\"background-color:#4273c8\"><a href=\"https:\/\/www.facebook.com\/sharer\/sharer.php?u=https%3A%2F%2Fwww.gegenwind-wetterau.de%2Fgww983%2Findex.php%2Finfo%2Fpresse%2Fstrafanzeigen%2F\" title=\"Bei Facebook teilen\" aria-label=\"Bei Facebook teilen\" role=\"button\" rel=\"nofollow\" class=\"shariff-link\" style=\"; background-color:#3b5998; color:#fff\" target=\"_blank\"><span class=\"shariff-icon\" style=\"\"><svg width=\"32px\" height=\"20px\" xmlns=\"http:\/\/www.w3.org\/2000\/svg\" viewBox=\"0 0 18 32\"><path fill=\"#3b5998\" d=\"M17.1 0.2v4.7h-2.8q-1.5 0-2.1 0.6t-0.5 1.9v3.4h5.2l-0.7 5.3h-4.5v13.6h-5.5v-13.6h-4.5v-5.3h4.5v-3.9q0-3.3 1.9-5.2t5-1.8q2.6 0 4.1 0.2z\"\/><\/svg><\/span><span class=\"shariff-text\">teilen<\/span>&nbsp;<span data-service=\"facebook\" style=\"color:#3b5998\" class=\"shariff-count shariff-hidezero\"><\/span>&nbsp;<\/a><\/li><li class=\"shariff-button whatsapp shariff-nocustomcolor\" style=\"background-color:#5cbe4a\"><a href=\"https:\/\/api.whatsapp.com\/send?text=https%3A%2F%2Fwww.gegenwind-wetterau.de%2Fgww983%2Findex.php%2Finfo%2Fpresse%2Fstrafanzeigen%2F%20Strafanzeigen\" title=\"Bei Whatsapp teilen\" aria-label=\"Bei Whatsapp teilen\" role=\"button\" rel=\"noopener nofollow\" class=\"shariff-link\" style=\"; background-color:#34af23; color:#fff\" target=\"_blank\"><span class=\"shariff-icon\" style=\"\"><svg width=\"32px\" height=\"20px\" xmlns=\"http:\/\/www.w3.org\/2000\/svg\" viewBox=\"0 0 32 32\"><path fill=\"#34af23\" d=\"M17.6 17.4q0.2 0 1.7 0.8t1.6 0.9q0 0.1 0 0.3 0 0.6-0.3 1.4-0.3 0.7-1.3 1.2t-1.8 0.5q-1 0-3.4-1.1-1.7-0.8-3-2.1t-2.6-3.3q-1.3-1.9-1.3-3.5v-0.1q0.1-1.6 1.3-2.8 0.4-0.4 0.9-0.4 0.1 0 0.3 0t0.3 0q0.3 0 0.5 0.1t0.3 0.5q0.1 0.4 0.6 1.6t0.4 1.3q0 0.4-0.6 1t-0.6 0.8q0 0.1 0.1 0.3 0.6 1.3 1.8 2.4 1 0.9 2.7 1.8 0.2 0.1 0.4 0.1 0.3 0 1-0.9t0.9-0.9zM14 26.9q2.3 0 4.3-0.9t3.6-2.4 2.4-3.6 0.9-4.3-0.9-4.3-2.4-3.6-3.6-2.4-4.3-0.9-4.3 0.9-3.6 2.4-2.4 3.6-0.9 4.3q0 3.6 2.1 6.6l-1.4 4.2 4.3-1.4q2.8 1.9 6.2 1.9zM14 2.2q2.7 0 5.2 1.1t4.3 2.9 2.9 4.3 1.1 5.2-1.1 5.2-2.9 4.3-4.3 2.9-5.2 1.1q-3.5 0-6.5-1.7l-7.4 2.4 2.4-7.2q-1.9-3.2-1.9-6.9 0-2.7 1.1-5.2t2.9-4.3 4.3-2.9 5.2-1.1z\"\/><\/svg><\/span><span class=\"shariff-text\">teilen<\/span>&nbsp;<\/a><\/li><li class=\"shariff-button threema shariff-nocustomcolor shariff-mobile\" style=\"background-color:#4fbc24\"><a href=\"threema:\/\/compose?text=Strafanzeigen%20https%3A%2F%2Fwww.gegenwind-wetterau.de%2Fgww983%2Findex.php%2Finfo%2Fpresse%2Fstrafanzeigen%2F\" title=\"Bei Threema teilen\" aria-label=\"Bei Threema teilen\" role=\"button\" rel=\"noopener nofollow\" class=\"shariff-link\" style=\"; background-color:#1f1f1f; color:#fff\" target=\"_blank\"><span class=\"shariff-icon\" style=\"\"><svg width=\"32px\" height=\"20px\" xmlns=\"http:\/\/www.w3.org\/2000\/svg\" viewBox=\"0 0 32 32\"><path fill=\"#1f1f1f\" d=\"M30.8 10.9c-0.3-1.4-0.9-2.6-1.8-3.8-2-2.6-5.5-4.5-9.4-5.2-1.3-0.2-1.9-0.3-3.5-0.3s-2.2 0-3.5 0.3c-4 0.7-7.4 2.6-9.4 5.2-0.9 1.2-1.5 2.4-1.8 3.8-0.1 0.5-0.2 1.2-0.2 1.6 0 0.4 0.1 1.1 0.2 1.6 0.4 1.9 1.3 3.4 2.9 5 0.8 0.8 0.8 0.8 0.7 1.3 0 0.6-0.5 1.6-1.7 3.6-0.3 0.5-0.5 0.9-0.5 0.9 0 0.1 0.1 0.1 0.5 0 0.8-0.2 2.3-0.6 5.6-1.6 1.1-0.3 1.3-0.4 2.3-0.4 0.8 0 1.1 0 2.3 0.2 1.5 0.2 3.5 0.2 4.9 0 5.1-0.6 9.3-2.9 11.4-6.3 0.5-0.9 0.9-1.8 1.1-2.8 0.1-0.5 0.2-1.1 0.2-1.6 0-0.7-0.1-1.1-0.2-1.6-0.3-1.4 0.1 0.5 0 0zM20.6 17.3c0 0.4-0.4 0.8-0.8 0.8h-7.7c-0.4 0-0.8-0.4-0.8-0.8v-4.6c0-0.4 0.4-0.8 0.8-0.8h0.2l0-1.6c0-0.9 0-1.8 0.1-2 0.1-0.6 0.6-1.2 1.1-1.7s1.1-0.7 1.9-0.8c1.8-0.3 3.7 0.7 4.2 2.2 0.1 0.3 0.1 0.7 0.1 2.1v0 1.7h0.1c0.4 0 0.8 0.4 0.8 0.8v4.6zM15.6 7.3c-0.5 0.1-0.8 0.3-1.2 0.6s-0.6 0.8-0.7 1.3c0 0.2 0 0.8 0 1.5l0 1.2h4.6v-1.3c0-1 0-1.4-0.1-1.6-0.3-1.1-1.5-1.9-2.6-1.7zM25.8 28.2c0 1.2-1 2.2-2.1 2.2s-2.1-1-2.1-2.1c0-1.2 1-2.1 2.2-2.1s2.2 1 2.2 2.2zM18.1 28.2c0 1.2-1 2.2-2.1 2.2s-2.1-1-2.1-2.1c0-1.2 1-2.1 2.2-2.1s2.2 1 2.2 2.2zM10.4 28.2c0 1.2-1 2.2-2.1 2.2s-2.1-1-2.1-2.1c0-1.2 1-2.1 2.2-2.1s2.2 1 2.2 2.2z\"\/><\/svg><\/span><span class=\"shariff-text\">teilen<\/span>&nbsp;<\/a><\/li><\/ul><\/div>","protected":false},"author":2,"featured_media":0,"parent":2328,"menu_order":30,"comment_status":"closed","ping_status":"closed","template":"","meta":{"footnotes":""},"class_list":["post-2339","page","type-page","status-publish","hentry"],"_links":{"self":[{"href":"https:\/\/www.gegenwind-wetterau.de\/gww983\/index.php\/wp-json\/wp\/v2\/pages\/2339","targetHints":{"allow":["GET"]}}],"collection":[{"href":"https:\/\/www.gegenwind-wetterau.de\/gww983\/index.php\/wp-json\/wp\/v2\/pages"}],"about":[{"href":"https:\/\/www.gegenwind-wetterau.de\/gww983\/index.php\/wp-json\/wp\/v2\/types\/page"}],"author":[{"embeddable":true,"href":"https:\/\/www.gegenwind-wetterau.de\/gww983\/index.php\/wp-json\/wp\/v2\/users\/2"}],"replies":[{"embeddable":true,"href":"https:\/\/www.gegenwind-wetterau.de\/gww983\/index.php\/wp-json\/wp\/v2\/comments?post=2339"}],"version-history":[{"count":18,"href":"https:\/\/www.gegenwind-wetterau.de\/gww983\/index.php\/wp-json\/wp\/v2\/pages\/2339\/revisions"}],"predecessor-version":[{"id":2895,"href":"https:\/\/www.gegenwind-wetterau.de\/gww983\/index.php\/wp-json\/wp\/v2\/pages\/2339\/revisions\/2895"}],"up":[{"embeddable":true,"href":"https:\/\/www.gegenwind-wetterau.de\/gww983\/index.php\/wp-json\/wp\/v2\/pages\/2328"}],"wp:attachment":[{"href":"https:\/\/www.gegenwind-wetterau.de\/gww983\/index.php\/wp-json\/wp\/v2\/media?parent=2339"}],"curies":[{"name":"wp","href":"https:\/\/api.w.org\/{rel}","templated":true}]}}