{"id":1333,"date":"2014-10-22T22:47:42","date_gmt":"2014-10-22T20:47:42","guid":{"rendered":"http:\/\/www.gegenwind-wetterau.de\/gww983\/?page_id=1333"},"modified":"2017-03-05T20:03:10","modified_gmt":"2017-03-05T18:03:10","slug":"nutzen","status":"publish","type":"page","link":"https:\/\/www.gegenwind-wetterau.de\/gww983\/index.php\/faktencheck\/nutzen\/","title":{"rendered":"Nutzen?"},"content":{"rendered":"<p style=\"text-align: justify;\">Wenn wir \u00fcber das <strong>Erneuerbare Energien Gesetz (EEG)<\/strong> sprechen, sollten wir uns als erstes verdeutlichen, auf welchen Teil des Energieverbrauches dieses Gesetz abzielt. Danach kann man einsch\u00e4tzen, <strong>mit welchem enormen Aufwand wir welch geringen Teil des Energieverbrauches in Deutschland auf erneuerbare Energien umstellen wollen<\/strong>. Macht man sich dann noch bewusst, dass der aus den Erneuerbaren Energien produzierte <strong>Strom aus der Windkraft und Photovoltaik derzeit nicht gespeichert werden kann<\/strong> wird klar, dass wir nach wie vor auf <strong>konventionelle Kraftwerke zur verl\u00e4sslichen und durchg\u00e4ngigen Stromversorgung<\/strong> angewiesen sind. Das hei\u00dft, wir leisten uns derzeit ein sehr teures nicht grundlastf\u00e4higes Zweitversorgungssystem, welches uns nicht permanent mit Strom versorgen kann. Das als eine Energiewende zu bezeichnen ist mehr als gewagt, denn letztendlich wird sich so nichts zum ersehnten Besseren wenden.<\/p>\n<h2 style=\"text-align: justify;\">Gesamtenergiebedarf Deutschland<\/h2>\n<p style=\"text-align: justify;\">In der folgen \u00dcbersicht ist der Gesamtenergiebedarf der drei gro\u00dfen Bereiche <strong><em>W\u00e4rme<\/em><\/strong>, <strong><em>Kraftstoffe<\/em><\/strong> und <strong><em>Strom<\/em><\/strong> dargestellt. Letztendlich bezieht sich die Energiewende Deutschlands mit dem EEG nur auf den Bereich des Stromes.<\/p>\n<p style=\"text-align: justify;\"><a href=\"https:\/\/www.gegenwind-wetterau.de\/gww983\/wp-content\/uploads\/2014\/10\/energieverbrauch-660.png\"><img loading=\"lazy\" decoding=\"async\" class=\"alignnone size-full wp-image-1334\" src=\"https:\/\/www.gegenwind-wetterau.de\/gww983\/wp-content\/uploads\/2014\/10\/energieverbrauch-660.png\" alt=\"energieverbrauch-660\" width=\"660\" height=\"475\" srcset=\"https:\/\/www.gegenwind-wetterau.de\/gww983\/wp-content\/uploads\/2014\/10\/energieverbrauch-660.png 660w, https:\/\/www.gegenwind-wetterau.de\/gww983\/wp-content\/uploads\/2014\/10\/energieverbrauch-660-300x215.png 300w, https:\/\/www.gegenwind-wetterau.de\/gww983\/wp-content\/uploads\/2014\/10\/energieverbrauch-660-600x431.png 600w\" sizes=\"auto, (max-width: 660px) 100vw, 660px\" \/><\/a><\/p>\n<p style=\"text-align: justify;\">Es wird offensichtlich, dass <strong>die Aufwendungen der Energiewende, die wir derzeit unternehmen und alle tragen, letztendlich nur auf 21% unseres Energieverbrauches abzielen<\/strong>. Somit versuchen wir den kleinsten Posten des Gesamtenergieverbrauches zu ver\u00e4ndern, um eine Verbesserung zu erzielen.<\/p>\n<h2 style=\"text-align: justify;\">Energiebereitstellung im Detail<\/h2>\n<p style=\"text-align: justify;\">Schaut man sich den <strong>Prim\u00e4renergieverbrauch Deutschlands<\/strong> im Detail an, so wird deutlich, dass hier <strong>die Erneuerbaren Energien mit nur 11,8% eingehen<\/strong>.<br \/>\n<strong>Die Windkraft<\/strong>, die gerne von ihren Bef\u00fcrwortern als die <strong>tragende S\u00e4ule der Erneuerbaren Energien<\/strong> bezeichnet wird, geht in diesen Bereich <strong>lediglich mit 1,3% ein<\/strong>. W\u00fcrden wir bei den drei gro\u00dfen S\u00e4ulen des Gesamtenergieverbrauches jeweils nur 0,5% Energie einsparen, dann h\u00e4tten wir bereits den Effekt von 1,3% mit 1,5% deutlich \u00fcberschritten. Hierf\u00fcr w\u00e4ren zudem keine weiteren massiven Eingriffe in unseren Lebensraum mit all ihren Konsequenzen erforderlich.<\/p>\n<p><a href=\"https:\/\/www.gegenwind-wetterau.de\/gww983\/wp-content\/uploads\/2014\/10\/prim\u00e4renergie2013-660.png\"><img loading=\"lazy\" decoding=\"async\" class=\"alignnone size-full wp-image-1336\" src=\"https:\/\/www.gegenwind-wetterau.de\/gww983\/wp-content\/uploads\/2014\/10\/prim\u00e4renergie2013-660.png\" alt=\"prim\u00e4renergie2013-660\" width=\"660\" height=\"374\" srcset=\"https:\/\/www.gegenwind-wetterau.de\/gww983\/wp-content\/uploads\/2014\/10\/prim\u00e4renergie2013-660.png 660w, https:\/\/www.gegenwind-wetterau.de\/gww983\/wp-content\/uploads\/2014\/10\/prim\u00e4renergie2013-660-300x170.png 300w, https:\/\/www.gegenwind-wetterau.de\/gww983\/wp-content\/uploads\/2014\/10\/prim\u00e4renergie2013-660-600x340.png 600w\" sizes=\"auto, (max-width: 660px) 100vw, 660px\" \/><\/a><\/p>\n<p style=\"text-align: justify;\"><strong>Das hei\u00dft, wir bauen die Windkraft trotz fehlender Speichertechnologien und der somit nicht gegebenen Grundlastf\u00e4higkeit derzeit weiter ungebremst aus, binden hierbei 23 Mrd. Euro j\u00e4hrliche Subventionen f\u00fcr die n\u00e4chsten 20 Jahre, zerst\u00f6ren weiter einzigartige Landschaften, mindern den Wert angrenzender Immobilien bis hin zur Unverk\u00e4uflichkeit, lassen einige wenige viel auf Kosten der Allgemeinheit verdienen, gef\u00e4hrden zunehmend die uns gesetzlich garantierte Versorgung mit Strom, gef\u00e4hrden dar\u00fcber hinaus zunehmend die Natur und die darin vorkommenden Lebewesen, gehen die gesundheitliche Gef\u00e4hrdung der Bev\u00f6lkerung aufgrund zu geringer Abst\u00e4nde zur Wohnbebauung ein, um einen ungesicherten Beitrag zur Energieversorgung Deutschlands in H\u00f6he von nur 1,3% zu erreichen?!<\/strong><\/p>\n<blockquote>\n<p style=\"text-align: center;\"><strong>Sp\u00e4testens Jetzt sollte klar geworden sein, dass hier der betriebene Aufwand und der real erzielte Nutzen in keinem vertretbaren Verh\u00e4ltnis mehr zueinander stehen.<\/strong><\/p>\n<\/blockquote>\n<p style=\"text-align: justify;\">Das Thema der <strong>Energiebereitstellung in Deutschland und der hier erbrachte, ungesicherte Anteil der Windkraft<\/strong>, wird sehr anschaulich in folgendem Beitrag von <em>Dr.-Ing. Detlef Ahlborn<\/em> dargestellt:<\/p>\n<p><iframe loading=\"lazy\" style=\"text-align: justify;\" src=\"\/\/www.youtube.com\/embed\/pVOdfYvA0y0\" width=\"640\" height=\"360\" frameborder=\"0\" allowfullscreen=\"allowfullscreen\"><\/iframe><br \/>\nVortrag: &#8220;Woran die Windkraft scheitern wird &#8211; Physik Statistik Wirtschaftlichkeit&#8221;<\/p>\n<h2 style=\"text-align: justify;\">Verl\u00e4sslichkeit der Windkraft bei der Stromproduktion<\/h2>\n<p style=\"text-align: justify;\">Zieht man den <strong>Wind als Energietr\u00e4ger<\/strong> in die Stromversorgung Deutschlands mit ein, so ist jedem sofort klar, dass dieser <strong>nur diffus an wenigen Tagen im Jahr ausreichend stark vorhanden<\/strong> ist. So wird von den Bef\u00fcrwortern der Windkraft oft mit der bereits <strong>installierten Nennleistung<\/strong> geworben. Es werden dann gerne Aussagen der Art getroffen, <strong><em>dass man mit diesen Windkraftanlagen 50.000 Haushalte versorgen kann<\/em><\/strong>. Hierbei wird aber au\u00dfer acht gelassen, <strong>welche Leistung mit dem diffusen Energietr\u00e4ger Wind tats\u00e4chlich produziert werden kann<\/strong>. Das nachstehende Diagramm zeigt die aktuell mit der Windkraft produzierten Stromertr\u00e4ge der letzten Jahre.<\/p>\n<p><a href=\"https:\/\/www.gegenwind-wetterau.de\/gww983\/wp-content\/uploads\/2014\/10\/lastganglinienwindkraft-660.png\"><img loading=\"lazy\" decoding=\"async\" class=\"alignnone size-full wp-image-1339\" src=\"https:\/\/www.gegenwind-wetterau.de\/gww983\/wp-content\/uploads\/2014\/10\/lastganglinienwindkraft-660.png\" alt=\"lastganglinienwindkraft-660\" width=\"660\" height=\"407\" srcset=\"https:\/\/www.gegenwind-wetterau.de\/gww983\/wp-content\/uploads\/2014\/10\/lastganglinienwindkraft-660.png 660w, https:\/\/www.gegenwind-wetterau.de\/gww983\/wp-content\/uploads\/2014\/10\/lastganglinienwindkraft-660-300x185.png 300w, https:\/\/www.gegenwind-wetterau.de\/gww983\/wp-content\/uploads\/2014\/10\/lastganglinienwindkraft-660-600x370.png 600w\" sizes=\"auto, (max-width: 660px) 100vw, 660px\" \/><\/a><\/p>\n<p style=\"text-align: justify;\">Trotz st\u00e4ndig wachsender Anzahl von Windkraftanlagen und der damit verbundenen wachsenden Nennleistung wird an vielen Tagen wenig bis gar nichts produziert. So werden im Jahresmittel <strong>nur etwa 17% der installierten Nennleistung<\/strong> erreicht. Egal wie hoch die installierte Nennleistung noch werden mag, <strong>bei Flaute gibt die Multiplikation der Nennleistung mit Null immer wieder Null<\/strong>.<\/p>\n<p style=\"text-align: justify;\">Weitere Quellen zum diesem Thema:<\/p>\n<ul>\n<li><strong>Landesverband &#8220;Vernunftkraft-Hessen e.V.&#8221;<\/strong> &#8211; <a title=\"Positionspapier Landesverband &quot;Vernunfkraft-Hessen e.V.&quot;\" href=\"https:\/\/www.gegenwind-wetterau.de\/gww983\/wp-content\/uploads\/2014\/04\/Positionspapier-17.10.-2014-Leseversion.pdf\" target=\"_blank\">Positionspapier<\/a><\/li>\n<li><strong>CSU Senioren AG Energie<\/strong> &#8211; <a title=\"CSU SEN AG Energie- Windkraft ist ohne Speicher sinnlos\" href=\"https:\/\/www.gegenwind-wetterau.de\/gww983\/wp-content\/uploads\/2014\/10\/Info04-0614.pdf\" target=\"_blank\">Windkraft ist ohne Speicher sinnlos<\/a><\/li>\n<li><strong>CSU Senioren AG Energie<\/strong> &#8211; <a title=\"CSU SEN AG Energie - Von einer wirklichen Energiewende ist Deutschland sehr weit entfernt\" href=\"https:\/\/www.gegenwind-wetterau.de\/gww983\/wp-content\/uploads\/2014\/10\/Info01-0614B.pdf\" target=\"_blank\">Von einer Energiewende ist Deutschland sehr weit entfernt<\/a><\/li>\n<\/ul>\n<h2>Energiedichte von Akkumulatoren und chemischer Verbindungen<\/h2>\n<p style=\"text-align: justify;\">Im Folgenden soll die Energiedichte unterschiedlicher Akkumulatoren und die von chemischen Verbindungen direkt miteinander verglichen werden. Anhand der Gegen\u00fcberstellung wird deutlich, dass wir noch weit davon entfernt sind, \u00fcbersch\u00fcssige Energie aus Windkraft in den erforderlichen Gr\u00f6\u00dfenordnungen speichern zu k\u00f6nnen.<br \/>\nAusgegangen wird beim nun folgenden Vergleich unterschiedlichen Akkumulatoren und chemischen Verbindungen, von der Energie die sich in einem Kilogramm speichern l\u00e4sst:<\/p>\n<pre style=\"padding-left: 30px;\"><strong>1 Kilogramm                Energiedichte (Wattstunden)\r\n\r\n  Bleiakku                                     30 Wh\r\n\r\n  Nickel-Metallhybrid Akku (NiMh)              90 Wh\r\n\r\n  Lithium-Ionen Akku (Li-Ionen)               180 Wh\r\n<\/strong>\r\n<strong>  Benzin                                   12.000 Wh<\/strong>\r\n\r\n<strong>  Erdgas                                   14.000 Wh<\/strong>\r\n\r\n<strong>  Uran 235                         22.000.000.000 Wh<\/strong><\/pre>\n<p style=\"text-align: justify;\">Es wird deutlich, dass sich in chemische Verbindungen Energie viel besser speichern l\u00e4sst als in allen derzeit verf\u00fcgbaren Akkumulatoren. Damit ist auch sofort klar, wie gro\u00df entsprechende Akkumulatoren sein m\u00fcssen, wollte man den Energieverbrauch einer Gro\u00dfstadt wie M\u00fcnchen f\u00fcr eine bestimmte Zeit speichern. Mit einem Akku der Gr\u00f6\u00dfe der Allianz Arena w\u00e4re die Energieversorgung M\u00fcnchens gerade einmal f\u00fcr vier Stunden m\u00f6glich&#8230;<br \/>\nWenn gr\u00fcne Ideologen daher behaupten, die erforderlichen Speichertechnologien stehen bereits heute zur Verf\u00fcgung, erscheint dies in der Tat sehr unseri\u00f6s. Es sei denn man will allen Ernstes die Ressourcen f\u00fcr die Herstellung entsprechend gro\u00dfer Akkumulatoren verbrauchen, um unseren Strombedarf f\u00fcr einige Tage bereitstellen zu k\u00f6nnen. Hier von einer \u00f6kologisch sauberen Energiebereitstellung zu sprechen mutet dann schon mehr als dreist an.<\/p>\n<p>&nbsp;<\/p>\n<p>&nbsp;<\/p>\n<p>&nbsp;<\/p>\n<div class=\"shariff shariff-align-flex-start shariff-widget-align-flex-start\" data-services=\"facebook\" data-url=\"https%3A%2F%2Fwww.gegenwind-wetterau.de%2Fgww983%2Findex.php%2Ffaktencheck%2Fnutzen%2F\" data-timestamp=\"1488744190\" data-hidezero=\"1\" data-backendurl=\"https:\/\/www.gegenwind-wetterau.de\/gww983\/wp-json\/shariff\/v1\/share_counts?\"><div class=\"ShariffHeadline\">Diesen Beitrag teilen<\/div><ul class=\"shariff-buttons theme-color orientation-horizontal buttonsize-small\"><li class=\"shariff-button facebook shariff-nocustomcolor\" style=\"background-color:#4273c8\"><a href=\"https:\/\/www.facebook.com\/sharer\/sharer.php?u=https%3A%2F%2Fwww.gegenwind-wetterau.de%2Fgww983%2Findex.php%2Ffaktencheck%2Fnutzen%2F\" title=\"Bei Facebook teilen\" aria-label=\"Bei Facebook teilen\" role=\"button\" rel=\"nofollow\" class=\"shariff-link\" style=\"; background-color:#3b5998; color:#fff\" target=\"_blank\"><span class=\"shariff-icon\" style=\"\"><svg width=\"32px\" height=\"20px\" xmlns=\"http:\/\/www.w3.org\/2000\/svg\" viewBox=\"0 0 18 32\"><path fill=\"#3b5998\" d=\"M17.1 0.2v4.7h-2.8q-1.5 0-2.1 0.6t-0.5 1.9v3.4h5.2l-0.7 5.3h-4.5v13.6h-5.5v-13.6h-4.5v-5.3h4.5v-3.9q0-3.3 1.9-5.2t5-1.8q2.6 0 4.1 0.2z\"\/><\/svg><\/span><span class=\"shariff-text\">teilen<\/span>&nbsp;<span data-service=\"facebook\" style=\"color:#3b5998\" class=\"shariff-count shariff-hidezero\"><\/span>&nbsp;<\/a><\/li><li class=\"shariff-button whatsapp shariff-nocustomcolor\" style=\"background-color:#5cbe4a\"><a href=\"https:\/\/api.whatsapp.com\/send?text=https%3A%2F%2Fwww.gegenwind-wetterau.de%2Fgww983%2Findex.php%2Ffaktencheck%2Fnutzen%2F%20Nutzen%3F\" title=\"Bei Whatsapp teilen\" aria-label=\"Bei Whatsapp teilen\" role=\"button\" rel=\"noopener nofollow\" class=\"shariff-link\" style=\"; background-color:#34af23; color:#fff\" target=\"_blank\"><span class=\"shariff-icon\" style=\"\"><svg width=\"32px\" height=\"20px\" xmlns=\"http:\/\/www.w3.org\/2000\/svg\" viewBox=\"0 0 32 32\"><path fill=\"#34af23\" d=\"M17.6 17.4q0.2 0 1.7 0.8t1.6 0.9q0 0.1 0 0.3 0 0.6-0.3 1.4-0.3 0.7-1.3 1.2t-1.8 0.5q-1 0-3.4-1.1-1.7-0.8-3-2.1t-2.6-3.3q-1.3-1.9-1.3-3.5v-0.1q0.1-1.6 1.3-2.8 0.4-0.4 0.9-0.4 0.1 0 0.3 0t0.3 0q0.3 0 0.5 0.1t0.3 0.5q0.1 0.4 0.6 1.6t0.4 1.3q0 0.4-0.6 1t-0.6 0.8q0 0.1 0.1 0.3 0.6 1.3 1.8 2.4 1 0.9 2.7 1.8 0.2 0.1 0.4 0.1 0.3 0 1-0.9t0.9-0.9zM14 26.9q2.3 0 4.3-0.9t3.6-2.4 2.4-3.6 0.9-4.3-0.9-4.3-2.4-3.6-3.6-2.4-4.3-0.9-4.3 0.9-3.6 2.4-2.4 3.6-0.9 4.3q0 3.6 2.1 6.6l-1.4 4.2 4.3-1.4q2.8 1.9 6.2 1.9zM14 2.2q2.7 0 5.2 1.1t4.3 2.9 2.9 4.3 1.1 5.2-1.1 5.2-2.9 4.3-4.3 2.9-5.2 1.1q-3.5 0-6.5-1.7l-7.4 2.4 2.4-7.2q-1.9-3.2-1.9-6.9 0-2.7 1.1-5.2t2.9-4.3 4.3-2.9 5.2-1.1z\"\/><\/svg><\/span><span class=\"shariff-text\">teilen<\/span>&nbsp;<\/a><\/li><li class=\"shariff-button threema shariff-nocustomcolor shariff-mobile\" style=\"background-color:#4fbc24\"><a href=\"threema:\/\/compose?text=Nutzen%3F%20https%3A%2F%2Fwww.gegenwind-wetterau.de%2Fgww983%2Findex.php%2Ffaktencheck%2Fnutzen%2F\" title=\"Bei Threema teilen\" aria-label=\"Bei Threema teilen\" role=\"button\" rel=\"noopener nofollow\" class=\"shariff-link\" style=\"; background-color:#1f1f1f; color:#fff\" target=\"_blank\"><span class=\"shariff-icon\" style=\"\"><svg width=\"32px\" height=\"20px\" xmlns=\"http:\/\/www.w3.org\/2000\/svg\" viewBox=\"0 0 32 32\"><path fill=\"#1f1f1f\" d=\"M30.8 10.9c-0.3-1.4-0.9-2.6-1.8-3.8-2-2.6-5.5-4.5-9.4-5.2-1.3-0.2-1.9-0.3-3.5-0.3s-2.2 0-3.5 0.3c-4 0.7-7.4 2.6-9.4 5.2-0.9 1.2-1.5 2.4-1.8 3.8-0.1 0.5-0.2 1.2-0.2 1.6 0 0.4 0.1 1.1 0.2 1.6 0.4 1.9 1.3 3.4 2.9 5 0.8 0.8 0.8 0.8 0.7 1.3 0 0.6-0.5 1.6-1.7 3.6-0.3 0.5-0.5 0.9-0.5 0.9 0 0.1 0.1 0.1 0.5 0 0.8-0.2 2.3-0.6 5.6-1.6 1.1-0.3 1.3-0.4 2.3-0.4 0.8 0 1.1 0 2.3 0.2 1.5 0.2 3.5 0.2 4.9 0 5.1-0.6 9.3-2.9 11.4-6.3 0.5-0.9 0.9-1.8 1.1-2.8 0.1-0.5 0.2-1.1 0.2-1.6 0-0.7-0.1-1.1-0.2-1.6-0.3-1.4 0.1 0.5 0 0zM20.6 17.3c0 0.4-0.4 0.8-0.8 0.8h-7.7c-0.4 0-0.8-0.4-0.8-0.8v-4.6c0-0.4 0.4-0.8 0.8-0.8h0.2l0-1.6c0-0.9 0-1.8 0.1-2 0.1-0.6 0.6-1.2 1.1-1.7s1.1-0.7 1.9-0.8c1.8-0.3 3.7 0.7 4.2 2.2 0.1 0.3 0.1 0.7 0.1 2.1v0 1.7h0.1c0.4 0 0.8 0.4 0.8 0.8v4.6zM15.6 7.3c-0.5 0.1-0.8 0.3-1.2 0.6s-0.6 0.8-0.7 1.3c0 0.2 0 0.8 0 1.5l0 1.2h4.6v-1.3c0-1 0-1.4-0.1-1.6-0.3-1.1-1.5-1.9-2.6-1.7zM25.8 28.2c0 1.2-1 2.2-2.1 2.2s-2.1-1-2.1-2.1c0-1.2 1-2.1 2.2-2.1s2.2 1 2.2 2.2zM18.1 28.2c0 1.2-1 2.2-2.1 2.2s-2.1-1-2.1-2.1c0-1.2 1-2.1 2.2-2.1s2.2 1 2.2 2.2zM10.4 28.2c0 1.2-1 2.2-2.1 2.2s-2.1-1-2.1-2.1c0-1.2 1-2.1 2.2-2.1s2.2 1 2.2 2.2z\"\/><\/svg><\/span><span class=\"shariff-text\">teilen<\/span>&nbsp;<\/a><\/li><\/ul><\/div>","protected":false},"excerpt":{"rendered":"<p>Wenn wir \u00fcber das Erneuerbare Energien Gesetz (EEG) sprechen, sollten wir uns als erstes verdeutlichen, auf welchen Teil des Energieverbrauches dieses Gesetz abzielt. Danach kann man einsch\u00e4tzen, mit welchem enormen Aufwand wir welch geringen Teil des Energieverbrauches in Deutschland auf &hellip; <a href=\"https:\/\/www.gegenwind-wetterau.de\/gww983\/index.php\/faktencheck\/nutzen\/\">Weiterlesen <span class=\"meta-nav\">&rarr;<\/span><\/a><\/p>\n<div class=\"shariff shariff-align-flex-start shariff-widget-align-flex-start\" data-services=\"facebook\" data-url=\"https%3A%2F%2Fwww.gegenwind-wetterau.de%2Fgww983%2Findex.php%2Ffaktencheck%2Fnutzen%2F\" data-timestamp=\"1488744190\" data-hidezero=\"1\" data-backendurl=\"https:\/\/www.gegenwind-wetterau.de\/gww983\/wp-json\/shariff\/v1\/share_counts?\"><div class=\"ShariffHeadline\">Diesen Beitrag teilen<\/div><ul class=\"shariff-buttons theme-color orientation-horizontal buttonsize-small\"><li class=\"shariff-button facebook shariff-nocustomcolor\" style=\"background-color:#4273c8\"><a href=\"https:\/\/www.facebook.com\/sharer\/sharer.php?u=https%3A%2F%2Fwww.gegenwind-wetterau.de%2Fgww983%2Findex.php%2Ffaktencheck%2Fnutzen%2F\" title=\"Bei Facebook teilen\" aria-label=\"Bei Facebook teilen\" role=\"button\" rel=\"nofollow\" class=\"shariff-link\" style=\"; background-color:#3b5998; color:#fff\" target=\"_blank\"><span class=\"shariff-icon\" style=\"\"><svg width=\"32px\" height=\"20px\" xmlns=\"http:\/\/www.w3.org\/2000\/svg\" viewBox=\"0 0 18 32\"><path fill=\"#3b5998\" d=\"M17.1 0.2v4.7h-2.8q-1.5 0-2.1 0.6t-0.5 1.9v3.4h5.2l-0.7 5.3h-4.5v13.6h-5.5v-13.6h-4.5v-5.3h4.5v-3.9q0-3.3 1.9-5.2t5-1.8q2.6 0 4.1 0.2z\"\/><\/svg><\/span><span class=\"shariff-text\">teilen<\/span>&nbsp;<span data-service=\"facebook\" style=\"color:#3b5998\" class=\"shariff-count shariff-hidezero\"><\/span>&nbsp;<\/a><\/li><li class=\"shariff-button whatsapp shariff-nocustomcolor\" style=\"background-color:#5cbe4a\"><a href=\"https:\/\/api.whatsapp.com\/send?text=https%3A%2F%2Fwww.gegenwind-wetterau.de%2Fgww983%2Findex.php%2Ffaktencheck%2Fnutzen%2F%20Nutzen%3F\" title=\"Bei Whatsapp teilen\" aria-label=\"Bei Whatsapp teilen\" role=\"button\" rel=\"noopener nofollow\" class=\"shariff-link\" style=\"; background-color:#34af23; color:#fff\" target=\"_blank\"><span class=\"shariff-icon\" style=\"\"><svg width=\"32px\" height=\"20px\" xmlns=\"http:\/\/www.w3.org\/2000\/svg\" viewBox=\"0 0 32 32\"><path fill=\"#34af23\" d=\"M17.6 17.4q0.2 0 1.7 0.8t1.6 0.9q0 0.1 0 0.3 0 0.6-0.3 1.4-0.3 0.7-1.3 1.2t-1.8 0.5q-1 0-3.4-1.1-1.7-0.8-3-2.1t-2.6-3.3q-1.3-1.9-1.3-3.5v-0.1q0.1-1.6 1.3-2.8 0.4-0.4 0.9-0.4 0.1 0 0.3 0t0.3 0q0.3 0 0.5 0.1t0.3 0.5q0.1 0.4 0.6 1.6t0.4 1.3q0 0.4-0.6 1t-0.6 0.8q0 0.1 0.1 0.3 0.6 1.3 1.8 2.4 1 0.9 2.7 1.8 0.2 0.1 0.4 0.1 0.3 0 1-0.9t0.9-0.9zM14 26.9q2.3 0 4.3-0.9t3.6-2.4 2.4-3.6 0.9-4.3-0.9-4.3-2.4-3.6-3.6-2.4-4.3-0.9-4.3 0.9-3.6 2.4-2.4 3.6-0.9 4.3q0 3.6 2.1 6.6l-1.4 4.2 4.3-1.4q2.8 1.9 6.2 1.9zM14 2.2q2.7 0 5.2 1.1t4.3 2.9 2.9 4.3 1.1 5.2-1.1 5.2-2.9 4.3-4.3 2.9-5.2 1.1q-3.5 0-6.5-1.7l-7.4 2.4 2.4-7.2q-1.9-3.2-1.9-6.9 0-2.7 1.1-5.2t2.9-4.3 4.3-2.9 5.2-1.1z\"\/><\/svg><\/span><span class=\"shariff-text\">teilen<\/span>&nbsp;<\/a><\/li><li class=\"shariff-button threema shariff-nocustomcolor shariff-mobile\" style=\"background-color:#4fbc24\"><a href=\"threema:\/\/compose?text=Nutzen%3F%20https%3A%2F%2Fwww.gegenwind-wetterau.de%2Fgww983%2Findex.php%2Ffaktencheck%2Fnutzen%2F\" title=\"Bei Threema teilen\" aria-label=\"Bei Threema teilen\" role=\"button\" rel=\"noopener nofollow\" class=\"shariff-link\" style=\"; background-color:#1f1f1f; color:#fff\" target=\"_blank\"><span class=\"shariff-icon\" style=\"\"><svg width=\"32px\" height=\"20px\" xmlns=\"http:\/\/www.w3.org\/2000\/svg\" viewBox=\"0 0 32 32\"><path fill=\"#1f1f1f\" d=\"M30.8 10.9c-0.3-1.4-0.9-2.6-1.8-3.8-2-2.6-5.5-4.5-9.4-5.2-1.3-0.2-1.9-0.3-3.5-0.3s-2.2 0-3.5 0.3c-4 0.7-7.4 2.6-9.4 5.2-0.9 1.2-1.5 2.4-1.8 3.8-0.1 0.5-0.2 1.2-0.2 1.6 0 0.4 0.1 1.1 0.2 1.6 0.4 1.9 1.3 3.4 2.9 5 0.8 0.8 0.8 0.8 0.7 1.3 0 0.6-0.5 1.6-1.7 3.6-0.3 0.5-0.5 0.9-0.5 0.9 0 0.1 0.1 0.1 0.5 0 0.8-0.2 2.3-0.6 5.6-1.6 1.1-0.3 1.3-0.4 2.3-0.4 0.8 0 1.1 0 2.3 0.2 1.5 0.2 3.5 0.2 4.9 0 5.1-0.6 9.3-2.9 11.4-6.3 0.5-0.9 0.9-1.8 1.1-2.8 0.1-0.5 0.2-1.1 0.2-1.6 0-0.7-0.1-1.1-0.2-1.6-0.3-1.4 0.1 0.5 0 0zM20.6 17.3c0 0.4-0.4 0.8-0.8 0.8h-7.7c-0.4 0-0.8-0.4-0.8-0.8v-4.6c0-0.4 0.4-0.8 0.8-0.8h0.2l0-1.6c0-0.9 0-1.8 0.1-2 0.1-0.6 0.6-1.2 1.1-1.7s1.1-0.7 1.9-0.8c1.8-0.3 3.7 0.7 4.2 2.2 0.1 0.3 0.1 0.7 0.1 2.1v0 1.7h0.1c0.4 0 0.8 0.4 0.8 0.8v4.6zM15.6 7.3c-0.5 0.1-0.8 0.3-1.2 0.6s-0.6 0.8-0.7 1.3c0 0.2 0 0.8 0 1.5l0 1.2h4.6v-1.3c0-1 0-1.4-0.1-1.6-0.3-1.1-1.5-1.9-2.6-1.7zM25.8 28.2c0 1.2-1 2.2-2.1 2.2s-2.1-1-2.1-2.1c0-1.2 1-2.1 2.2-2.1s2.2 1 2.2 2.2zM18.1 28.2c0 1.2-1 2.2-2.1 2.2s-2.1-1-2.1-2.1c0-1.2 1-2.1 2.2-2.1s2.2 1 2.2 2.2zM10.4 28.2c0 1.2-1 2.2-2.1 2.2s-2.1-1-2.1-2.1c0-1.2 1-2.1 2.2-2.1s2.2 1 2.2 2.2z\"\/><\/svg><\/span><span class=\"shariff-text\">teilen<\/span>&nbsp;<\/a><\/li><\/ul><\/div>","protected":false},"author":2,"featured_media":0,"parent":3088,"menu_order":95,"comment_status":"closed","ping_status":"closed","template":"","meta":{"footnotes":""},"class_list":["post-1333","page","type-page","status-publish","hentry"],"_links":{"self":[{"href":"https:\/\/www.gegenwind-wetterau.de\/gww983\/index.php\/wp-json\/wp\/v2\/pages\/1333","targetHints":{"allow":["GET"]}}],"collection":[{"href":"https:\/\/www.gegenwind-wetterau.de\/gww983\/index.php\/wp-json\/wp\/v2\/pages"}],"about":[{"href":"https:\/\/www.gegenwind-wetterau.de\/gww983\/index.php\/wp-json\/wp\/v2\/types\/page"}],"author":[{"embeddable":true,"href":"https:\/\/www.gegenwind-wetterau.de\/gww983\/index.php\/wp-json\/wp\/v2\/users\/2"}],"replies":[{"embeddable":true,"href":"https:\/\/www.gegenwind-wetterau.de\/gww983\/index.php\/wp-json\/wp\/v2\/comments?post=1333"}],"version-history":[{"count":44,"href":"https:\/\/www.gegenwind-wetterau.de\/gww983\/index.php\/wp-json\/wp\/v2\/pages\/1333\/revisions"}],"predecessor-version":[{"id":2442,"href":"https:\/\/www.gegenwind-wetterau.de\/gww983\/index.php\/wp-json\/wp\/v2\/pages\/1333\/revisions\/2442"}],"up":[{"embeddable":true,"href":"https:\/\/www.gegenwind-wetterau.de\/gww983\/index.php\/wp-json\/wp\/v2\/pages\/3088"}],"wp:attachment":[{"href":"https:\/\/www.gegenwind-wetterau.de\/gww983\/index.php\/wp-json\/wp\/v2\/media?parent=1333"}],"curies":[{"name":"wp","href":"https:\/\/api.w.org\/{rel}","templated":true}]}}