{"id":1248,"date":"2014-10-15T11:32:13","date_gmt":"2014-10-15T09:32:13","guid":{"rendered":"http:\/\/www.gegenwind-wetterau.de\/gww983\/?page_id=1248"},"modified":"2023-09-12T11:34:48","modified_gmt":"2023-09-12T09:34:48","slug":"anlage-der-zufahrtsstrassen-rangierbereiche-und-zwischenlager","status":"publish","type":"page","link":"https:\/\/www.gegenwind-wetterau.de\/gww983\/index.php\/vorhaben\/bau\/anlage-der-zufahrtsstrassen-rangierbereiche-und-zwischenlager\/","title":{"rendered":"Anlage der Zufahrtsstra\u00dfen, Rangierbereiche und Zwischenlager"},"content":{"rendered":"<p style=\"text-align: justify;\">Im Zuge der <a title=\"Rohdung und Vorbereitung\" href=\"https:\/\/www.gegenwind-wetterau.de\/gww983\/index.php\/vorhaben\/bau\/rohdung-und-vorbereitung\/\">Rohdungen f\u00fcr die eigentlichen Baustellen<\/a> der Windkraftanlagen werden auch gleich die <strong><em>riesigen Zufahrtsstra\u00dfen<\/em><\/strong> mit angelegt. Diese haben eine Breite von bis zu 10 Metern und sind f\u00fcr die Befahrung von Schwerlasttransportern ausgelegt. So ist es erforderlich, die Zuwege mit circa einem Meter Schotter aufzuf\u00fcllen und stark zu verdichten. Zum Errichten der Windkraftanlagen selbst, mit H\u00f6hen von \u00fcber 200 Metern, wird zudem die Anlieferung und Errichtung der derzeit gr\u00f6\u00dften verf\u00fcgbaren Mobilkr\u00e4ne erforderlich. Neben den eigentlichen Zufahrtsstra\u00dfen werden aber noch <em><strong>weitere Bereiche f\u00fcr das Wenden und Rangieren<\/strong><\/em> der gro\u00dfen Schwerlasttransporter ben\u00f6tigt. Zudem werden noch zus\u00e4tzliche <em><strong>Bereiche f\u00fcr Zwischenlager<\/strong><\/em> zum Abstellen von Material und Fahrzeugen frei gemacht.<\/p>\n<p style=\"text-align: justify;\">Welche Ausma\u00dfe die <em><strong>Zufahrtsstra\u00dfen<\/strong><\/em> und die zus\u00e4tzlich erforderlichen <em><strong>Fl\u00e4chen zum Rangieren und Zwischenlagern<\/strong><\/em> tats\u00e4chlich haben, wird besonders extrem im Wald sichtbar, wo sie als riesige Schneisen und Pl\u00e4tze wie Narben in der Natur zu Tage treten.<\/p>\n<div id=\"attachment_879\" style=\"width: 670px\" class=\"wp-caption alignnone\"><a href=\"https:\/\/www.gegenwind-wetterau.de\/gww983\/wp-content\/uploads\/2014\/08\/RUV-008.jpg\"><img loading=\"lazy\" decoding=\"async\" aria-describedby=\"caption-attachment-879\" class=\"wp-image-879 size-full\" src=\"https:\/\/www.gegenwind-wetterau.de\/gww983\/wp-content\/uploads\/2014\/08\/RUV-008.jpg\" alt=\"RUV-008\" width=\"660\" height=\"495\" srcset=\"https:\/\/www.gegenwind-wetterau.de\/gww983\/wp-content\/uploads\/2014\/08\/RUV-008.jpg 660w, https:\/\/www.gegenwind-wetterau.de\/gww983\/wp-content\/uploads\/2014\/08\/RUV-008-300x225.jpg 300w\" sizes=\"auto, (max-width: 660px) 100vw, 660px\" \/><\/a><p id=\"caption-attachment-879\" class=\"wp-caption-text\">Zufahrtsstra\u00dfen im Wald<\/p><\/div>\n<div id=\"attachment_1256\" style=\"width: 670px\" class=\"wp-caption alignnone\"><a href=\"https:\/\/www.gegenwind-wetterau.de\/gww983\/wp-content\/uploads\/2014\/10\/ZUP-001.jpg\"><img loading=\"lazy\" decoding=\"async\" aria-describedby=\"caption-attachment-1256\" class=\"wp-image-1256 size-full\" src=\"https:\/\/www.gegenwind-wetterau.de\/gww983\/wp-content\/uploads\/2014\/10\/ZUP-001.jpg\" alt=\"ZUP-001\" width=\"660\" height=\"495\" srcset=\"https:\/\/www.gegenwind-wetterau.de\/gww983\/wp-content\/uploads\/2014\/10\/ZUP-001.jpg 660w, https:\/\/www.gegenwind-wetterau.de\/gww983\/wp-content\/uploads\/2014\/10\/ZUP-001-300x225.jpg 300w, https:\/\/www.gegenwind-wetterau.de\/gww983\/wp-content\/uploads\/2014\/10\/ZUP-001-600x450.jpg 600w\" sizes=\"auto, (max-width: 660px) 100vw, 660px\" \/><\/a><p id=\"caption-attachment-1256\" class=\"wp-caption-text\">Riedelbach im Taunus &#8211; Rangier- und Wendebereiche f\u00fcr Schwerlasttransporter<\/p><\/div>\n<div id=\"attachment_881\" style=\"width: 670px\" class=\"wp-caption alignnone\"><a href=\"https:\/\/www.gegenwind-wetterau.de\/gww983\/wp-content\/uploads\/2014\/08\/RUV-010.jpg\"><img loading=\"lazy\" decoding=\"async\" aria-describedby=\"caption-attachment-881\" class=\"wp-image-881 size-full\" src=\"https:\/\/www.gegenwind-wetterau.de\/gww983\/wp-content\/uploads\/2014\/08\/RUV-010.jpg\" alt=\"RUV-010\" width=\"660\" height=\"495\" srcset=\"https:\/\/www.gegenwind-wetterau.de\/gww983\/wp-content\/uploads\/2014\/08\/RUV-010.jpg 660w, https:\/\/www.gegenwind-wetterau.de\/gww983\/wp-content\/uploads\/2014\/08\/RUV-010-300x225.jpg 300w\" sizes=\"auto, (max-width: 660px) 100vw, 660px\" \/><\/a><p id=\"caption-attachment-881\" class=\"wp-caption-text\">Zufahrtsstra\u00dfen im Wald<\/p><\/div>\n<div id=\"attachment_1257\" style=\"width: 670px\" class=\"wp-caption alignnone\"><a href=\"https:\/\/www.gegenwind-wetterau.de\/gww983\/wp-content\/uploads\/2014\/10\/ZUP-002.jpg\"><img loading=\"lazy\" decoding=\"async\" aria-describedby=\"caption-attachment-1257\" class=\"wp-image-1257 size-full\" src=\"https:\/\/www.gegenwind-wetterau.de\/gww983\/wp-content\/uploads\/2014\/10\/ZUP-002.jpg\" alt=\"ZUP-002\" width=\"660\" height=\"495\" srcset=\"https:\/\/www.gegenwind-wetterau.de\/gww983\/wp-content\/uploads\/2014\/10\/ZUP-002.jpg 660w, https:\/\/www.gegenwind-wetterau.de\/gww983\/wp-content\/uploads\/2014\/10\/ZUP-002-300x225.jpg 300w, https:\/\/www.gegenwind-wetterau.de\/gww983\/wp-content\/uploads\/2014\/10\/ZUP-002-600x450.jpg 600w\" sizes=\"auto, (max-width: 660px) 100vw, 660px\" \/><\/a><p id=\"caption-attachment-1257\" class=\"wp-caption-text\">Riedelbach im Taunus &#8211; Rangier- und Wendebereiche f\u00fcr Schwerlasttransporter<\/p><\/div>\n<div id=\"attachment_1444\" style=\"width: 670px\" class=\"wp-caption alignnone\"><a href=\"https:\/\/www.gegenwind-wetterau.de\/gww983\/wp-content\/uploads\/2014\/10\/WKA-im-Wald-004-660.jpg\"><img loading=\"lazy\" decoding=\"async\" aria-describedby=\"caption-attachment-1444\" class=\"wp-image-1444 size-full\" src=\"https:\/\/www.gegenwind-wetterau.de\/gww983\/wp-content\/uploads\/2014\/10\/WKA-im-Wald-004-660.jpg\" alt=\"WKA im Wald 004 660\" width=\"660\" height=\"495\" srcset=\"https:\/\/www.gegenwind-wetterau.de\/gww983\/wp-content\/uploads\/2014\/10\/WKA-im-Wald-004-660.jpg 660w, https:\/\/www.gegenwind-wetterau.de\/gww983\/wp-content\/uploads\/2014\/10\/WKA-im-Wald-004-660-300x225.jpg 300w, https:\/\/www.gegenwind-wetterau.de\/gww983\/wp-content\/uploads\/2014\/10\/WKA-im-Wald-004-660-600x450.jpg 600w\" sizes=\"auto, (max-width: 660px) 100vw, 660px\" \/><\/a><p id=\"caption-attachment-1444\" class=\"wp-caption-text\">Gemeinde Treuenbrietzen OT Rietz im Land Brandeburg<\/p><\/div>\n<div id=\"attachment_1259\" style=\"width: 670px\" class=\"wp-caption alignnone\"><a href=\"https:\/\/www.gegenwind-wetterau.de\/gww983\/wp-content\/uploads\/2014\/10\/ZUP-003.jpg\"><img loading=\"lazy\" decoding=\"async\" aria-describedby=\"caption-attachment-1259\" class=\"wp-image-1259 size-full\" src=\"https:\/\/www.gegenwind-wetterau.de\/gww983\/wp-content\/uploads\/2014\/10\/ZUP-003.jpg\" alt=\"ZUP-003\" width=\"660\" height=\"495\" srcset=\"https:\/\/www.gegenwind-wetterau.de\/gww983\/wp-content\/uploads\/2014\/10\/ZUP-003.jpg 660w, https:\/\/www.gegenwind-wetterau.de\/gww983\/wp-content\/uploads\/2014\/10\/ZUP-003-300x225.jpg 300w, https:\/\/www.gegenwind-wetterau.de\/gww983\/wp-content\/uploads\/2014\/10\/ZUP-003-600x450.jpg 600w\" sizes=\"auto, (max-width: 660px) 100vw, 660px\" \/><\/a><p id=\"caption-attachment-1259\" class=\"wp-caption-text\">Riedelbach im Taunus &#8211; Zwischenlager f\u00fcr bereits angelieferte Fl\u00fcgel (L\u00e4nge je Fl\u00fcgel 55 Meter)<\/p><\/div>\n<div id=\"attachment_1445\" style=\"width: 670px\" class=\"wp-caption alignnone\"><a href=\"https:\/\/www.gegenwind-wetterau.de\/gww983\/wp-content\/uploads\/2014\/10\/WKA-im-Wald-003-660.jpg\"><img loading=\"lazy\" decoding=\"async\" aria-describedby=\"caption-attachment-1445\" class=\"wp-image-1445 size-full\" src=\"https:\/\/www.gegenwind-wetterau.de\/gww983\/wp-content\/uploads\/2014\/10\/WKA-im-Wald-003-660.jpg\" alt=\"WKA im Wald 003 660\" width=\"660\" height=\"495\" srcset=\"https:\/\/www.gegenwind-wetterau.de\/gww983\/wp-content\/uploads\/2014\/10\/WKA-im-Wald-003-660.jpg 660w, https:\/\/www.gegenwind-wetterau.de\/gww983\/wp-content\/uploads\/2014\/10\/WKA-im-Wald-003-660-300x225.jpg 300w, https:\/\/www.gegenwind-wetterau.de\/gww983\/wp-content\/uploads\/2014\/10\/WKA-im-Wald-003-660-600x450.jpg 600w\" sizes=\"auto, (max-width: 660px) 100vw, 660px\" \/><\/a><p id=\"caption-attachment-1445\" class=\"wp-caption-text\">Gemeinde Treuenbrietzen OT Rietz im Land Brandeburg<\/p><\/div>\n<div id=\"attachment_1260\" style=\"width: 505px\" class=\"wp-caption alignnone\"><a href=\"https:\/\/www.gegenwind-wetterau.de\/gww983\/wp-content\/uploads\/2014\/10\/ZUP-004.jpg\"><img loading=\"lazy\" decoding=\"async\" aria-describedby=\"caption-attachment-1260\" class=\"wp-image-1260 size-full\" src=\"https:\/\/www.gegenwind-wetterau.de\/gww983\/wp-content\/uploads\/2014\/10\/ZUP-004.jpg\" alt=\"ZUP-004\" width=\"495\" height=\"660\" srcset=\"https:\/\/www.gegenwind-wetterau.de\/gww983\/wp-content\/uploads\/2014\/10\/ZUP-004.jpg 495w, https:\/\/www.gegenwind-wetterau.de\/gww983\/wp-content\/uploads\/2014\/10\/ZUP-004-225x300.jpg 225w\" sizes=\"auto, (max-width: 495px) 100vw, 495px\" \/><\/a><p id=\"caption-attachment-1260\" class=\"wp-caption-text\">Riedelbach im Taunus &#8211; Aufstellbereich f\u00fcr Montagekran<\/p><\/div>\n<div id=\"attachment_1446\" style=\"width: 670px\" class=\"wp-caption alignnone\"><a href=\"https:\/\/www.gegenwind-wetterau.de\/gww983\/wp-content\/uploads\/2014\/10\/WKA-im-Wald-001-660.jpg\"><img loading=\"lazy\" decoding=\"async\" aria-describedby=\"caption-attachment-1446\" class=\"wp-image-1446 size-full\" src=\"https:\/\/www.gegenwind-wetterau.de\/gww983\/wp-content\/uploads\/2014\/10\/WKA-im-Wald-001-660.jpg\" alt=\"WKA im Wald 001 660\" width=\"660\" height=\"495\" srcset=\"https:\/\/www.gegenwind-wetterau.de\/gww983\/wp-content\/uploads\/2014\/10\/WKA-im-Wald-001-660.jpg 660w, https:\/\/www.gegenwind-wetterau.de\/gww983\/wp-content\/uploads\/2014\/10\/WKA-im-Wald-001-660-300x225.jpg 300w, https:\/\/www.gegenwind-wetterau.de\/gww983\/wp-content\/uploads\/2014\/10\/WKA-im-Wald-001-660-600x450.jpg 600w\" sizes=\"auto, (max-width: 660px) 100vw, 660px\" \/><\/a><p id=\"caption-attachment-1446\" class=\"wp-caption-text\">Gemeinde Treuenbrietzen OT Rietz im Land Brandeburg<\/p><\/div>\n<div id=\"attachment_1261\" style=\"width: 505px\" class=\"wp-caption alignnone\"><a href=\"https:\/\/www.gegenwind-wetterau.de\/gww983\/wp-content\/uploads\/2014\/10\/ZUP-005.jpg\"><img loading=\"lazy\" decoding=\"async\" aria-describedby=\"caption-attachment-1261\" class=\"wp-image-1261 size-full\" src=\"https:\/\/www.gegenwind-wetterau.de\/gww983\/wp-content\/uploads\/2014\/10\/ZUP-005.jpg\" alt=\"ZUP-005\" width=\"495\" height=\"660\" srcset=\"https:\/\/www.gegenwind-wetterau.de\/gww983\/wp-content\/uploads\/2014\/10\/ZUP-005.jpg 495w, https:\/\/www.gegenwind-wetterau.de\/gww983\/wp-content\/uploads\/2014\/10\/ZUP-005-225x300.jpg 225w\" sizes=\"auto, (max-width: 495px) 100vw, 495px\" \/><\/a><p id=\"caption-attachment-1261\" class=\"wp-caption-text\">Riedelbach im Taunus &#8211; Aufstellbereich Montagekran<\/p><\/div>\n<div id=\"attachment_1268\" style=\"width: 670px\" class=\"wp-caption alignnone\"><a href=\"https:\/\/www.gegenwind-wetterau.de\/gww983\/wp-content\/uploads\/2014\/10\/ZUP-006.jpg\"><img loading=\"lazy\" decoding=\"async\" aria-describedby=\"caption-attachment-1268\" class=\"wp-image-1268 size-full\" src=\"https:\/\/www.gegenwind-wetterau.de\/gww983\/wp-content\/uploads\/2014\/10\/ZUP-006.jpg\" alt=\"ZUP-006\" width=\"660\" height=\"477\" srcset=\"https:\/\/www.gegenwind-wetterau.de\/gww983\/wp-content\/uploads\/2014\/10\/ZUP-006.jpg 660w, https:\/\/www.gegenwind-wetterau.de\/gww983\/wp-content\/uploads\/2014\/10\/ZUP-006-300x216.jpg 300w, https:\/\/www.gegenwind-wetterau.de\/gww983\/wp-content\/uploads\/2014\/10\/ZUP-006-600x433.jpg 600w\" sizes=\"auto, (max-width: 660px) 100vw, 660px\" \/><\/a><p id=\"caption-attachment-1268\" class=\"wp-caption-text\">Aufstellbereich der Montagekr\u00e4ne<\/p><\/div>\n<p>&nbsp;<\/p>\n<div class=\"shariff shariff-align-flex-start shariff-widget-align-flex-start\" data-services=\"facebook\" data-url=\"https%3A%2F%2Fwww.gegenwind-wetterau.de%2Fgww983%2Findex.php%2Fvorhaben%2Fbau%2Fanlage-der-zufahrtsstrassen-rangierbereiche-und-zwischenlager%2F\" data-timestamp=\"1694518488\" data-hidezero=\"1\" data-backendurl=\"https:\/\/www.gegenwind-wetterau.de\/gww983\/wp-json\/shariff\/v1\/share_counts?\"><div class=\"ShariffHeadline\">Diesen Beitrag teilen<\/div><ul class=\"shariff-buttons theme-color orientation-horizontal buttonsize-small\"><li class=\"shariff-button facebook shariff-nocustomcolor\" style=\"background-color:#4273c8\"><a href=\"https:\/\/www.facebook.com\/sharer\/sharer.php?u=https%3A%2F%2Fwww.gegenwind-wetterau.de%2Fgww983%2Findex.php%2Fvorhaben%2Fbau%2Fanlage-der-zufahrtsstrassen-rangierbereiche-und-zwischenlager%2F\" title=\"Bei Facebook teilen\" aria-label=\"Bei Facebook teilen\" role=\"button\" rel=\"nofollow\" class=\"shariff-link\" style=\"; background-color:#3b5998; color:#fff\" target=\"_blank\"><span class=\"shariff-icon\" style=\"\"><svg width=\"32px\" height=\"20px\" xmlns=\"http:\/\/www.w3.org\/2000\/svg\" viewBox=\"0 0 18 32\"><path fill=\"#3b5998\" d=\"M17.1 0.2v4.7h-2.8q-1.5 0-2.1 0.6t-0.5 1.9v3.4h5.2l-0.7 5.3h-4.5v13.6h-5.5v-13.6h-4.5v-5.3h4.5v-3.9q0-3.3 1.9-5.2t5-1.8q2.6 0 4.1 0.2z\"\/><\/svg><\/span><span class=\"shariff-text\">teilen<\/span>&nbsp;<span data-service=\"facebook\" style=\"color:#3b5998\" class=\"shariff-count shariff-hidezero\"><\/span>&nbsp;<\/a><\/li><li class=\"shariff-button whatsapp shariff-nocustomcolor\" style=\"background-color:#5cbe4a\"><a href=\"https:\/\/api.whatsapp.com\/send?text=https%3A%2F%2Fwww.gegenwind-wetterau.de%2Fgww983%2Findex.php%2Fvorhaben%2Fbau%2Fanlage-der-zufahrtsstrassen-rangierbereiche-und-zwischenlager%2F%20Anlage%20der%20Zufahrtsstra%C3%9Fen%2C%20Rangierbereiche%20und%20Zwischenlager\" title=\"Bei Whatsapp teilen\" aria-label=\"Bei Whatsapp teilen\" role=\"button\" rel=\"noopener nofollow\" class=\"shariff-link\" style=\"; background-color:#34af23; color:#fff\" target=\"_blank\"><span class=\"shariff-icon\" style=\"\"><svg width=\"32px\" height=\"20px\" xmlns=\"http:\/\/www.w3.org\/2000\/svg\" viewBox=\"0 0 32 32\"><path fill=\"#34af23\" d=\"M17.6 17.4q0.2 0 1.7 0.8t1.6 0.9q0 0.1 0 0.3 0 0.6-0.3 1.4-0.3 0.7-1.3 1.2t-1.8 0.5q-1 0-3.4-1.1-1.7-0.8-3-2.1t-2.6-3.3q-1.3-1.9-1.3-3.5v-0.1q0.1-1.6 1.3-2.8 0.4-0.4 0.9-0.4 0.1 0 0.3 0t0.3 0q0.3 0 0.5 0.1t0.3 0.5q0.1 0.4 0.6 1.6t0.4 1.3q0 0.4-0.6 1t-0.6 0.8q0 0.1 0.1 0.3 0.6 1.3 1.8 2.4 1 0.9 2.7 1.8 0.2 0.1 0.4 0.1 0.3 0 1-0.9t0.9-0.9zM14 26.9q2.3 0 4.3-0.9t3.6-2.4 2.4-3.6 0.9-4.3-0.9-4.3-2.4-3.6-3.6-2.4-4.3-0.9-4.3 0.9-3.6 2.4-2.4 3.6-0.9 4.3q0 3.6 2.1 6.6l-1.4 4.2 4.3-1.4q2.8 1.9 6.2 1.9zM14 2.2q2.7 0 5.2 1.1t4.3 2.9 2.9 4.3 1.1 5.2-1.1 5.2-2.9 4.3-4.3 2.9-5.2 1.1q-3.5 0-6.5-1.7l-7.4 2.4 2.4-7.2q-1.9-3.2-1.9-6.9 0-2.7 1.1-5.2t2.9-4.3 4.3-2.9 5.2-1.1z\"\/><\/svg><\/span><span class=\"shariff-text\">teilen<\/span>&nbsp;<\/a><\/li><li class=\"shariff-button threema shariff-nocustomcolor shariff-mobile\" style=\"background-color:#4fbc24\"><a href=\"threema:\/\/compose?text=Anlage%20der%20Zufahrtsstra%C3%9Fen%2C%20Rangierbereiche%20und%20Zwischenlager%20https%3A%2F%2Fwww.gegenwind-wetterau.de%2Fgww983%2Findex.php%2Fvorhaben%2Fbau%2Fanlage-der-zufahrtsstrassen-rangierbereiche-und-zwischenlager%2F\" title=\"Bei Threema teilen\" aria-label=\"Bei Threema teilen\" role=\"button\" rel=\"noopener nofollow\" class=\"shariff-link\" style=\"; background-color:#1f1f1f; color:#fff\" target=\"_blank\"><span class=\"shariff-icon\" style=\"\"><svg width=\"32px\" height=\"20px\" xmlns=\"http:\/\/www.w3.org\/2000\/svg\" viewBox=\"0 0 32 32\"><path fill=\"#1f1f1f\" d=\"M30.8 10.9c-0.3-1.4-0.9-2.6-1.8-3.8-2-2.6-5.5-4.5-9.4-5.2-1.3-0.2-1.9-0.3-3.5-0.3s-2.2 0-3.5 0.3c-4 0.7-7.4 2.6-9.4 5.2-0.9 1.2-1.5 2.4-1.8 3.8-0.1 0.5-0.2 1.2-0.2 1.6 0 0.4 0.1 1.1 0.2 1.6 0.4 1.9 1.3 3.4 2.9 5 0.8 0.8 0.8 0.8 0.7 1.3 0 0.6-0.5 1.6-1.7 3.6-0.3 0.5-0.5 0.9-0.5 0.9 0 0.1 0.1 0.1 0.5 0 0.8-0.2 2.3-0.6 5.6-1.6 1.1-0.3 1.3-0.4 2.3-0.4 0.8 0 1.1 0 2.3 0.2 1.5 0.2 3.5 0.2 4.9 0 5.1-0.6 9.3-2.9 11.4-6.3 0.5-0.9 0.9-1.8 1.1-2.8 0.1-0.5 0.2-1.1 0.2-1.6 0-0.7-0.1-1.1-0.2-1.6-0.3-1.4 0.1 0.5 0 0zM20.6 17.3c0 0.4-0.4 0.8-0.8 0.8h-7.7c-0.4 0-0.8-0.4-0.8-0.8v-4.6c0-0.4 0.4-0.8 0.8-0.8h0.2l0-1.6c0-0.9 0-1.8 0.1-2 0.1-0.6 0.6-1.2 1.1-1.7s1.1-0.7 1.9-0.8c1.8-0.3 3.7 0.7 4.2 2.2 0.1 0.3 0.1 0.7 0.1 2.1v0 1.7h0.1c0.4 0 0.8 0.4 0.8 0.8v4.6zM15.6 7.3c-0.5 0.1-0.8 0.3-1.2 0.6s-0.6 0.8-0.7 1.3c0 0.2 0 0.8 0 1.5l0 1.2h4.6v-1.3c0-1 0-1.4-0.1-1.6-0.3-1.1-1.5-1.9-2.6-1.7zM25.8 28.2c0 1.2-1 2.2-2.1 2.2s-2.1-1-2.1-2.1c0-1.2 1-2.1 2.2-2.1s2.2 1 2.2 2.2zM18.1 28.2c0 1.2-1 2.2-2.1 2.2s-2.1-1-2.1-2.1c0-1.2 1-2.1 2.2-2.1s2.2 1 2.2 2.2zM10.4 28.2c0 1.2-1 2.2-2.1 2.2s-2.1-1-2.1-2.1c0-1.2 1-2.1 2.2-2.1s2.2 1 2.2 2.2z\"\/><\/svg><\/span><span class=\"shariff-text\">teilen<\/span>&nbsp;<\/a><\/li><\/ul><\/div>","protected":false},"excerpt":{"rendered":"<p>Im Zuge der Rohdungen f\u00fcr die eigentlichen Baustellen der Windkraftanlagen werden auch gleich die riesigen Zufahrtsstra\u00dfen mit angelegt. Diese haben eine Breite von bis zu 10 Metern und sind f\u00fcr die Befahrung von Schwerlasttransportern ausgelegt. So ist es erforderlich, die &hellip; <a href=\"https:\/\/www.gegenwind-wetterau.de\/gww983\/index.php\/vorhaben\/bau\/anlage-der-zufahrtsstrassen-rangierbereiche-und-zwischenlager\/\">Weiterlesen <span class=\"meta-nav\">&rarr;<\/span><\/a><\/p>\n<div class=\"shariff shariff-align-flex-start shariff-widget-align-flex-start\" data-services=\"facebook\" data-url=\"https%3A%2F%2Fwww.gegenwind-wetterau.de%2Fgww983%2Findex.php%2Fvorhaben%2Fbau%2Fanlage-der-zufahrtsstrassen-rangierbereiche-und-zwischenlager%2F\" data-timestamp=\"1694518488\" data-hidezero=\"1\" data-backendurl=\"https:\/\/www.gegenwind-wetterau.de\/gww983\/wp-json\/shariff\/v1\/share_counts?\"><div class=\"ShariffHeadline\">Diesen Beitrag teilen<\/div><ul class=\"shariff-buttons theme-color orientation-horizontal buttonsize-small\"><li class=\"shariff-button facebook shariff-nocustomcolor\" style=\"background-color:#4273c8\"><a href=\"https:\/\/www.facebook.com\/sharer\/sharer.php?u=https%3A%2F%2Fwww.gegenwind-wetterau.de%2Fgww983%2Findex.php%2Fvorhaben%2Fbau%2Fanlage-der-zufahrtsstrassen-rangierbereiche-und-zwischenlager%2F\" title=\"Bei Facebook teilen\" aria-label=\"Bei Facebook teilen\" role=\"button\" rel=\"nofollow\" class=\"shariff-link\" style=\"; background-color:#3b5998; color:#fff\" target=\"_blank\"><span class=\"shariff-icon\" style=\"\"><svg width=\"32px\" height=\"20px\" xmlns=\"http:\/\/www.w3.org\/2000\/svg\" viewBox=\"0 0 18 32\"><path fill=\"#3b5998\" d=\"M17.1 0.2v4.7h-2.8q-1.5 0-2.1 0.6t-0.5 1.9v3.4h5.2l-0.7 5.3h-4.5v13.6h-5.5v-13.6h-4.5v-5.3h4.5v-3.9q0-3.3 1.9-5.2t5-1.8q2.6 0 4.1 0.2z\"\/><\/svg><\/span><span class=\"shariff-text\">teilen<\/span>&nbsp;<span data-service=\"facebook\" style=\"color:#3b5998\" class=\"shariff-count shariff-hidezero\"><\/span>&nbsp;<\/a><\/li><li class=\"shariff-button whatsapp shariff-nocustomcolor\" style=\"background-color:#5cbe4a\"><a href=\"https:\/\/api.whatsapp.com\/send?text=https%3A%2F%2Fwww.gegenwind-wetterau.de%2Fgww983%2Findex.php%2Fvorhaben%2Fbau%2Fanlage-der-zufahrtsstrassen-rangierbereiche-und-zwischenlager%2F%20Anlage%20der%20Zufahrtsstra%C3%9Fen%2C%20Rangierbereiche%20und%20Zwischenlager\" title=\"Bei Whatsapp teilen\" aria-label=\"Bei Whatsapp teilen\" role=\"button\" rel=\"noopener nofollow\" class=\"shariff-link\" style=\"; background-color:#34af23; color:#fff\" target=\"_blank\"><span class=\"shariff-icon\" style=\"\"><svg width=\"32px\" height=\"20px\" xmlns=\"http:\/\/www.w3.org\/2000\/svg\" viewBox=\"0 0 32 32\"><path fill=\"#34af23\" d=\"M17.6 17.4q0.2 0 1.7 0.8t1.6 0.9q0 0.1 0 0.3 0 0.6-0.3 1.4-0.3 0.7-1.3 1.2t-1.8 0.5q-1 0-3.4-1.1-1.7-0.8-3-2.1t-2.6-3.3q-1.3-1.9-1.3-3.5v-0.1q0.1-1.6 1.3-2.8 0.4-0.4 0.9-0.4 0.1 0 0.3 0t0.3 0q0.3 0 0.5 0.1t0.3 0.5q0.1 0.4 0.6 1.6t0.4 1.3q0 0.4-0.6 1t-0.6 0.8q0 0.1 0.1 0.3 0.6 1.3 1.8 2.4 1 0.9 2.7 1.8 0.2 0.1 0.4 0.1 0.3 0 1-0.9t0.9-0.9zM14 26.9q2.3 0 4.3-0.9t3.6-2.4 2.4-3.6 0.9-4.3-0.9-4.3-2.4-3.6-3.6-2.4-4.3-0.9-4.3 0.9-3.6 2.4-2.4 3.6-0.9 4.3q0 3.6 2.1 6.6l-1.4 4.2 4.3-1.4q2.8 1.9 6.2 1.9zM14 2.2q2.7 0 5.2 1.1t4.3 2.9 2.9 4.3 1.1 5.2-1.1 5.2-2.9 4.3-4.3 2.9-5.2 1.1q-3.5 0-6.5-1.7l-7.4 2.4 2.4-7.2q-1.9-3.2-1.9-6.9 0-2.7 1.1-5.2t2.9-4.3 4.3-2.9 5.2-1.1z\"\/><\/svg><\/span><span class=\"shariff-text\">teilen<\/span>&nbsp;<\/a><\/li><li class=\"shariff-button threema shariff-nocustomcolor shariff-mobile\" style=\"background-color:#4fbc24\"><a href=\"threema:\/\/compose?text=Anlage%20der%20Zufahrtsstra%C3%9Fen%2C%20Rangierbereiche%20und%20Zwischenlager%20https%3A%2F%2Fwww.gegenwind-wetterau.de%2Fgww983%2Findex.php%2Fvorhaben%2Fbau%2Fanlage-der-zufahrtsstrassen-rangierbereiche-und-zwischenlager%2F\" title=\"Bei Threema teilen\" aria-label=\"Bei Threema teilen\" role=\"button\" rel=\"noopener nofollow\" class=\"shariff-link\" style=\"; background-color:#1f1f1f; color:#fff\" target=\"_blank\"><span class=\"shariff-icon\" style=\"\"><svg width=\"32px\" height=\"20px\" xmlns=\"http:\/\/www.w3.org\/2000\/svg\" viewBox=\"0 0 32 32\"><path fill=\"#1f1f1f\" d=\"M30.8 10.9c-0.3-1.4-0.9-2.6-1.8-3.8-2-2.6-5.5-4.5-9.4-5.2-1.3-0.2-1.9-0.3-3.5-0.3s-2.2 0-3.5 0.3c-4 0.7-7.4 2.6-9.4 5.2-0.9 1.2-1.5 2.4-1.8 3.8-0.1 0.5-0.2 1.2-0.2 1.6 0 0.4 0.1 1.1 0.2 1.6 0.4 1.9 1.3 3.4 2.9 5 0.8 0.8 0.8 0.8 0.7 1.3 0 0.6-0.5 1.6-1.7 3.6-0.3 0.5-0.5 0.9-0.5 0.9 0 0.1 0.1 0.1 0.5 0 0.8-0.2 2.3-0.6 5.6-1.6 1.1-0.3 1.3-0.4 2.3-0.4 0.8 0 1.1 0 2.3 0.2 1.5 0.2 3.5 0.2 4.9 0 5.1-0.6 9.3-2.9 11.4-6.3 0.5-0.9 0.9-1.8 1.1-2.8 0.1-0.5 0.2-1.1 0.2-1.6 0-0.7-0.1-1.1-0.2-1.6-0.3-1.4 0.1 0.5 0 0zM20.6 17.3c0 0.4-0.4 0.8-0.8 0.8h-7.7c-0.4 0-0.8-0.4-0.8-0.8v-4.6c0-0.4 0.4-0.8 0.8-0.8h0.2l0-1.6c0-0.9 0-1.8 0.1-2 0.1-0.6 0.6-1.2 1.1-1.7s1.1-0.7 1.9-0.8c1.8-0.3 3.7 0.7 4.2 2.2 0.1 0.3 0.1 0.7 0.1 2.1v0 1.7h0.1c0.4 0 0.8 0.4 0.8 0.8v4.6zM15.6 7.3c-0.5 0.1-0.8 0.3-1.2 0.6s-0.6 0.8-0.7 1.3c0 0.2 0 0.8 0 1.5l0 1.2h4.6v-1.3c0-1 0-1.4-0.1-1.6-0.3-1.1-1.5-1.9-2.6-1.7zM25.8 28.2c0 1.2-1 2.2-2.1 2.2s-2.1-1-2.1-2.1c0-1.2 1-2.1 2.2-2.1s2.2 1 2.2 2.2zM18.1 28.2c0 1.2-1 2.2-2.1 2.2s-2.1-1-2.1-2.1c0-1.2 1-2.1 2.2-2.1s2.2 1 2.2 2.2zM10.4 28.2c0 1.2-1 2.2-2.1 2.2s-2.1-1-2.1-2.1c0-1.2 1-2.1 2.2-2.1s2.2 1 2.2 2.2z\"\/><\/svg><\/span><span class=\"shariff-text\">teilen<\/span>&nbsp;<\/a><\/li><\/ul><\/div>","protected":false},"author":2,"featured_media":0,"parent":94,"menu_order":25,"comment_status":"closed","ping_status":"closed","template":"","meta":{"footnotes":""},"class_list":["post-1248","page","type-page","status-publish","hentry"],"_links":{"self":[{"href":"https:\/\/www.gegenwind-wetterau.de\/gww983\/index.php\/wp-json\/wp\/v2\/pages\/1248","targetHints":{"allow":["GET"]}}],"collection":[{"href":"https:\/\/www.gegenwind-wetterau.de\/gww983\/index.php\/wp-json\/wp\/v2\/pages"}],"about":[{"href":"https:\/\/www.gegenwind-wetterau.de\/gww983\/index.php\/wp-json\/wp\/v2\/types\/page"}],"author":[{"embeddable":true,"href":"https:\/\/www.gegenwind-wetterau.de\/gww983\/index.php\/wp-json\/wp\/v2\/users\/2"}],"replies":[{"embeddable":true,"href":"https:\/\/www.gegenwind-wetterau.de\/gww983\/index.php\/wp-json\/wp\/v2\/comments?post=1248"}],"version-history":[{"count":19,"href":"https:\/\/www.gegenwind-wetterau.de\/gww983\/index.php\/wp-json\/wp\/v2\/pages\/1248\/revisions"}],"predecessor-version":[{"id":3720,"href":"https:\/\/www.gegenwind-wetterau.de\/gww983\/index.php\/wp-json\/wp\/v2\/pages\/1248\/revisions\/3720"}],"up":[{"embeddable":true,"href":"https:\/\/www.gegenwind-wetterau.de\/gww983\/index.php\/wp-json\/wp\/v2\/pages\/94"}],"wp:attachment":[{"href":"https:\/\/www.gegenwind-wetterau.de\/gww983\/index.php\/wp-json\/wp\/v2\/media?parent=1248"}],"curies":[{"name":"wp","href":"https:\/\/api.w.org\/{rel}","templated":true}]}}