{"id":1137,"date":"2014-10-05T18:09:51","date_gmt":"2014-10-05T16:09:51","guid":{"rendered":"http:\/\/www.gegenwind-wetterau.de\/gww983\/?page_id=1137"},"modified":"2017-04-14T10:38:59","modified_gmt":"2017-04-14T08:38:59","slug":"infoveranstaltung-gesundheitliche-risiken","status":"publish","type":"page","link":"https:\/\/www.gegenwind-wetterau.de\/gww983\/index.php\/aktionen\/infoveranstaltungen\/infoveranstaltung-gesundheitliche-risiken\/","title":{"rendered":"Infoveranstaltung Gesundheitliche Risiken"},"content":{"rendered":"<pre style=\"text-align: center;\">am Freitag, den 7. November 2014 um 19:30 Uhr\r\nin der Wetterauhalle, S\u00f6dler Weg 4, \r\n61200 W\u00f6lfersheim<\/pre>\n<h3 style=\"text-align: center;\"><strong><span style=\"color: #ff0000;\">Gesundheitliche Risiken verursacht durch Windkraftanlagen in unmittelbarer N\u00e4he zu Wohnbebauungen<br \/>\n<\/span><\/strong><strong>Dr. med. Eckard Kuck<br \/>\n<\/strong><strong>Unabh\u00e4ngiges \u00c4rzteforum Emissionsschutz, Bad Orb<br \/>\n<span style=\"color: #008000;\">\u00a0 &gt;&gt; Aufzeichnung des Vortrags: <a style=\"color: #008000;\" title=\"Vortrag von Dr. med. Kuck - Gesundheitsrisiken durch Windkraft\" href=\"https:\/\/www.youtube.com\/watch?v=9MJOFxxiuJg\" target=\"_blank\">Gesundheitsrisiken durch Windkraft<\/a><\/span><\/strong><span style=\"color: #008000;\"> <strong>&lt;&lt;<\/strong><\/span><\/h3>\n<h3 style=\"text-align: center;\"><strong><span style=\"color: #ff0000;\">Aktueller Stand der deutschen Energiepolitik<br \/>\n<\/span>Dr. Detlef Ahlborn<\/strong><br \/>\n<strong><span style=\"color: #000000;\">Vernunftkraft-Hessen e.V.<br \/>\n<span style=\"color: #008000;\">&gt;&gt; Vortrag mit gleichem Inhalt: <a style=\"color: #008000;\" title=\"Woran die Windkraft scheitern wird\" href=\"https:\/\/www.youtube.com\/watch?v=pVOdfYvA0y0\" target=\"_blank\">Woran die Windkraft scheitern wird<\/a> &lt;&lt;<\/span><br \/>\n<\/span><\/strong><\/h3>\n<h3 style=\"text-align: center;\"><strong><span style=\"color: #ff0000;\">mit anschlie\u00dfender offener Diskussion<\/span><\/strong><\/h3>\n<div id=\"attachment_1146\" style=\"width: 670px\" class=\"wp-caption alignnone\"><a href=\"https:\/\/www.gegenwind-wetterau.de\/gww983\/wp-content\/uploads\/2014\/10\/WKA-Wohnh\u00e4user-Kemel-660.jpg\"><img loading=\"lazy\" decoding=\"async\" aria-describedby=\"caption-attachment-1146\" class=\"wp-image-1146 size-full\" src=\"https:\/\/www.gegenwind-wetterau.de\/gww983\/wp-content\/uploads\/2014\/10\/WKA-Wohnh\u00e4user-Kemel-660.jpg\" alt=\"WKA-Wohnh\u00e4user-Kemel-660\" width=\"660\" height=\"439\" srcset=\"https:\/\/www.gegenwind-wetterau.de\/gww983\/wp-content\/uploads\/2014\/10\/WKA-Wohnh\u00e4user-Kemel-660.jpg 660w, https:\/\/www.gegenwind-wetterau.de\/gww983\/wp-content\/uploads\/2014\/10\/WKA-Wohnh\u00e4user-Kemel-660-300x199.jpg 300w, https:\/\/www.gegenwind-wetterau.de\/gww983\/wp-content\/uploads\/2014\/10\/WKA-Wohnh\u00e4user-Kemel-660-600x399.jpg 600w\" sizes=\"auto, (max-width: 660px) 100vw, 660px\" \/><\/a><p id=\"caption-attachment-1146\" class=\"wp-caption-text\">Windkraftanlagen in unmittelbarer N\u00e4he zu H\u00e4usern bei Kemel in Hessen<\/p><\/div>\n<ul>\n<ul>\n<ul>\n<li><strong><span style=\"color: #ff0000;\">Gibt es unh\u00f6rbaren L\u00e4rm?<\/span><\/strong><\/li>\n<\/ul>\n<\/ul>\n<ul>\n<ul>\n<li><strong><span style=\"color: #ff0000;\">Verursachen WKA&#8217;s<\/span><\/strong><br \/>\n<strong><span style=\"color: #ff0000;\"> &#8211; Schlaflosigkeit<\/span><\/strong><br \/>\n<strong><span style=\"color: #ff0000;\"> &#8211; Konzentrationsst\u00f6rungen<\/span><\/strong><br \/>\n<strong><span style=\"color: #ff0000;\"> &#8211; Kopfschmerzen<\/span><\/strong><br \/>\n<strong><span style=\"color: #ff0000;\"> &#8211; Tinnitus, Schwindel plus \u00dcbelkeit<\/span><\/strong><br \/>\n<strong><span style=\"color: #ff0000;\"> &#8211; Herzbeschwerden<\/span><\/strong><br \/>\n<strong><span style=\"color: #ff0000;\"> &#8211; Zunahme chronischer Erkrankungen?<\/span><\/strong><\/li>\n<\/ul>\n<\/ul>\n<\/ul>\n<pre style=\"text-align: center;\">Machen uns Windkraftanlagen wirklich krank?\r\n ... neuste medizinische Erkenntnisse<\/pre>\n<p>Anfahrt:<br \/>\n<iframe loading=\"lazy\" src=\"https:\/\/maps.google.de\/maps?f=q&amp;source=s_q&amp;hl=de&amp;geocode=&amp;q=S%C3%B6deler+Weg+4,+61200+W%C3%B6lfersheim&amp;aq=&amp;sll=50.397125,8.814082&amp;sspn=0.007113,0.01929&amp;ie=UTF8&amp;hq=&amp;hnear=S%C3%B6deler+Weg+4,+61200+W%C3%B6lfersheim&amp;ll=50.397122,8.814088&amp;spn=0.227561,0.617294&amp;t=m&amp;z=11&amp;output=embed\" width=\"640\" height=\"527\" frameborder=\"0\" marginwidth=\"0\" marginheight=\"0\" scrolling=\"no\"><\/iframe><br \/>\n<small><a style=\"color: #0000ff; text-align: left;\" href=\"https:\/\/maps.google.de\/maps?f=q&amp;source=embed&amp;hl=de&amp;geocode=&amp;q=S%C3%B6deler+Weg+4,+61200+W%C3%B6lfersheim&amp;aq=&amp;sll=50.397125,8.814082&amp;sspn=0.007113,0.01929&amp;ie=UTF8&amp;hq=&amp;hnear=S%C3%B6deler+Weg+4,+61200+W%C3%B6lfersheim&amp;ll=50.397122,8.814088&amp;spn=0.227561,0.617294&amp;t=m&amp;z=11\">Gr\u00f6\u00dfere Kartenansicht und Route berechnen<\/a><\/small><\/p>\n<p>Der <a title=\"Flyer Infoveranstaltung Gesundheitliche Risiken\" href=\"https:\/\/www.gegenwind-wetterau.de\/gww983\/index.php\/aktionen\/flyer\/flyer-infoveranstaltung-gesundheitliche-risiken\/\">Info-Flyer<\/a> und das <a title=\"Plakat Infoveranstaltung Gesundheitliche Risiken\" href=\"https:\/\/www.gegenwind-wetterau.de\/gww983\/index.php\/aktionen\/plakate\/plakat-infoveranstaltung-gesundheitliche-risiken\/\">Plakat<\/a> zur Veranstaltung stehen zum Druck und zur Weiterverteilung bereit.<\/p>\n<div class=\"shariff shariff-align-flex-start shariff-widget-align-flex-start\" data-services=\"facebook\" data-url=\"https%3A%2F%2Fwww.gegenwind-wetterau.de%2Fgww983%2Findex.php%2Faktionen%2Finfoveranstaltungen%2Finfoveranstaltung-gesundheitliche-risiken%2F\" data-timestamp=\"1492166339\" data-hidezero=\"1\" data-backendurl=\"https:\/\/www.gegenwind-wetterau.de\/gww983\/wp-json\/shariff\/v1\/share_counts?\"><div class=\"ShariffHeadline\">Diesen Beitrag teilen<\/div><ul class=\"shariff-buttons theme-color orientation-horizontal buttonsize-small\"><li class=\"shariff-button facebook shariff-nocustomcolor\" style=\"background-color:#4273c8\"><a href=\"https:\/\/www.facebook.com\/sharer\/sharer.php?u=https%3A%2F%2Fwww.gegenwind-wetterau.de%2Fgww983%2Findex.php%2Faktionen%2Finfoveranstaltungen%2Finfoveranstaltung-gesundheitliche-risiken%2F\" title=\"Bei Facebook teilen\" aria-label=\"Bei Facebook teilen\" role=\"button\" rel=\"nofollow\" class=\"shariff-link\" style=\"; background-color:#3b5998; color:#fff\" target=\"_blank\"><span class=\"shariff-icon\" style=\"\"><svg width=\"32px\" height=\"20px\" xmlns=\"http:\/\/www.w3.org\/2000\/svg\" viewBox=\"0 0 18 32\"><path fill=\"#3b5998\" d=\"M17.1 0.2v4.7h-2.8q-1.5 0-2.1 0.6t-0.5 1.9v3.4h5.2l-0.7 5.3h-4.5v13.6h-5.5v-13.6h-4.5v-5.3h4.5v-3.9q0-3.3 1.9-5.2t5-1.8q2.6 0 4.1 0.2z\"\/><\/svg><\/span><span class=\"shariff-text\">teilen<\/span>&nbsp;<span data-service=\"facebook\" style=\"color:#3b5998\" class=\"shariff-count shariff-hidezero\"><\/span>&nbsp;<\/a><\/li><li class=\"shariff-button whatsapp shariff-nocustomcolor\" style=\"background-color:#5cbe4a\"><a href=\"https:\/\/api.whatsapp.com\/send?text=https%3A%2F%2Fwww.gegenwind-wetterau.de%2Fgww983%2Findex.php%2Faktionen%2Finfoveranstaltungen%2Finfoveranstaltung-gesundheitliche-risiken%2F%20Infoveranstaltung%20Gesundheitliche%20Risiken\" title=\"Bei Whatsapp teilen\" aria-label=\"Bei Whatsapp teilen\" role=\"button\" rel=\"noopener nofollow\" class=\"shariff-link\" style=\"; background-color:#34af23; color:#fff\" target=\"_blank\"><span class=\"shariff-icon\" style=\"\"><svg width=\"32px\" height=\"20px\" xmlns=\"http:\/\/www.w3.org\/2000\/svg\" viewBox=\"0 0 32 32\"><path fill=\"#34af23\" d=\"M17.6 17.4q0.2 0 1.7 0.8t1.6 0.9q0 0.1 0 0.3 0 0.6-0.3 1.4-0.3 0.7-1.3 1.2t-1.8 0.5q-1 0-3.4-1.1-1.7-0.8-3-2.1t-2.6-3.3q-1.3-1.9-1.3-3.5v-0.1q0.1-1.6 1.3-2.8 0.4-0.4 0.9-0.4 0.1 0 0.3 0t0.3 0q0.3 0 0.5 0.1t0.3 0.5q0.1 0.4 0.6 1.6t0.4 1.3q0 0.4-0.6 1t-0.6 0.8q0 0.1 0.1 0.3 0.6 1.3 1.8 2.4 1 0.9 2.7 1.8 0.2 0.1 0.4 0.1 0.3 0 1-0.9t0.9-0.9zM14 26.9q2.3 0 4.3-0.9t3.6-2.4 2.4-3.6 0.9-4.3-0.9-4.3-2.4-3.6-3.6-2.4-4.3-0.9-4.3 0.9-3.6 2.4-2.4 3.6-0.9 4.3q0 3.6 2.1 6.6l-1.4 4.2 4.3-1.4q2.8 1.9 6.2 1.9zM14 2.2q2.7 0 5.2 1.1t4.3 2.9 2.9 4.3 1.1 5.2-1.1 5.2-2.9 4.3-4.3 2.9-5.2 1.1q-3.5 0-6.5-1.7l-7.4 2.4 2.4-7.2q-1.9-3.2-1.9-6.9 0-2.7 1.1-5.2t2.9-4.3 4.3-2.9 5.2-1.1z\"\/><\/svg><\/span><span class=\"shariff-text\">teilen<\/span>&nbsp;<\/a><\/li><li class=\"shariff-button threema shariff-nocustomcolor shariff-mobile\" style=\"background-color:#4fbc24\"><a href=\"threema:\/\/compose?text=Infoveranstaltung%20Gesundheitliche%20Risiken%20https%3A%2F%2Fwww.gegenwind-wetterau.de%2Fgww983%2Findex.php%2Faktionen%2Finfoveranstaltungen%2Finfoveranstaltung-gesundheitliche-risiken%2F\" title=\"Bei Threema teilen\" aria-label=\"Bei Threema teilen\" role=\"button\" rel=\"noopener nofollow\" class=\"shariff-link\" style=\"; background-color:#1f1f1f; color:#fff\" target=\"_blank\"><span class=\"shariff-icon\" style=\"\"><svg width=\"32px\" height=\"20px\" xmlns=\"http:\/\/www.w3.org\/2000\/svg\" viewBox=\"0 0 32 32\"><path fill=\"#1f1f1f\" d=\"M30.8 10.9c-0.3-1.4-0.9-2.6-1.8-3.8-2-2.6-5.5-4.5-9.4-5.2-1.3-0.2-1.9-0.3-3.5-0.3s-2.2 0-3.5 0.3c-4 0.7-7.4 2.6-9.4 5.2-0.9 1.2-1.5 2.4-1.8 3.8-0.1 0.5-0.2 1.2-0.2 1.6 0 0.4 0.1 1.1 0.2 1.6 0.4 1.9 1.3 3.4 2.9 5 0.8 0.8 0.8 0.8 0.7 1.3 0 0.6-0.5 1.6-1.7 3.6-0.3 0.5-0.5 0.9-0.5 0.9 0 0.1 0.1 0.1 0.5 0 0.8-0.2 2.3-0.6 5.6-1.6 1.1-0.3 1.3-0.4 2.3-0.4 0.8 0 1.1 0 2.3 0.2 1.5 0.2 3.5 0.2 4.9 0 5.1-0.6 9.3-2.9 11.4-6.3 0.5-0.9 0.9-1.8 1.1-2.8 0.1-0.5 0.2-1.1 0.2-1.6 0-0.7-0.1-1.1-0.2-1.6-0.3-1.4 0.1 0.5 0 0zM20.6 17.3c0 0.4-0.4 0.8-0.8 0.8h-7.7c-0.4 0-0.8-0.4-0.8-0.8v-4.6c0-0.4 0.4-0.8 0.8-0.8h0.2l0-1.6c0-0.9 0-1.8 0.1-2 0.1-0.6 0.6-1.2 1.1-1.7s1.1-0.7 1.9-0.8c1.8-0.3 3.7 0.7 4.2 2.2 0.1 0.3 0.1 0.7 0.1 2.1v0 1.7h0.1c0.4 0 0.8 0.4 0.8 0.8v4.6zM15.6 7.3c-0.5 0.1-0.8 0.3-1.2 0.6s-0.6 0.8-0.7 1.3c0 0.2 0 0.8 0 1.5l0 1.2h4.6v-1.3c0-1 0-1.4-0.1-1.6-0.3-1.1-1.5-1.9-2.6-1.7zM25.8 28.2c0 1.2-1 2.2-2.1 2.2s-2.1-1-2.1-2.1c0-1.2 1-2.1 2.2-2.1s2.2 1 2.2 2.2zM18.1 28.2c0 1.2-1 2.2-2.1 2.2s-2.1-1-2.1-2.1c0-1.2 1-2.1 2.2-2.1s2.2 1 2.2 2.2zM10.4 28.2c0 1.2-1 2.2-2.1 2.2s-2.1-1-2.1-2.1c0-1.2 1-2.1 2.2-2.1s2.2 1 2.2 2.2z\"\/><\/svg><\/span><span class=\"shariff-text\">teilen<\/span>&nbsp;<\/a><\/li><\/ul><\/div>","protected":false},"excerpt":{"rendered":"<p>am Freitag, den 7. November 2014 um 19:30 Uhr in der Wetterauhalle, S\u00f6dler Weg 4, 61200 W\u00f6lfersheim Gesundheitliche Risiken verursacht durch Windkraftanlagen in unmittelbarer N\u00e4he zu Wohnbebauungen Dr. med. Eckard Kuck Unabh\u00e4ngiges \u00c4rzteforum Emissionsschutz, Bad Orb \u00a0 &gt;&gt; Aufzeichnung des &hellip; <a href=\"https:\/\/www.gegenwind-wetterau.de\/gww983\/index.php\/aktionen\/infoveranstaltungen\/infoveranstaltung-gesundheitliche-risiken\/\">Weiterlesen <span class=\"meta-nav\">&rarr;<\/span><\/a><\/p>\n<div class=\"shariff shariff-align-flex-start shariff-widget-align-flex-start\" data-services=\"facebook\" data-url=\"https%3A%2F%2Fwww.gegenwind-wetterau.de%2Fgww983%2Findex.php%2Faktionen%2Finfoveranstaltungen%2Finfoveranstaltung-gesundheitliche-risiken%2F\" data-timestamp=\"1492166339\" data-hidezero=\"1\" data-backendurl=\"https:\/\/www.gegenwind-wetterau.de\/gww983\/wp-json\/shariff\/v1\/share_counts?\"><div class=\"ShariffHeadline\">Diesen Beitrag teilen<\/div><ul class=\"shariff-buttons theme-color orientation-horizontal buttonsize-small\"><li class=\"shariff-button facebook shariff-nocustomcolor\" style=\"background-color:#4273c8\"><a href=\"https:\/\/www.facebook.com\/sharer\/sharer.php?u=https%3A%2F%2Fwww.gegenwind-wetterau.de%2Fgww983%2Findex.php%2Faktionen%2Finfoveranstaltungen%2Finfoveranstaltung-gesundheitliche-risiken%2F\" title=\"Bei Facebook teilen\" aria-label=\"Bei Facebook teilen\" role=\"button\" rel=\"nofollow\" class=\"shariff-link\" style=\"; background-color:#3b5998; color:#fff\" target=\"_blank\"><span class=\"shariff-icon\" style=\"\"><svg width=\"32px\" height=\"20px\" xmlns=\"http:\/\/www.w3.org\/2000\/svg\" viewBox=\"0 0 18 32\"><path fill=\"#3b5998\" d=\"M17.1 0.2v4.7h-2.8q-1.5 0-2.1 0.6t-0.5 1.9v3.4h5.2l-0.7 5.3h-4.5v13.6h-5.5v-13.6h-4.5v-5.3h4.5v-3.9q0-3.3 1.9-5.2t5-1.8q2.6 0 4.1 0.2z\"\/><\/svg><\/span><span class=\"shariff-text\">teilen<\/span>&nbsp;<span data-service=\"facebook\" style=\"color:#3b5998\" class=\"shariff-count shariff-hidezero\"><\/span>&nbsp;<\/a><\/li><li class=\"shariff-button whatsapp shariff-nocustomcolor\" style=\"background-color:#5cbe4a\"><a href=\"https:\/\/api.whatsapp.com\/send?text=https%3A%2F%2Fwww.gegenwind-wetterau.de%2Fgww983%2Findex.php%2Faktionen%2Finfoveranstaltungen%2Finfoveranstaltung-gesundheitliche-risiken%2F%20Infoveranstaltung%20Gesundheitliche%20Risiken\" title=\"Bei Whatsapp teilen\" aria-label=\"Bei Whatsapp teilen\" role=\"button\" rel=\"noopener nofollow\" class=\"shariff-link\" style=\"; background-color:#34af23; color:#fff\" target=\"_blank\"><span class=\"shariff-icon\" style=\"\"><svg width=\"32px\" height=\"20px\" xmlns=\"http:\/\/www.w3.org\/2000\/svg\" viewBox=\"0 0 32 32\"><path fill=\"#34af23\" d=\"M17.6 17.4q0.2 0 1.7 0.8t1.6 0.9q0 0.1 0 0.3 0 0.6-0.3 1.4-0.3 0.7-1.3 1.2t-1.8 0.5q-1 0-3.4-1.1-1.7-0.8-3-2.1t-2.6-3.3q-1.3-1.9-1.3-3.5v-0.1q0.1-1.6 1.3-2.8 0.4-0.4 0.9-0.4 0.1 0 0.3 0t0.3 0q0.3 0 0.5 0.1t0.3 0.5q0.1 0.4 0.6 1.6t0.4 1.3q0 0.4-0.6 1t-0.6 0.8q0 0.1 0.1 0.3 0.6 1.3 1.8 2.4 1 0.9 2.7 1.8 0.2 0.1 0.4 0.1 0.3 0 1-0.9t0.9-0.9zM14 26.9q2.3 0 4.3-0.9t3.6-2.4 2.4-3.6 0.9-4.3-0.9-4.3-2.4-3.6-3.6-2.4-4.3-0.9-4.3 0.9-3.6 2.4-2.4 3.6-0.9 4.3q0 3.6 2.1 6.6l-1.4 4.2 4.3-1.4q2.8 1.9 6.2 1.9zM14 2.2q2.7 0 5.2 1.1t4.3 2.9 2.9 4.3 1.1 5.2-1.1 5.2-2.9 4.3-4.3 2.9-5.2 1.1q-3.5 0-6.5-1.7l-7.4 2.4 2.4-7.2q-1.9-3.2-1.9-6.9 0-2.7 1.1-5.2t2.9-4.3 4.3-2.9 5.2-1.1z\"\/><\/svg><\/span><span class=\"shariff-text\">teilen<\/span>&nbsp;<\/a><\/li><li class=\"shariff-button threema shariff-nocustomcolor shariff-mobile\" style=\"background-color:#4fbc24\"><a href=\"threema:\/\/compose?text=Infoveranstaltung%20Gesundheitliche%20Risiken%20https%3A%2F%2Fwww.gegenwind-wetterau.de%2Fgww983%2Findex.php%2Faktionen%2Finfoveranstaltungen%2Finfoveranstaltung-gesundheitliche-risiken%2F\" title=\"Bei Threema teilen\" aria-label=\"Bei Threema teilen\" role=\"button\" rel=\"noopener nofollow\" class=\"shariff-link\" style=\"; background-color:#1f1f1f; color:#fff\" target=\"_blank\"><span class=\"shariff-icon\" style=\"\"><svg width=\"32px\" height=\"20px\" xmlns=\"http:\/\/www.w3.org\/2000\/svg\" viewBox=\"0 0 32 32\"><path fill=\"#1f1f1f\" d=\"M30.8 10.9c-0.3-1.4-0.9-2.6-1.8-3.8-2-2.6-5.5-4.5-9.4-5.2-1.3-0.2-1.9-0.3-3.5-0.3s-2.2 0-3.5 0.3c-4 0.7-7.4 2.6-9.4 5.2-0.9 1.2-1.5 2.4-1.8 3.8-0.1 0.5-0.2 1.2-0.2 1.6 0 0.4 0.1 1.1 0.2 1.6 0.4 1.9 1.3 3.4 2.9 5 0.8 0.8 0.8 0.8 0.7 1.3 0 0.6-0.5 1.6-1.7 3.6-0.3 0.5-0.5 0.9-0.5 0.9 0 0.1 0.1 0.1 0.5 0 0.8-0.2 2.3-0.6 5.6-1.6 1.1-0.3 1.3-0.4 2.3-0.4 0.8 0 1.1 0 2.3 0.2 1.5 0.2 3.5 0.2 4.9 0 5.1-0.6 9.3-2.9 11.4-6.3 0.5-0.9 0.9-1.8 1.1-2.8 0.1-0.5 0.2-1.1 0.2-1.6 0-0.7-0.1-1.1-0.2-1.6-0.3-1.4 0.1 0.5 0 0zM20.6 17.3c0 0.4-0.4 0.8-0.8 0.8h-7.7c-0.4 0-0.8-0.4-0.8-0.8v-4.6c0-0.4 0.4-0.8 0.8-0.8h0.2l0-1.6c0-0.9 0-1.8 0.1-2 0.1-0.6 0.6-1.2 1.1-1.7s1.1-0.7 1.9-0.8c1.8-0.3 3.7 0.7 4.2 2.2 0.1 0.3 0.1 0.7 0.1 2.1v0 1.7h0.1c0.4 0 0.8 0.4 0.8 0.8v4.6zM15.6 7.3c-0.5 0.1-0.8 0.3-1.2 0.6s-0.6 0.8-0.7 1.3c0 0.2 0 0.8 0 1.5l0 1.2h4.6v-1.3c0-1 0-1.4-0.1-1.6-0.3-1.1-1.5-1.9-2.6-1.7zM25.8 28.2c0 1.2-1 2.2-2.1 2.2s-2.1-1-2.1-2.1c0-1.2 1-2.1 2.2-2.1s2.2 1 2.2 2.2zM18.1 28.2c0 1.2-1 2.2-2.1 2.2s-2.1-1-2.1-2.1c0-1.2 1-2.1 2.2-2.1s2.2 1 2.2 2.2zM10.4 28.2c0 1.2-1 2.2-2.1 2.2s-2.1-1-2.1-2.1c0-1.2 1-2.1 2.2-2.1s2.2 1 2.2 2.2z\"\/><\/svg><\/span><span class=\"shariff-text\">teilen<\/span>&nbsp;<\/a><\/li><\/ul><\/div>","protected":false},"author":2,"featured_media":0,"parent":3206,"menu_order":90,"comment_status":"closed","ping_status":"closed","template":"","meta":{"footnotes":""},"class_list":["post-1137","page","type-page","status-publish","hentry"],"_links":{"self":[{"href":"https:\/\/www.gegenwind-wetterau.de\/gww983\/index.php\/wp-json\/wp\/v2\/pages\/1137","targetHints":{"allow":["GET"]}}],"collection":[{"href":"https:\/\/www.gegenwind-wetterau.de\/gww983\/index.php\/wp-json\/wp\/v2\/pages"}],"about":[{"href":"https:\/\/www.gegenwind-wetterau.de\/gww983\/index.php\/wp-json\/wp\/v2\/types\/page"}],"author":[{"embeddable":true,"href":"https:\/\/www.gegenwind-wetterau.de\/gww983\/index.php\/wp-json\/wp\/v2\/users\/2"}],"replies":[{"embeddable":true,"href":"https:\/\/www.gegenwind-wetterau.de\/gww983\/index.php\/wp-json\/wp\/v2\/comments?post=1137"}],"version-history":[{"count":29,"href":"https:\/\/www.gegenwind-wetterau.de\/gww983\/index.php\/wp-json\/wp\/v2\/pages\/1137\/revisions"}],"predecessor-version":[{"id":1562,"href":"https:\/\/www.gegenwind-wetterau.de\/gww983\/index.php\/wp-json\/wp\/v2\/pages\/1137\/revisions\/1562"}],"up":[{"embeddable":true,"href":"https:\/\/www.gegenwind-wetterau.de\/gww983\/index.php\/wp-json\/wp\/v2\/pages\/3206"}],"wp:attachment":[{"href":"https:\/\/www.gegenwind-wetterau.de\/gww983\/index.php\/wp-json\/wp\/v2\/media?parent=1137"}],"curies":[{"name":"wp","href":"https:\/\/api.w.org\/{rel}","templated":true}]}}