{"id":103,"date":"2014-04-08T16:46:45","date_gmt":"2014-04-08T14:46:45","guid":{"rendered":"http:\/\/www.gegenwind-wetterau.de\/gww983\/?page_id=103"},"modified":"2017-03-03T11:17:44","modified_gmt":"2017-03-03T09:17:44","slug":"unterstuetzung","status":"publish","type":"page","link":"https:\/\/www.gegenwind-wetterau.de\/gww983\/index.php\/unterstuetzung\/","title":{"rendered":"Unterst\u00fctzung"},"content":{"rendered":"<h2 style=\"text-align: justify;\">durch Spenden<\/h2>\n<p style=\"text-align: justify;\">Wer unsere Arbeit bei der Aufkl\u00e4rung der Bev\u00f6lkerung zum Thema industrielle Windkraftanlagen gem\u00e4\u00df unseren <a title=\"unsere Ziele\" href=\"https:\/\/www.gegenwind-wetterau.de\/gww983\/index.php\/ziele\/unsere-ziele\/\">Zielen<\/a> unterst\u00fctzen m\u00f6chte, kann dies gern tun. Hierzu einfach den gew\u00fcnschten Betrag auf nachstehendes Konto mit dem Vermerk &#8220;Spende an BI Gegenwind Wetterau&#8221; plus eigenen Namen \u00fcberweisen:<\/p>\n<blockquote><p><strong><em>Bank\u00a0\u00a0\u00a0\u00a0\u00a0\u00a0\u00a0 : comdirect bank<\/em><\/strong><br \/>\n<strong><em> Konto-Nr. : <span class=\"standard textVerticalTop uiOutputText\">824882500<\/span><\/em><\/strong><br \/>\n<strong><em> BLZ\u00a0\u00a0\u00a0\u00a0\u00a0\u00a0\u00a0\u00a0\u00a0 : <span class=\"standard textVerticalTop uiOutputText\">20041144<\/span><\/em><\/strong><br \/>\n<strong><em> IBAN\u00a0\u00a0\u00a0\u00a0\u00a0\u00a0\u00a0 : <span class=\"standard textVerticalTop uiOutputText\">DE89 2004 1144 0824 8825 00<\/span><\/em><\/strong><br \/>\n<strong><em> BIC\u00a0\u00a0\u00a0\u00a0\u00a0 \u00a0\u00a0\u00a0 : <span class=\"standard textVerticalTop uiOutputText\">COBADEHD044<\/span><br \/>\n<\/em><\/strong><\/p><\/blockquote>\n<p style=\"text-align: justify;\">Die auf diesem Wege gesammelten Gelder werden f\u00fcr die Organisation von \u00f6ffentlichen Informationsveranstaltungen, den Druck von Informationsmaterial, Flyern und Plakaten, sowie zur Herstellung von Bannern usw. verwendet werden.<\/p>\n<h2 style=\"text-align: justify;\">Im Bereich Fotomontagen mit Windkraftanlagen<\/h2>\n<p style=\"text-align: justify;\">Wir suchen noch Unterst\u00fctzung im Bereich von <a title=\"Fotomontagen\" href=\"https:\/\/www.gegenwind-wetterau.de\/gww983\/index.php\/vorhaben\/fotomontagen\/\"><strong>realistischen<\/strong> <strong>Fotomontagen<\/strong><\/a>, bei denen typische Landschaftsblicke aus der Region in das geplante Windvorrangebiet zeigen, wie es einmal aussehen k\u00f6nnten wenn die Windkraftanlagen erst einmal errichtet sind. Wer ist in der Lage solche Fotomontagen zu erstellen und uns frei zur Verf\u00fcgung zu stellen? Eine kommerzielle Nutzung von unserer Seite wird ausgeschlossen sowie die Weitergabe der Originale an Dritte.<\/p>\n<p style=\"text-align: justify;\">Die Fotomontagen w\u00fcrden dann u.a. im Kopfbereich der Seite eingeblendet werden. Bei Berichten mit Bezug auf bestimmte Ortschaften k\u00f6nnten wir die Bilder ebenfalls zur Veranschaulichung gut verwenden. F\u00fcr Flyer, Banner und Transparente sind solche Fotomontagen ebenfalls bestens geeignet. Hier gilt:<\/p>\n<blockquote>\n<p style=\"text-align: center;\"><strong>&#8220;Ein Bild spricht tausend Worte&#8221;<\/strong><\/p>\n<\/blockquote>\n<p style=\"text-align: justify;\">Wichtig ist, dass die Fotomontagen m\u00f6glichst realit\u00e4tsnah sind. Zu viele Windkraftanlagen auf zu engem Raum oder falsch H\u00f6hen (h\u00f6her als 200m) und Dimensionen machen uns hier unglaubhaft.<\/p>\n<p style=\"text-align: justify;\">Falls gew\u00fcnscht, werden die Unterst\u00fctzer auch namentlich mit ihren Fotomontagen erw\u00e4hnt. Je nachdem wie viele Fotomontagen eingehen k\u00f6nnte man in einem Wettbewerb die besten Motive pr\u00e4mieren.<\/p>\n<p style=\"text-align: justify;\"><strong>Vorschlag f\u00fcr Motive mit Windkraftanlagen:<\/strong><\/p>\n<ul>\n<li>Von allen Anrainergemeinden aus mit Blick\u00a0 in Richtung Windvorrangebiet, mit markanten Bezugspunkten und den Windkraftanalagen selber (z.B. Windvorranggebiet 10.500: Bad Nauheim, Steinfurth, Wisselsheim, R\u00f6dgen, Schwalheim, Dorheim, Melbach, S\u00f6del, W\u00f6lfersheim, Wohnbach, Obbornhofen, M\u00fcnzenberg, Rockenberg und Oppershofen).<\/li>\n<li>Vom Johannisberg in Bad Nauheim auf die gesamte Fl\u00e4che des Windvorranggebiets mit bis zu maximal 200 Windkraftanalagen (Szenario Vollausbau). Oder Teilausbau mit Baustellen des Weiterausbaus im Wald.<\/li>\n<li>Aus dem Wald heraus auf Windkraftanalgen, die sich im Wald befinden.<\/li>\n<li>Sonnenauf- und -untergangsbilder mit Schlagschatten auf H\u00e4usern oder Aussiedlerh\u00f6fen.<\/li>\n<li>Im Winter mit zentnerschwerem Eiswurf.<\/li>\n<li>Vorbeizug der Kraniche in gef\u00e4hrlicher N\u00e4he zu den Windkraftanlagen.<\/li>\n<li>Alle Situationen des dann <strong><em>normalen Alltags<\/em><\/strong> sind denkbar!<\/li>\n<\/ul>\n<h2>Reale Bilder von Landschaften mit Windkraftanlagen<\/h2>\n<p style=\"text-align: justify;\">Leider gibt es bundesweit schon viele Regionen, die mit den industriellen Windkraftanlagen verschandelt worden sind. Auch diese Fotos helfen uns hier in der Wetterau, der Bev\u00f6lkerung zu zeigen, was auf sie zukommen kann. Wer hierzu Bilder bereitstellen kann und m\u00f6chte, ist herzlich aufgefordert uns diese zukommen zu lassen. Wir werden diese dann unter der Rubrik &#8220;<a title=\"Das neue Landschaftsbild - Bilder einer verfehlten Energiepolitik\" href=\"https:\/\/www.gegenwind-wetterau.de\/gww983\/index.php\/vorhaben\/das-neue-landschaftsbild\/\">Das neue Landschaftsbild<\/a>&#8221; einstellen.<\/p>\n<div class=\"shariff shariff-align-flex-start shariff-widget-align-flex-start\" data-services=\"facebook\" data-url=\"https%3A%2F%2Fwww.gegenwind-wetterau.de%2Fgww983%2Findex.php%2Funterstuetzung%2F\" data-timestamp=\"1488539864\" data-hidezero=\"1\" data-backendurl=\"https:\/\/www.gegenwind-wetterau.de\/gww983\/wp-json\/shariff\/v1\/share_counts?\"><div class=\"ShariffHeadline\">Diesen Beitrag teilen<\/div><ul class=\"shariff-buttons theme-color orientation-horizontal buttonsize-small\"><li class=\"shariff-button facebook shariff-nocustomcolor\" style=\"background-color:#4273c8\"><a href=\"https:\/\/www.facebook.com\/sharer\/sharer.php?u=https%3A%2F%2Fwww.gegenwind-wetterau.de%2Fgww983%2Findex.php%2Funterstuetzung%2F\" title=\"Bei Facebook teilen\" aria-label=\"Bei Facebook teilen\" role=\"button\" rel=\"nofollow\" class=\"shariff-link\" style=\"; background-color:#3b5998; color:#fff\" target=\"_blank\"><span class=\"shariff-icon\" style=\"\"><svg width=\"32px\" height=\"20px\" xmlns=\"http:\/\/www.w3.org\/2000\/svg\" viewBox=\"0 0 18 32\"><path fill=\"#3b5998\" d=\"M17.1 0.2v4.7h-2.8q-1.5 0-2.1 0.6t-0.5 1.9v3.4h5.2l-0.7 5.3h-4.5v13.6h-5.5v-13.6h-4.5v-5.3h4.5v-3.9q0-3.3 1.9-5.2t5-1.8q2.6 0 4.1 0.2z\"\/><\/svg><\/span><span class=\"shariff-text\">teilen<\/span>&nbsp;<span data-service=\"facebook\" style=\"color:#3b5998\" class=\"shariff-count shariff-hidezero\"><\/span>&nbsp;<\/a><\/li><li class=\"shariff-button whatsapp shariff-nocustomcolor\" style=\"background-color:#5cbe4a\"><a href=\"https:\/\/api.whatsapp.com\/send?text=https%3A%2F%2Fwww.gegenwind-wetterau.de%2Fgww983%2Findex.php%2Funterstuetzung%2F%20Unterst%C3%BCtzung\" title=\"Bei Whatsapp teilen\" aria-label=\"Bei Whatsapp teilen\" role=\"button\" rel=\"noopener nofollow\" class=\"shariff-link\" style=\"; background-color:#34af23; color:#fff\" target=\"_blank\"><span class=\"shariff-icon\" style=\"\"><svg width=\"32px\" height=\"20px\" xmlns=\"http:\/\/www.w3.org\/2000\/svg\" viewBox=\"0 0 32 32\"><path fill=\"#34af23\" d=\"M17.6 17.4q0.2 0 1.7 0.8t1.6 0.9q0 0.1 0 0.3 0 0.6-0.3 1.4-0.3 0.7-1.3 1.2t-1.8 0.5q-1 0-3.4-1.1-1.7-0.8-3-2.1t-2.6-3.3q-1.3-1.9-1.3-3.5v-0.1q0.1-1.6 1.3-2.8 0.4-0.4 0.9-0.4 0.1 0 0.3 0t0.3 0q0.3 0 0.5 0.1t0.3 0.5q0.1 0.4 0.6 1.6t0.4 1.3q0 0.4-0.6 1t-0.6 0.8q0 0.1 0.1 0.3 0.6 1.3 1.8 2.4 1 0.9 2.7 1.8 0.2 0.1 0.4 0.1 0.3 0 1-0.9t0.9-0.9zM14 26.9q2.3 0 4.3-0.9t3.6-2.4 2.4-3.6 0.9-4.3-0.9-4.3-2.4-3.6-3.6-2.4-4.3-0.9-4.3 0.9-3.6 2.4-2.4 3.6-0.9 4.3q0 3.6 2.1 6.6l-1.4 4.2 4.3-1.4q2.8 1.9 6.2 1.9zM14 2.2q2.7 0 5.2 1.1t4.3 2.9 2.9 4.3 1.1 5.2-1.1 5.2-2.9 4.3-4.3 2.9-5.2 1.1q-3.5 0-6.5-1.7l-7.4 2.4 2.4-7.2q-1.9-3.2-1.9-6.9 0-2.7 1.1-5.2t2.9-4.3 4.3-2.9 5.2-1.1z\"\/><\/svg><\/span><span class=\"shariff-text\">teilen<\/span>&nbsp;<\/a><\/li><li class=\"shariff-button threema shariff-nocustomcolor shariff-mobile\" style=\"background-color:#4fbc24\"><a href=\"threema:\/\/compose?text=Unterst%C3%BCtzung%20https%3A%2F%2Fwww.gegenwind-wetterau.de%2Fgww983%2Findex.php%2Funterstuetzung%2F\" title=\"Bei Threema teilen\" aria-label=\"Bei Threema teilen\" role=\"button\" rel=\"noopener nofollow\" class=\"shariff-link\" style=\"; background-color:#1f1f1f; color:#fff\" target=\"_blank\"><span class=\"shariff-icon\" style=\"\"><svg width=\"32px\" height=\"20px\" xmlns=\"http:\/\/www.w3.org\/2000\/svg\" viewBox=\"0 0 32 32\"><path fill=\"#1f1f1f\" d=\"M30.8 10.9c-0.3-1.4-0.9-2.6-1.8-3.8-2-2.6-5.5-4.5-9.4-5.2-1.3-0.2-1.9-0.3-3.5-0.3s-2.2 0-3.5 0.3c-4 0.7-7.4 2.6-9.4 5.2-0.9 1.2-1.5 2.4-1.8 3.8-0.1 0.5-0.2 1.2-0.2 1.6 0 0.4 0.1 1.1 0.2 1.6 0.4 1.9 1.3 3.4 2.9 5 0.8 0.8 0.8 0.8 0.7 1.3 0 0.6-0.5 1.6-1.7 3.6-0.3 0.5-0.5 0.9-0.5 0.9 0 0.1 0.1 0.1 0.5 0 0.8-0.2 2.3-0.6 5.6-1.6 1.1-0.3 1.3-0.4 2.3-0.4 0.8 0 1.1 0 2.3 0.2 1.5 0.2 3.5 0.2 4.9 0 5.1-0.6 9.3-2.9 11.4-6.3 0.5-0.9 0.9-1.8 1.1-2.8 0.1-0.5 0.2-1.1 0.2-1.6 0-0.7-0.1-1.1-0.2-1.6-0.3-1.4 0.1 0.5 0 0zM20.6 17.3c0 0.4-0.4 0.8-0.8 0.8h-7.7c-0.4 0-0.8-0.4-0.8-0.8v-4.6c0-0.4 0.4-0.8 0.8-0.8h0.2l0-1.6c0-0.9 0-1.8 0.1-2 0.1-0.6 0.6-1.2 1.1-1.7s1.1-0.7 1.9-0.8c1.8-0.3 3.7 0.7 4.2 2.2 0.1 0.3 0.1 0.7 0.1 2.1v0 1.7h0.1c0.4 0 0.8 0.4 0.8 0.8v4.6zM15.6 7.3c-0.5 0.1-0.8 0.3-1.2 0.6s-0.6 0.8-0.7 1.3c0 0.2 0 0.8 0 1.5l0 1.2h4.6v-1.3c0-1 0-1.4-0.1-1.6-0.3-1.1-1.5-1.9-2.6-1.7zM25.8 28.2c0 1.2-1 2.2-2.1 2.2s-2.1-1-2.1-2.1c0-1.2 1-2.1 2.2-2.1s2.2 1 2.2 2.2zM18.1 28.2c0 1.2-1 2.2-2.1 2.2s-2.1-1-2.1-2.1c0-1.2 1-2.1 2.2-2.1s2.2 1 2.2 2.2zM10.4 28.2c0 1.2-1 2.2-2.1 2.2s-2.1-1-2.1-2.1c0-1.2 1-2.1 2.2-2.1s2.2 1 2.2 2.2z\"\/><\/svg><\/span><span class=\"shariff-text\">teilen<\/span>&nbsp;<\/a><\/li><\/ul><\/div>","protected":false},"excerpt":{"rendered":"<p>durch Spenden Wer unsere Arbeit bei der Aufkl\u00e4rung der Bev\u00f6lkerung zum Thema industrielle Windkraftanlagen gem\u00e4\u00df unseren Zielen unterst\u00fctzen m\u00f6chte, kann dies gern tun. Hierzu einfach den gew\u00fcnschten Betrag auf nachstehendes Konto mit dem Vermerk &#8220;Spende an BI Gegenwind Wetterau&#8221; plus &hellip; <a href=\"https:\/\/www.gegenwind-wetterau.de\/gww983\/index.php\/unterstuetzung\/\">Weiterlesen <span class=\"meta-nav\">&rarr;<\/span><\/a><\/p>\n<div class=\"shariff shariff-align-flex-start shariff-widget-align-flex-start\" data-services=\"facebook\" data-url=\"https%3A%2F%2Fwww.gegenwind-wetterau.de%2Fgww983%2Findex.php%2Funterstuetzung%2F\" data-timestamp=\"1488539864\" data-hidezero=\"1\" data-backendurl=\"https:\/\/www.gegenwind-wetterau.de\/gww983\/wp-json\/shariff\/v1\/share_counts?\"><div class=\"ShariffHeadline\">Diesen Beitrag teilen<\/div><ul class=\"shariff-buttons theme-color orientation-horizontal buttonsize-small\"><li class=\"shariff-button facebook shariff-nocustomcolor\" style=\"background-color:#4273c8\"><a href=\"https:\/\/www.facebook.com\/sharer\/sharer.php?u=https%3A%2F%2Fwww.gegenwind-wetterau.de%2Fgww983%2Findex.php%2Funterstuetzung%2F\" title=\"Bei Facebook teilen\" aria-label=\"Bei Facebook teilen\" role=\"button\" rel=\"nofollow\" class=\"shariff-link\" style=\"; background-color:#3b5998; color:#fff\" target=\"_blank\"><span class=\"shariff-icon\" style=\"\"><svg width=\"32px\" height=\"20px\" xmlns=\"http:\/\/www.w3.org\/2000\/svg\" viewBox=\"0 0 18 32\"><path fill=\"#3b5998\" d=\"M17.1 0.2v4.7h-2.8q-1.5 0-2.1 0.6t-0.5 1.9v3.4h5.2l-0.7 5.3h-4.5v13.6h-5.5v-13.6h-4.5v-5.3h4.5v-3.9q0-3.3 1.9-5.2t5-1.8q2.6 0 4.1 0.2z\"\/><\/svg><\/span><span class=\"shariff-text\">teilen<\/span>&nbsp;<span data-service=\"facebook\" style=\"color:#3b5998\" class=\"shariff-count shariff-hidezero\"><\/span>&nbsp;<\/a><\/li><li class=\"shariff-button whatsapp shariff-nocustomcolor\" style=\"background-color:#5cbe4a\"><a href=\"https:\/\/api.whatsapp.com\/send?text=https%3A%2F%2Fwww.gegenwind-wetterau.de%2Fgww983%2Findex.php%2Funterstuetzung%2F%20Unterst%C3%BCtzung\" title=\"Bei Whatsapp teilen\" aria-label=\"Bei Whatsapp teilen\" role=\"button\" rel=\"noopener nofollow\" class=\"shariff-link\" style=\"; background-color:#34af23; color:#fff\" target=\"_blank\"><span class=\"shariff-icon\" style=\"\"><svg width=\"32px\" height=\"20px\" xmlns=\"http:\/\/www.w3.org\/2000\/svg\" viewBox=\"0 0 32 32\"><path fill=\"#34af23\" d=\"M17.6 17.4q0.2 0 1.7 0.8t1.6 0.9q0 0.1 0 0.3 0 0.6-0.3 1.4-0.3 0.7-1.3 1.2t-1.8 0.5q-1 0-3.4-1.1-1.7-0.8-3-2.1t-2.6-3.3q-1.3-1.9-1.3-3.5v-0.1q0.1-1.6 1.3-2.8 0.4-0.4 0.9-0.4 0.1 0 0.3 0t0.3 0q0.3 0 0.5 0.1t0.3 0.5q0.1 0.4 0.6 1.6t0.4 1.3q0 0.4-0.6 1t-0.6 0.8q0 0.1 0.1 0.3 0.6 1.3 1.8 2.4 1 0.9 2.7 1.8 0.2 0.1 0.4 0.1 0.3 0 1-0.9t0.9-0.9zM14 26.9q2.3 0 4.3-0.9t3.6-2.4 2.4-3.6 0.9-4.3-0.9-4.3-2.4-3.6-3.6-2.4-4.3-0.9-4.3 0.9-3.6 2.4-2.4 3.6-0.9 4.3q0 3.6 2.1 6.6l-1.4 4.2 4.3-1.4q2.8 1.9 6.2 1.9zM14 2.2q2.7 0 5.2 1.1t4.3 2.9 2.9 4.3 1.1 5.2-1.1 5.2-2.9 4.3-4.3 2.9-5.2 1.1q-3.5 0-6.5-1.7l-7.4 2.4 2.4-7.2q-1.9-3.2-1.9-6.9 0-2.7 1.1-5.2t2.9-4.3 4.3-2.9 5.2-1.1z\"\/><\/svg><\/span><span class=\"shariff-text\">teilen<\/span>&nbsp;<\/a><\/li><li class=\"shariff-button threema shariff-nocustomcolor shariff-mobile\" style=\"background-color:#4fbc24\"><a href=\"threema:\/\/compose?text=Unterst%C3%BCtzung%20https%3A%2F%2Fwww.gegenwind-wetterau.de%2Fgww983%2Findex.php%2Funterstuetzung%2F\" title=\"Bei Threema teilen\" aria-label=\"Bei Threema teilen\" role=\"button\" rel=\"noopener nofollow\" class=\"shariff-link\" style=\"; background-color:#1f1f1f; color:#fff\" target=\"_blank\"><span class=\"shariff-icon\" style=\"\"><svg width=\"32px\" height=\"20px\" xmlns=\"http:\/\/www.w3.org\/2000\/svg\" viewBox=\"0 0 32 32\"><path fill=\"#1f1f1f\" d=\"M30.8 10.9c-0.3-1.4-0.9-2.6-1.8-3.8-2-2.6-5.5-4.5-9.4-5.2-1.3-0.2-1.9-0.3-3.5-0.3s-2.2 0-3.5 0.3c-4 0.7-7.4 2.6-9.4 5.2-0.9 1.2-1.5 2.4-1.8 3.8-0.1 0.5-0.2 1.2-0.2 1.6 0 0.4 0.1 1.1 0.2 1.6 0.4 1.9 1.3 3.4 2.9 5 0.8 0.8 0.8 0.8 0.7 1.3 0 0.6-0.5 1.6-1.7 3.6-0.3 0.5-0.5 0.9-0.5 0.9 0 0.1 0.1 0.1 0.5 0 0.8-0.2 2.3-0.6 5.6-1.6 1.1-0.3 1.3-0.4 2.3-0.4 0.8 0 1.1 0 2.3 0.2 1.5 0.2 3.5 0.2 4.9 0 5.1-0.6 9.3-2.9 11.4-6.3 0.5-0.9 0.9-1.8 1.1-2.8 0.1-0.5 0.2-1.1 0.2-1.6 0-0.7-0.1-1.1-0.2-1.6-0.3-1.4 0.1 0.5 0 0zM20.6 17.3c0 0.4-0.4 0.8-0.8 0.8h-7.7c-0.4 0-0.8-0.4-0.8-0.8v-4.6c0-0.4 0.4-0.8 0.8-0.8h0.2l0-1.6c0-0.9 0-1.8 0.1-2 0.1-0.6 0.6-1.2 1.1-1.7s1.1-0.7 1.9-0.8c1.8-0.3 3.7 0.7 4.2 2.2 0.1 0.3 0.1 0.7 0.1 2.1v0 1.7h0.1c0.4 0 0.8 0.4 0.8 0.8v4.6zM15.6 7.3c-0.5 0.1-0.8 0.3-1.2 0.6s-0.6 0.8-0.7 1.3c0 0.2 0 0.8 0 1.5l0 1.2h4.6v-1.3c0-1 0-1.4-0.1-1.6-0.3-1.1-1.5-1.9-2.6-1.7zM25.8 28.2c0 1.2-1 2.2-2.1 2.2s-2.1-1-2.1-2.1c0-1.2 1-2.1 2.2-2.1s2.2 1 2.2 2.2zM18.1 28.2c0 1.2-1 2.2-2.1 2.2s-2.1-1-2.1-2.1c0-1.2 1-2.1 2.2-2.1s2.2 1 2.2 2.2zM10.4 28.2c0 1.2-1 2.2-2.1 2.2s-2.1-1-2.1-2.1c0-1.2 1-2.1 2.2-2.1s2.2 1 2.2 2.2z\"\/><\/svg><\/span><span class=\"shariff-text\">teilen<\/span>&nbsp;<\/a><\/li><\/ul><\/div>","protected":false},"author":2,"featured_media":0,"parent":0,"menu_order":90,"comment_status":"closed","ping_status":"closed","template":"","meta":{"footnotes":""},"class_list":["post-103","page","type-page","status-publish","hentry"],"_links":{"self":[{"href":"https:\/\/www.gegenwind-wetterau.de\/gww983\/index.php\/wp-json\/wp\/v2\/pages\/103","targetHints":{"allow":["GET"]}}],"collection":[{"href":"https:\/\/www.gegenwind-wetterau.de\/gww983\/index.php\/wp-json\/wp\/v2\/pages"}],"about":[{"href":"https:\/\/www.gegenwind-wetterau.de\/gww983\/index.php\/wp-json\/wp\/v2\/types\/page"}],"author":[{"embeddable":true,"href":"https:\/\/www.gegenwind-wetterau.de\/gww983\/index.php\/wp-json\/wp\/v2\/users\/2"}],"replies":[{"embeddable":true,"href":"https:\/\/www.gegenwind-wetterau.de\/gww983\/index.php\/wp-json\/wp\/v2\/comments?post=103"}],"version-history":[{"count":19,"href":"https:\/\/www.gegenwind-wetterau.de\/gww983\/index.php\/wp-json\/wp\/v2\/pages\/103\/revisions"}],"predecessor-version":[{"id":3087,"href":"https:\/\/www.gegenwind-wetterau.de\/gww983\/index.php\/wp-json\/wp\/v2\/pages\/103\/revisions\/3087"}],"wp:attachment":[{"href":"https:\/\/www.gegenwind-wetterau.de\/gww983\/index.php\/wp-json\/wp\/v2\/media?parent=103"}],"curies":[{"name":"wp","href":"https:\/\/api.w.org\/{rel}","templated":true}]}}